{"id":4511,"date":"2025-07-09T10:15:47","date_gmt":"2025-07-09T02:15:47","guid":{"rendered":"https:\/\/rmvapebang.com\/?post_type=product&#038;p=4511"},"modified":"2025-09-03T11:36:00","modified_gmt":"2025-09-03T03:36:00","slug":"best-deal-factory-rate-guaranteed-on-bood-lumo-60k-puffs","status":"publish","type":"product","link":"https:\/\/rmvapebang.com\/da\/product\/best-deal-factory-rate-guaranteed-on-bood-lumo-60k-puffs\/","title":{"rendered":"Bedste Tilbud Fabrikspris Garanteret p\u00e5 BOOD LUMO 60k Pust"},"content":{"rendered":"<h2 style=\"text-align: left\">Bedste Tilbud Fabrikspris Garanteret p\u00e5 BOOD LUMO 60k Pust<\/h2>\n<p>Bedste tilbud fabrikspris garanteret p\u00e5 <a href=\"https:\/\/rmvapebang.com\/da\/product-category\/bood-vapes\/\">BOOD<\/a> LUMO 60k Puffs kombinerer minimalistisk elegance med avanceret ydeevne.<\/p>\n<p>BOOD LUMO 60k designet til h\u00f8jvolumen vaping, og indeholder 18 ml e-v\u00e6ske, BOOD LUMO 60k vape har et 550mAh batteri og op til 60.000 pust, alt sammen inden for en stilfuld kasseformet ramme. Desuden, vape af bood<a href=\"https:\/\/rmvapebang.com\/da\/product-category\/vape-60000-puffs\/\"> engangs 60000 pust vape<\/a> har smart display-sk\u00e6rm holder brugerne informeret om batteri- og e-v\u00e6skeniveauer, hvilket forbedrer b\u00e5de kontrol og selvtillid.<\/p>\n<p>Tilg\u00e6ngelig i 10 smagfulde muligheder og nikotinniveauer p\u00e5 21% og 5%, 60k om BOOD LUMO vape opfylder forskellige kundebehov p\u00e5 det europ\u00e6iske engrosmarked. BOOD LUMO er slank, effektiv og designet til massehandelssucces\u2014is\u00e6r til dens uovertrufne fabrikspris.<\/p>\n<p><img loading=\"lazy\" decoding=\"async\" class=\"alignnone wp-image-4501 size-full\" src=\"http:\/\/rmvapebang.com\/wp-content\/uploads\/2025\/07\/BOOD-DISPOSABLE-VAPE-60000-puffs-Top-sala.webp\" alt=\"BOOD ENGANGSVAPE 60000 pust Top salg\" width=\"800\" height=\"800\" srcset=\"https:\/\/rmvapebang.com\/wp-content\/uploads\/2025\/07\/BOOD-DISPOSABLE-VAPE-60000-puffs-Top-sala.webp 800w, https:\/\/rmvapebang.com\/wp-content\/uploads\/2025\/07\/BOOD-DISPOSABLE-VAPE-60000-puffs-Top-sala-300x300.webp 300w, https:\/\/rmvapebang.com\/wp-content\/uploads\/2025\/07\/BOOD-DISPOSABLE-VAPE-60000-puffs-Top-sala-150x150.webp 150w, https:\/\/rmvapebang.com\/wp-content\/uploads\/2025\/07\/BOOD-DISPOSABLE-VAPE-60000-puffs-Top-sala-768x768.webp 768w, https:\/\/rmvapebang.com\/wp-content\/uploads\/2025\/07\/BOOD-DISPOSABLE-VAPE-60000-puffs-Top-sala-600x600.webp 600w, https:\/\/rmvapebang.com\/wp-content\/uploads\/2025\/07\/BOOD-DISPOSABLE-VAPE-60000-puffs-Top-sala-100x100.webp 100w\" sizes=\"auto, (max-width: 800px) 100vw, 800px\" \/><\/p>\n<h3><strong>Smagsvarianter af BOOD lumo 60000 vape?<\/strong><\/h3>\n<p>1.vandmelon is<br \/>\n2.Jordb\u00e6r Vandmelon Is<br \/>\n3.Bl\u00e5 Raz Is<br \/>\n4. Drue is<br \/>\n5.Citron Lime<br \/>\n6.Triple melon<br \/>\n7.Bl\u00e5b\u00e6r Hindb\u00e6r<br \/>\n8.Kiwi passionsfrugt guava<br \/>\n9. Jordb\u00e6r is<br \/>\n10.Fersken B\u00e6r<\/p>\n<h2>Specifikationer for <strong>Bood vape 60k <\/strong>Pust:<\/h2>\n<p>\u2013 <span style=\"color: #ff0000\"><em><strong>60k<\/strong><\/em><\/span> Pust<br \/>\n\u2013 <span style=\"color: #ff0000\"><em><strong>10<\/strong> <\/em><\/span>Smagsvarianter<br \/>\n\u2013 <span style=\"color: #ff0000\"><strong><em>2%\/5%<\/em><\/strong><\/span> Nikotinstyrke<br \/>\n\u2013 <span style=\"color: #ff0000\"><strong><em>18mL<\/em><\/strong><\/span> E-v\u00e6ske Kapacitet<br \/>\n\u2013 Batterikapacitet <span style=\"color: #ff0000\"><em><strong>550 mAh<\/strong><\/em><\/span><\/p>\n<h3>FAQ:<\/h3>\n<p><strong>Q: Hvad er MOQ for bood engangs 60k genopladelig Vape?<\/strong><\/p>\n<p>A: BOOD LUMO vape 60000 pust minimumsordre er 50 stk.<\/p>\n<p><strong>Sp: Hvad er leveringstiden for den genopladelige Vape, jeg har bestilt?<\/strong><\/p>\n<p>Sv: Typisk er leveringstiden for den genopladelige Vape 10-15 dage efter afsendelse.<\/p>\n<p><strong>Q: Er vaping bedre end rygning?<\/strong><\/p>\n<p>A: Vaping er mindre skadeligt end rygning, men ikke risikofrit. Det reducerer tj\u00e6reeksponering, men indeholder stadig nikotin. Men det betyder ikke noget, vi har ogs\u00e5 0% nikotin vape.<\/p>\n<p><strong>Q: Hvordan f\u00e5r man bood lumo 60k vape til at holde l\u00e6ngst?<\/strong><\/p>\n<p>A: Pustestyrke p\u00e5virker brugstiden. Intensiv brug opbruger den hurtigere - der er ingen m\u00e5de at forl\u00e6nge levetiden ud over normal brug.<\/p>\n<p><strong>Kontakt Lyn for flere produktvideoer!<\/strong><\/p>\n<p><a href=\"https:\/\/wa.me\/8617840853976\"><span style=\"color: #ff6600\"><strong><em>Whatsapp:+86 17840853976<\/em><\/strong><\/span><\/a><\/p>\n<p><img loading=\"lazy\" decoding=\"async\" class=\"alignnone size-medium wp-image-1905\" src=\"http:\/\/rmvapebang.com\/wp-content\/uploads\/2024\/03\/whatsapp-vape-2-202x300.jpg\" alt=\"\" width=\"202\" height=\"300\" \/><\/p>\n<p>Find flere produkter, du m\u00e5ske kan lide:<a href=\"https:\/\/rmvapebang.com\/da\/shop-page\/\"><strong><em>K\u00f8b nu<\/em><\/strong><\/a><\/p>\n<p>Andre puff du m\u00e5ske kan lide:<a href=\"https:\/\/rmvapebang.com\/da\/product\/bang-box-35k-bulk-price-factory-sale-dual-screen-vape\/\">Bangbox 30000 dual sk\u00e6rm vape<\/a>\/<a href=\"https:\/\/rmvapebang.com\/da\/product\/bang-box-50k-double-flavors-limited-bulk-today-bangbox-80k-with-smart-power-hit\/\">Bang box 80k pust<\/a>\/<a href=\"https:\/\/rmvapebang.com\/da\/product\/okso-crystal-bar-800-puffs-vape-wholesale-price-hot-pick-for-retailers\/\">okso krystal 800 pust<\/a>\/<a href=\"https:\/\/rmvapebang.com\/da\/product\/hot-sale-now-bood-hybrid-12000-with-premium-flavor\/\">bood hybrid 12k vape<\/a><\/p>","protected":false},"excerpt":{"rendered":"<p>Smart display, kasseformet design og 60k pustestyrke\u2014BOOD LUMO er din foretrukne vape til fabrikspris for massemarkedsp\u00e5virkning.<\/p>\n<p><a href=\"https:\/\/wa.me\/8617840853976\"><strong><em>Whatsapp:+86 17840853976<\/em><\/strong><\/a><\/p>\n<p>Scan p\u00e5 whatsapp for Ny Kunde kupon<\/p>\n<p><img loading=\"lazy\" decoding=\"async\" class=\"alignnone size-medium wp-image-1905\" src=\"http:\/\/rmvapebang.com\/wp-content\/uploads\/2024\/03\/whatsapp-vape-2-202x300.jpg\" alt=\"\" width=\"202\" height=\"300\" \/><\/p>\n<p><span style=\"color: #ff0000\"><em><strong>BEM\u00c6RK<\/strong>: Priserne p\u00e5 hjemmesiden inkluderer ikke forsendelsesgebyr. Send venligst dit postnummer og adresse, s\u00e5 vi kan tjekke forsendelsesomkostningerne for dig.<\/em><\/span><\/p>","protected":false},"featured_media":4496,"comment_status":"open","ping_status":"closed","template":"","meta":{"_uag_custom_page_level_css":"","_lmt_disableupdate":"no","_lmt_disable":"","site-sidebar-layout":"no-sidebar","site-content-layout":"boxed-container","ast-site-content-layout":"normal-width-container","site-content-style":"boxed","site-sidebar-style":"boxed","ast-global-header-display":"","ast-banner-title-visibility":"","ast-main-header-display":"","ast-hfb-above-header-display":"","ast-hfb-below-header-display":"","ast-hfb-mobile-header-display":"","site-post-title":"","ast-breadcrumbs-content":"","ast-featured-img":"","footer-sml-layout":"","theme-transparent-header-meta":"default","adv-header-id-meta":"","stick-header-meta":"","header-above-stick-meta":"","header-main-stick-meta":"","header-below-stick-meta":"","astra-migrate-meta-layouts":"set","ast-page-background-enabled":"default","ast-page-background-meta":{"desktop":{"background-color":"","background-image":"","background-repeat":"repeat","background-position":"center center","background-size":"auto","background-attachment":"scroll","background-type":"","background-media":"","overlay-type":"","overlay-color":"","overlay-gradient":""},"tablet":{"background-color":"","background-image":"","background-repeat":"repeat","background-position":"center center","background-size":"auto","background-attachment":"scroll","background-type":"","background-media":"","overlay-type":"","overlay-color":"","overlay-gradient":""},"mobile":{"background-color":"","background-image":"","background-repeat":"repeat","background-position":"center center","background-size":"auto","background-attachment":"scroll","background-type":"","background-media":"","overlay-type":"","overlay-color":"","overlay-gradient":""}},"ast-content-background-meta":{"desktop":{"background-color":"var(--ast-global-color-5)","background-image":"","background-repeat":"repeat","background-position":"center center","background-size":"auto","background-attachment":"scroll","background-type":"","background-media":"","overlay-type":"","overlay-color":"","overlay-gradient":""},"tablet":{"background-color":"var(--ast-global-color-5)","background-image":"","background-repeat":"repeat","background-position":"center center","background-size":"auto","background-attachment":"scroll","background-type":"","background-media":"","overlay-type":"","overlay-color":"","overlay-gradient":""},"mobile":{"background-color":"var(--ast-global-color-5)","background-image":"","background-repeat":"repeat","background-position":"center center","background-size":"auto","background-attachment":"scroll","background-type":"","background-media":"","overlay-type":"","overlay-color":"","overlay-gradient":""}},"_joinchat":[]},"product_brand":[],"product_cat":[148,130,39,41,42,40,179,43],"product_tag":[178,183,50,61,58,53,52],"class_list":{"0":"post-4511","1":"product","2":"type-product","3":"status-publish","4":"has-post-thumbnail","6":"product_cat-bood-vapes","7":"product_cat-digital-vapes-in-discount-price","8":"product_cat-france-wholesale-vape","9":"product_cat-netherlands-wholesale-vape","10":"product_cat-spain-wholesale-vape","11":"product_cat-germany-wholesale-vape","12":"product_cat-vape-60000-puffs","13":"product_cat-vape-shop","14":"product_tag-60000-puffs","15":"product_tag-60k-puffs","16":"product_tag-bulk-price-vape-shop","17":"product_tag-good-sales-vape","18":"product_tag-moq-50pcs","19":"product_tag-rechargeable-vape","20":"product_tag-vape-wholesasle-price","21":"desktop-align-left","22":"tablet-align-left","23":"mobile-align-left","25":"first","26":"instock","27":"sale","28":"shipping-taxable","29":"purchasable","30":"product-type-simple"},"yoast_head":"<!-- This site is optimized with the Yoast SEO plugin v23.0 - https:\/\/yoast.com\/wordpress\/plugins\/seo\/ -->\n<title>Best Deal Factory Rate Guaranteed on BOOD LUMO 60k Puffs - rmvapebang.com<\/title>\n<meta name=\"description\" content=\"BOOD LUMO 60k puffs vape with 18ml juice, box design, smart display, and factory-direct pricing. Perfect bulk deal for wholesalers.\" \/>\n<meta name=\"robots\" content=\"index, follow, max-snippet:-1, max-image-preview:large, max-video-preview:-1\" \/>\n<link rel=\"canonical\" href=\"https:\/\/rmvapebang.com\/da\/product\/best-deal-factory-rate-guaranteed-on-bood-lumo-60k-puffs\/\" \/>\n<meta property=\"og:locale\" content=\"da_DK\" \/>\n<meta property=\"og:type\" content=\"article\" \/>\n<meta property=\"og:title\" content=\"Best Deal Factory Rate Guaranteed on BOOD LUMO 60k Puffs - rmvapebang.com\" \/>\n<meta property=\"og:description\" content=\"BOOD LUMO 60k puffs vape with 18ml juice, box design, smart display, and factory-direct pricing. Perfect bulk deal for wholesalers.\" \/>\n<meta property=\"og:url\" content=\"https:\/\/rmvapebang.com\/da\/product\/best-deal-factory-rate-guaranteed-on-bood-lumo-60k-puffs\/\" \/>\n<meta property=\"og:site_name\" content=\"rmvapebang.com\" \/>\n<meta property=\"article:modified_time\" content=\"2025-09-03T03:36:00+00:00\" \/>\n<meta property=\"og:image\" content=\"https:\/\/rmvapebang.com\/wp-content\/uploads\/2025\/07\/BOOD-DISPOSABLE-VAPE-puffs-60k-Wholesale-price.webp\" \/>\n\t<meta property=\"og:image:width\" content=\"800\" \/>\n\t<meta property=\"og:image:height\" content=\"800\" \/>\n\t<meta property=\"og:image:type\" content=\"image\/webp\" \/>\n<meta name=\"twitter:card\" content=\"summary_large_image\" \/>\n<meta name=\"twitter:label1\" content=\"Estimeret l\u00e6setid\" \/>\n\t<meta name=\"twitter:data1\" content=\"3 minutter\" \/>\n<script type=\"application\/ld+json\" class=\"yoast-schema-graph\">{\"@context\":\"https:\/\/schema.org\",\"@graph\":[{\"@type\":\"WebPage\",\"@id\":\"https:\/\/rmvapebang.com\/product\/best-deal-factory-rate-guaranteed-on-bood-lumo-60k-puffs\/\",\"url\":\"https:\/\/rmvapebang.com\/product\/best-deal-factory-rate-guaranteed-on-bood-lumo-60k-puffs\/\",\"name\":\"Best Deal Factory Rate Guaranteed on BOOD LUMO 60k Puffs - rmvapebang.com\",\"isPartOf\":{\"@id\":\"https:\/\/rmvapebang.com\/#website\"},\"primaryImageOfPage\":{\"@id\":\"https:\/\/rmvapebang.com\/product\/best-deal-factory-rate-guaranteed-on-bood-lumo-60k-puffs\/#primaryimage\"},\"image\":{\"@id\":\"https:\/\/rmvapebang.com\/product\/best-deal-factory-rate-guaranteed-on-bood-lumo-60k-puffs\/#primaryimage\"},\"thumbnailUrl\":\"https:\/\/rmvapebang.com\/wp-content\/uploads\/2025\/07\/BOOD-DISPOSABLE-VAPE-puffs-60k-Wholesale-price.webp\",\"datePublished\":\"2025-07-09T02:15:47+00:00\",\"dateModified\":\"2025-09-03T03:36:00+00:00\",\"description\":\"BOOD LUMO 60k puffs vape with 18ml juice, box design, smart display, and factory-direct pricing. Perfect bulk deal for wholesalers.\",\"breadcrumb\":{\"@id\":\"https:\/\/rmvapebang.com\/product\/best-deal-factory-rate-guaranteed-on-bood-lumo-60k-puffs\/#breadcrumb\"},\"inLanguage\":\"da-DK\",\"potentialAction\":[{\"@type\":\"ReadAction\",\"target\":[\"https:\/\/rmvapebang.com\/product\/best-deal-factory-rate-guaranteed-on-bood-lumo-60k-puffs\/\"]}]},{\"@type\":\"ImageObject\",\"inLanguage\":\"da-DK\",\"@id\":\"https:\/\/rmvapebang.com\/product\/best-deal-factory-rate-guaranteed-on-bood-lumo-60k-puffs\/#primaryimage\",\"url\":\"https:\/\/rmvapebang.com\/wp-content\/uploads\/2025\/07\/BOOD-DISPOSABLE-VAPE-puffs-60k-Wholesale-price.webp\",\"contentUrl\":\"https:\/\/rmvapebang.com\/wp-content\/uploads\/2025\/07\/BOOD-DISPOSABLE-VAPE-puffs-60k-Wholesale-price.webp\",\"width\":800,\"height\":800,\"caption\":\"BOOD DISPOSABLE VAPE puffs 60k Wholesale price\"},{\"@type\":\"BreadcrumbList\",\"@id\":\"https:\/\/rmvapebang.com\/product\/best-deal-factory-rate-guaranteed-on-bood-lumo-60k-puffs\/#breadcrumb\",\"itemListElement\":[{\"@type\":\"ListItem\",\"position\":1,\"name\":\"Home\",\"item\":\"https:\/\/rmvapebang.com\/\"},{\"@type\":\"ListItem\",\"position\":2,\"name\":\"Hot Vape Shop\",\"item\":\"https:\/\/rmvapebang.com\/shop-page\/\"},{\"@type\":\"ListItem\",\"position\":3,\"name\":\"Best Deal Factory Rate Guaranteed on BOOD LUMO 60k Puffs\"}]},{\"@type\":\"WebSite\",\"@id\":\"https:\/\/rmvapebang.com\/#website\",\"url\":\"https:\/\/rmvapebang.com\/\",\"name\":\"rmvapebang.com\",\"description\":\"buy vape cheap\",\"publisher\":{\"@id\":\"https:\/\/rmvapebang.com\/#organization\"},\"potentialAction\":[{\"@type\":\"SearchAction\",\"target\":{\"@type\":\"EntryPoint\",\"urlTemplate\":\"https:\/\/rmvapebang.com\/?s={search_term_string}\"},\"query-input\":\"required name=search_term_string\"}],\"inLanguage\":\"da-DK\"},{\"@type\":\"Organization\",\"@id\":\"https:\/\/rmvapebang.com\/#organization\",\"name\":\"rmvapebang.com\",\"url\":\"https:\/\/rmvapebang.com\/\",\"logo\":{\"@type\":\"ImageObject\",\"inLanguage\":\"da-DK\",\"@id\":\"https:\/\/rmvapebang.com\/#\/schema\/logo\/image\/\",\"url\":\"https:\/\/rmvapebang.com\/wp-content\/uploads\/2024\/03\/cropped-RVBlogo.png\",\"contentUrl\":\"https:\/\/rmvapebang.com\/wp-content\/uploads\/2024\/03\/cropped-RVBlogo.png\",\"width\":507,\"height\":169,\"caption\":\"rmvapebang.com\"},\"image\":{\"@id\":\"https:\/\/rmvapebang.com\/#\/schema\/logo\/image\/\"}}]}<\/script>\n<!-- \/ Yoast SEO plugin. -->","yoast_head_json":{"title":"Best Deal Factory Rate Guaranteed on BOOD LUMO 60k Puffs - rmvapebang.com","description":"BOOD LUMO 60k puffs vape with 18ml juice, box design, smart display, and factory-direct pricing. Perfect bulk deal for wholesalers.","robots":{"index":"index","follow":"follow","max-snippet":"max-snippet:-1","max-image-preview":"max-image-preview:large","max-video-preview":"max-video-preview:-1"},"canonical":"https:\/\/rmvapebang.com\/da\/product\/best-deal-factory-rate-guaranteed-on-bood-lumo-60k-puffs\/","og_locale":"da_DK","og_type":"article","og_title":"Best Deal Factory Rate Guaranteed on BOOD LUMO 60k Puffs - rmvapebang.com","og_description":"BOOD LUMO 60k puffs vape with 18ml juice, box design, smart display, and factory-direct pricing. Perfect bulk deal for wholesalers.","og_url":"https:\/\/rmvapebang.com\/da\/product\/best-deal-factory-rate-guaranteed-on-bood-lumo-60k-puffs\/","og_site_name":"rmvapebang.com","article_modified_time":"2025-09-03T03:36:00+00:00","og_image":[{"width":800,"height":800,"url":"https:\/\/rmvapebang.com\/wp-content\/uploads\/2025\/07\/BOOD-DISPOSABLE-VAPE-puffs-60k-Wholesale-price.webp","type":"image\/webp"}],"twitter_card":"summary_large_image","twitter_misc":{"Estimeret l\u00e6setid":"3 minutter"},"schema":{"@context":"https:\/\/schema.org","@graph":[{"@type":"WebPage","@id":"https:\/\/rmvapebang.com\/product\/best-deal-factory-rate-guaranteed-on-bood-lumo-60k-puffs\/","url":"https:\/\/rmvapebang.com\/product\/best-deal-factory-rate-guaranteed-on-bood-lumo-60k-puffs\/","name":"Best Deal Factory Rate Guaranteed on BOOD LUMO 60k Puffs - rmvapebang.com","isPartOf":{"@id":"https:\/\/rmvapebang.com\/#website"},"primaryImageOfPage":{"@id":"https:\/\/rmvapebang.com\/product\/best-deal-factory-rate-guaranteed-on-bood-lumo-60k-puffs\/#primaryimage"},"image":{"@id":"https:\/\/rmvapebang.com\/product\/best-deal-factory-rate-guaranteed-on-bood-lumo-60k-puffs\/#primaryimage"},"thumbnailUrl":"https:\/\/rmvapebang.com\/wp-content\/uploads\/2025\/07\/BOOD-DISPOSABLE-VAPE-puffs-60k-Wholesale-price.webp","datePublished":"2025-07-09T02:15:47+00:00","dateModified":"2025-09-03T03:36:00+00:00","description":"BOOD LUMO 60k puffs vape with 18ml juice, box design, smart display, and factory-direct pricing. Perfect bulk deal for wholesalers.","breadcrumb":{"@id":"https:\/\/rmvapebang.com\/product\/best-deal-factory-rate-guaranteed-on-bood-lumo-60k-puffs\/#breadcrumb"},"inLanguage":"da-DK","potentialAction":[{"@type":"ReadAction","target":["https:\/\/rmvapebang.com\/product\/best-deal-factory-rate-guaranteed-on-bood-lumo-60k-puffs\/"]}]},{"@type":"ImageObject","inLanguage":"da-DK","@id":"https:\/\/rmvapebang.com\/product\/best-deal-factory-rate-guaranteed-on-bood-lumo-60k-puffs\/#primaryimage","url":"https:\/\/rmvapebang.com\/wp-content\/uploads\/2025\/07\/BOOD-DISPOSABLE-VAPE-puffs-60k-Wholesale-price.webp","contentUrl":"https:\/\/rmvapebang.com\/wp-content\/uploads\/2025\/07\/BOOD-DISPOSABLE-VAPE-puffs-60k-Wholesale-price.webp","width":800,"height":800,"caption":"BOOD DISPOSABLE VAPE puffs 60k Wholesale price"},{"@type":"BreadcrumbList","@id":"https:\/\/rmvapebang.com\/product\/best-deal-factory-rate-guaranteed-on-bood-lumo-60k-puffs\/#breadcrumb","itemListElement":[{"@type":"ListItem","position":1,"name":"Home","item":"https:\/\/rmvapebang.com\/"},{"@type":"ListItem","position":2,"name":"Hot Vape Shop","item":"https:\/\/rmvapebang.com\/shop-page\/"},{"@type":"ListItem","position":3,"name":"Best Deal Factory Rate Guaranteed on BOOD LUMO 60k Puffs"}]},{"@type":"WebSite","@id":"https:\/\/rmvapebang.com\/#website","url":"https:\/\/rmvapebang.com\/","name":"rmvapebang.com","description":"buy vape cheap","publisher":{"@id":"https:\/\/rmvapebang.com\/#organization"},"potentialAction":[{"@type":"SearchAction","target":{"@type":"EntryPoint","urlTemplate":"https:\/\/rmvapebang.com\/?s={search_term_string}"},"query-input":"required name=search_term_string"}],"inLanguage":"da-DK"},{"@type":"Organization","@id":"https:\/\/rmvapebang.com\/#organization","name":"rmvapebang.com","url":"https:\/\/rmvapebang.com\/","logo":{"@type":"ImageObject","inLanguage":"da-DK","@id":"https:\/\/rmvapebang.com\/#\/schema\/logo\/image\/","url":"https:\/\/rmvapebang.com\/wp-content\/uploads\/2024\/03\/cropped-RVBlogo.png","contentUrl":"https:\/\/rmvapebang.com\/wp-content\/uploads\/2024\/03\/cropped-RVBlogo.png","width":507,"height":169,"caption":"rmvapebang.com"},"image":{"@id":"https:\/\/rmvapebang.com\/#\/schema\/logo\/image\/"}}]}},"uagb_featured_image_src":{"full":["https:\/\/rmvapebang.com\/wp-content\/uploads\/2025\/07\/BOOD-DISPOSABLE-VAPE-puffs-60k-Wholesale-price.webp",800,800,false],"thumbnail":["https:\/\/rmvapebang.com\/wp-content\/uploads\/2025\/07\/BOOD-DISPOSABLE-VAPE-puffs-60k-Wholesale-price-150x150.webp",150,150,true],"medium":["https:\/\/rmvapebang.com\/wp-content\/uploads\/2025\/07\/BOOD-DISPOSABLE-VAPE-puffs-60k-Wholesale-price-300x300.webp",300,300,true],"medium_large":["https:\/\/rmvapebang.com\/wp-content\/uploads\/2025\/07\/BOOD-DISPOSABLE-VAPE-puffs-60k-Wholesale-price-768x768.webp",768,768,true],"large":["https:\/\/rmvapebang.com\/wp-content\/uploads\/2025\/07\/BOOD-DISPOSABLE-VAPE-puffs-60k-Wholesale-price.webp",800,800,false],"1536x1536":["https:\/\/rmvapebang.com\/wp-content\/uploads\/2025\/07\/BOOD-DISPOSABLE-VAPE-puffs-60k-Wholesale-price.webp",800,800,false],"2048x2048":["https:\/\/rmvapebang.com\/wp-content\/uploads\/2025\/07\/BOOD-DISPOSABLE-VAPE-puffs-60k-Wholesale-price.webp",800,800,false],"trp-custom-language-flag":["https:\/\/rmvapebang.com\/wp-content\/uploads\/2025\/07\/BOOD-DISPOSABLE-VAPE-puffs-60k-Wholesale-price.webp",12,12,false],"woocommerce_thumbnail":["https:\/\/rmvapebang.com\/wp-content\/uploads\/2025\/07\/BOOD-DISPOSABLE-VAPE-puffs-60k-Wholesale-price-300x300.webp",300,300,true],"woocommerce_single":["https:\/\/rmvapebang.com\/wp-content\/uploads\/2025\/07\/BOOD-DISPOSABLE-VAPE-puffs-60k-Wholesale-price-600x600.webp",600,600,true],"woocommerce_gallery_thumbnail":["https:\/\/rmvapebang.com\/wp-content\/uploads\/2025\/07\/BOOD-DISPOSABLE-VAPE-puffs-60k-Wholesale-price-100x100.webp",100,100,true],"wcpr-photo-reviews":["https:\/\/rmvapebang.com\/wp-content\/uploads\/2025\/07\/BOOD-DISPOSABLE-VAPE-puffs-60k-Wholesale-price.webp",500,500,false]},"uagb_author_info":{"display_name":"Lyn","author_link":"https:\/\/rmvapebang.com\/da\/author\/"},"uagb_comment_info":0,"uagb_excerpt":"Smart display, box-style design, and 60k puff strength\u2014BOOD LUMO is your go-to factory-rate vape for mass market impact. Whatsapp:+86 17840853976 Scan on whatsapp for New Client coupon NOTE: Prices on the website don\u2019t include shipping fee. Please send your zip code and address that we can check shipping costs for you.","_links":{"self":[{"href":"https:\/\/rmvapebang.com\/da\/wp-json\/wp\/v2\/product\/4511","targetHints":{"allow":["GET"]}}],"collection":[{"href":"https:\/\/rmvapebang.com\/da\/wp-json\/wp\/v2\/product"}],"about":[{"href":"https:\/\/rmvapebang.com\/da\/wp-json\/wp\/v2\/types\/product"}],"replies":[{"embeddable":true,"href":"https:\/\/rmvapebang.com\/da\/wp-json\/wp\/v2\/comments?post=4511"}],"wp:featuredmedia":[{"embeddable":true,"href":"https:\/\/rmvapebang.com\/da\/wp-json\/wp\/v2\/media\/4496"}],"wp:attachment":[{"href":"https:\/\/rmvapebang.com\/da\/wp-json\/wp\/v2\/media?parent=4511"}],"wp:term":[{"taxonomy":"product_brand","embeddable":true,"href":"https:\/\/rmvapebang.com\/da\/wp-json\/wp\/v2\/product_brand?post=4511"},{"taxonomy":"product_cat","embeddable":true,"href":"https:\/\/rmvapebang.com\/da\/wp-json\/wp\/v2\/product_cat?post=4511"},{"taxonomy":"product_tag","embeddable":true,"href":"https:\/\/rmvapebang.com\/da\/wp-json\/wp\/v2\/product_tag?post=4511"}],"curies":[{"name":"wp","href":"https:\/\/api.w.org\/{rel}","templated":true}]}}