{"id":3637,"date":"2025-02-15T13:35:44","date_gmt":"2025-02-15T05:35:44","guid":{"rendered":"https:\/\/rmvapebang.com\/?post_type=product&#038;p=3637"},"modified":"2025-09-03T17:08:33","modified_gmt":"2025-09-03T09:08:33","slug":"jnr-alien-10000-puffs-low-price-hot-sale-rgb-vape","status":"publish","type":"product","link":"https:\/\/rmvapebang.com\/da\/product\/jnr-alien-10000-puffs-low-price-hot-sale-rgb-vape\/","title":{"rendered":"JNR Alien 10000 Pust Lav Pris Hot Salg RGB Vape"},"content":{"rendered":"<h2>JNR Alien 10000 Pust Lav Pris Hot Salg RGB Vape<\/h2>\n<p>JNR Alien 10000 Puffs lavpris hot sale RGB Vape er her for at elektrificere din dampoplevelse med sit dristige design, banebrydende funktioner og uovertruffen overkommelighed.<\/p>\n<p>Alien 10k Puffs fra JNR RGB Vape er designet til dampere, der t\u00f8rster efter stil og substans, og kombinerer en massiv 20 ml e-v\u00e6ske kapacitet, med 800mAh batteri, der sikrer langvarig ydeevne i op til 10.000 j\u00e6vne, tilfredsstillende sug. V\u00e6lg mellem utrolige 44 smagsvarianter, der passer til enhver smag.<\/p>\n<p>10000 sug af <a href=\"https:\/\/rmvapebang.com\/da\/product-category\/bulk-sale-jnr-vapes-europe\/\"><strong>JNR vape<\/strong><\/a> har 2% og 5% nikotin, jnr engangs 10k vape henvender sig til b\u00e5de afslappede brugere og dem, der s\u00f8ger et st\u00e6rkere hit. Men det, der virkelig adskiller JNR Alien, er det livlige RGB-lyssystem, <strong><a href=\"https:\/\/rmvapebang.com\/da\/product-category\/vape-10000-puffs\/\">vape af JNR 10000 sug engangs<\/a><\/strong> enheden pulserer med hvert sug, hvilket tilf\u00f8jer et futuristisk flair til dine dampningssessioner.<\/p>\n<p>Engangsvape af jnr 10k sug perfekt til fester, senaftens sessioner eller hverdagsbrug, RGB 10K af JNR vape er let, b\u00e6rbar og sp\u00e6kket med premium funktioner. G\u00e5 ikke glip af lavpris hot sale - f\u00e5 din i dag og deltag i RGB vaping-revolutionen!<\/p>\n<p><img loading=\"lazy\" decoding=\"async\" class=\"alignnone wp-image-3630 size-full\" src=\"http:\/\/rmvapebang.com\/wp-content\/uploads\/2025\/02\/JNR-ALIEN-VAPE-10000-PUFFS-GOOD-PRICE.webp\" alt=\"JNR ALIEN VAPE 10000 PUST GOD PRIS\" width=\"800\" height=\"451\" srcset=\"https:\/\/rmvapebang.com\/wp-content\/uploads\/2025\/02\/JNR-ALIEN-VAPE-10000-PUFFS-GOOD-PRICE.webp 800w, https:\/\/rmvapebang.com\/wp-content\/uploads\/2025\/02\/JNR-ALIEN-VAPE-10000-PUFFS-GOOD-PRICE-300x169.webp 300w, https:\/\/rmvapebang.com\/wp-content\/uploads\/2025\/02\/JNR-ALIEN-VAPE-10000-PUFFS-GOOD-PRICE-768x433.webp 768w, https:\/\/rmvapebang.com\/wp-content\/uploads\/2025\/02\/JNR-ALIEN-VAPE-10000-PUFFS-GOOD-PRICE-600x338.webp 600w\" sizes=\"auto, (max-width: 800px) 100vw, 800px\" \/><\/p>\n<h3><strong>Smagsvarianter til JNR Alien 10000 vape?<\/strong><\/h3>\n<p>1. Sort Drageon Is<br \/>\n2. Bl\u00e5 Razz Kirseb\u00e6r<br \/>\n3. Bl\u00e5 Razz Is<br \/>\n4. Bl\u00e5b\u00e6r Boble Gum<br \/>\n5. Bl\u00e5b\u00e6r Kirseb\u00e6r Traneb\u00e6r<br \/>\n6. Bl\u00e5b\u00e6r P\u00e5 Is<br \/>\n7. Bl\u00e5b\u00e6r Sur Hindb\u00e6r<br \/>\n8. Brusende Kirseb\u00e6r Cola<br \/>\n9.Drueis<br \/>\n10.Guavais<br \/>\n11.Kiwi Passionsfrugt Guava<br \/>\n12.Jordb\u00e6r Kiwi<br \/>\n13.Citron<br \/>\n14.Blandede B\u00e6r<br \/>\n15. Hr. Bl\u00e5<br \/>\n16.Passionsfrugt<br \/>\n17.Fersken B\u00e6r<br \/>\n18.Fersken Bl\u00e5b\u00e6r Slik<br \/>\n19.Ferskenis<br \/>\n20.Fersken Mango Ananas<br \/>\n21.Surt \u00c6ble<br \/>\n22.Jordb\u00e6r Banan<br \/>\n23.Jordb\u00e6ris<br \/>\n24.Jordb\u00e6r Hindb\u00e6r Kirseb\u00e6ris<br \/>\n25.Jordb\u00e6r Vandmelonis<br \/>\n26.Jordb\u00e6r Vandmelon Limonade<br \/>\n27.Vandmelon Bubble Gum<br \/>\n28.Vandmelonis<br \/>\n29.Bananis<br \/>\n30.Bl\u00e5b\u00e6r Kiwi<br \/>\n31.Kirseb\u00e6r B\u00e6r<br \/>\n32.Colais<br \/>\n33.K\u00f8lig Mynte<br \/>\n34.Dobbelt \u00c6ble<br \/>\n35.Gummibj\u00f8rn<br \/>\n36.Frodig Is<br \/>\n37.Hindb\u00e6r Vandmelon<br \/>\n38.Jordb\u00e6r slik is<br \/>\n39.Jordb\u00e6r Pinacolada<br \/>\n40.Jordb\u00e6r granat\u00e6ble<br \/>\n41.Jordb\u00e6r hindb\u00e6r is<br \/>\n42.Tropisk punch<br \/>\n43.Vandmelon Brazz is<br \/>\n44.Vandmelon Litchi<\/p>\n<h2>Specifikationer for <strong>JNR tornado 10000 <\/strong>Pust:<\/h2>\n<p>\u2013 <span style=\"color: #ff0000\"><em><strong>10k<\/strong><\/em><\/span> Pust<br \/>\n\u2013 <span style=\"color: #ff0000\"><em><strong>44<\/strong> <\/em><\/span>Smagsvarianter<br \/>\n\u2013 <span style=\"color: #ff0000\"><strong><em>2%\/5%<\/em><\/strong><\/span> Nikotinstyrke<br \/>\n\u2013 <span style=\"color: #ff0000\"><strong><em>20 mL<\/em><\/strong><\/span> E-v\u00e6ske Kapacitet<br \/>\n\u2013 Batterikapacitet <span style=\"color: #ff0000\"><em><strong>850 mAh<\/strong><\/em><\/span><\/p>\n<h3>FAQ:<\/h3>\n<p>Sp\u00f8rgsm\u00e5l: Hvad er MOQ for JNR engangs Alien vape 10k elektronisk vape?<\/p>\n<p>Svar: Minimum ordrem\u00e6ngde (MOQ) for JNR vape 10k pust er 50 stk.<\/p>\n<p>Sp\u00f8rgsm\u00e5l: Er JNR engangs 10k pust Alien vapes sikre?<\/p>\n<p>Svar: Ja, JNR Alien 10k vape opfylder alle sikkerhedsstandarder, indeholder en lille m\u00e6ngde nikotin og b\u00f8r bruges med m\u00e5de.<\/p>\n<p>Sp\u00f8rgsm\u00e5l: Hvor l\u00e6nge skal jeg lade min vape oplade?<\/p>\n<p>Svar: Generelt er 1-2 timer nok. Engangsvapes som JNR 10000 pust beh\u00f8ver normalt omkring 1-2 timer for at oplade. Undg\u00e5 overopladning og tag stikket ud, n\u00e5r indikatorlyset skifter.<\/p>\n<p>Sp\u00f8rgsm\u00e5l: Kan JNR engangs 10k Vape sendes til mit land?<\/p>\n<p>A: Ja, vi kan sende JNR Torndo 10000 Vape til de fleste europ\u00e6iske lande, herunder, men ikke begr\u00e6nset til, Holland, Tyskland, Frankrig, Spanien, Italien, Belgien, Luxembourg, \u00d8strig, Tjekkiet, Slovakiet, Ungarn, Slovenien, Rum\u00e6nien, Bulgarien, Gr\u00e6kenland, Polen, Sverige, Irland, Portugal, Finland, Estland, Letland og Litauen. Hvis du har specifikke sp\u00f8rgsm\u00e5l vedr\u00f8rende forsendelse til dit land, er du velkommen til at kontakte os for yderligere assistance.<\/p>\n<p><strong>Kontakt Lyn for flere produktvideoer!<\/strong><\/p>\n<p><a href=\"https:\/\/wa.me\/8617840853976\"><span style=\"color: #ff6600\"><strong><em>Whatsapp:+86 17840853976<\/em><\/strong><\/span><\/a><\/p>\n<p><img loading=\"lazy\" decoding=\"async\" class=\"alignnone size-medium wp-image-1905\" src=\"http:\/\/rmvapebang.com\/wp-content\/uploads\/2024\/03\/whatsapp-vape-2-202x300.jpg\" alt=\"\" width=\"202\" height=\"300\" \/><\/p>\n<p>Find flere produkter, du m\u00e5ske kan lide:<a href=\"https:\/\/rmvapebang.com\/da\/shop-page\/\"><strong><em>K\u00f8b nu<\/em><\/strong><\/a><\/p>\n<p>Andre puff du m\u00e5ske kan lide:<a href=\"https:\/\/rmvapebang.com\/da\/product\/waspe-20000-puffs-wholesale-price-20k-vape\/\">Waspe 20k Pust\/<\/a><a href=\"https:\/\/rmvapebang.com\/da\/product\/bang-vape-30000-pro-bulk-sale-dual-flavors-full-screen\/\">Bang vape 30k dobbeltsmag fuldsk\u00e6rms vape<\/a>\/<a href=\"https:\/\/rmvapebang.com\/da\/product\/bood-twins-46000-puff-discount-price-disposable-vape-hot-sale\/\">BOOD TWINS 46K PUST<\/a>\/<a href=\"https:\/\/rmvapebang.com\/da\/product\/vopk-cool-bar-9000-puffs-wholesale-price-discount-sale\/\">VOPK 9000 Pust<\/a>\/<a href=\"https:\/\/rmvapebang.com\/da\/product\/uwin-crystal-10k-wholesale-vape-good-sale\/\">Uwin krystal 10000 pust<\/a><\/p>","protected":false},"excerpt":{"rendered":"<p><span style=\"color: #ff0000\"><strong>BEM\u00c6RK<\/strong>:\u00a0<em>Priserne p\u00e5 hjemmesiden inkluderer ikke forsendelsesgebyr. Send venligst dit postnummer og din adresse, s\u00e5 vi kan tjekke forsendelsesomkostningerne for dig.<\/em><\/span><\/p>\n<p>JNR Alien 10000 Puffs vape tilbyder 20 ml e-v\u00e6ske, 800mAh batteri, 44 smagsvarianter, 2% \/ 5% nikotin og RGB-lys. Nyd levende, langvarig dampning til en lav pris!<\/p>\n<p><a href=\"https:\/\/wa.me\/8617840853976\"><strong><em>Whatsapp:+86 17840853976<\/em><\/strong><\/a><\/p>\n<p>Scan p\u00e5 whatsapp for Ny Kunde kupon<\/p>\n<p><img loading=\"lazy\" decoding=\"async\" class=\"alignnone size-medium wp-image-1905\" src=\"http:\/\/rmvapebang.com\/wp-content\/uploads\/2024\/03\/whatsapp-vape-2-202x300.jpg\" alt=\"\" width=\"202\" height=\"300\" \/><\/p>","protected":false},"featured_media":3633,"comment_status":"open","ping_status":"closed","template":"","meta":{"_uag_custom_page_level_css":"","_lmt_disableupdate":"no","_lmt_disable":"","site-sidebar-layout":"no-sidebar","site-content-layout":"boxed-container","ast-site-content-layout":"normal-width-container","site-content-style":"boxed","site-sidebar-style":"boxed","ast-global-header-display":"","ast-banner-title-visibility":"","ast-main-header-display":"","ast-hfb-above-header-display":"","ast-hfb-below-header-display":"","ast-hfb-mobile-header-display":"","site-post-title":"","ast-breadcrumbs-content":"","ast-featured-img":"","footer-sml-layout":"","theme-transparent-header-meta":"default","adv-header-id-meta":"","stick-header-meta":"","header-above-stick-meta":"","header-main-stick-meta":"","header-below-stick-meta":"","astra-migrate-meta-layouts":"set","ast-page-background-enabled":"default","ast-page-background-meta":{"desktop":{"background-color":"","background-image":"","background-repeat":"repeat","background-position":"center center","background-size":"auto","background-attachment":"scroll","background-type":"","background-media":"","overlay-type":"","overlay-color":"","overlay-gradient":""},"tablet":{"background-color":"","background-image":"","background-repeat":"repeat","background-position":"center center","background-size":"auto","background-attachment":"scroll","background-type":"","background-media":"","overlay-type":"","overlay-color":"","overlay-gradient":""},"mobile":{"background-color":"","background-image":"","background-repeat":"repeat","background-position":"center center","background-size":"auto","background-attachment":"scroll","background-type":"","background-media":"","overlay-type":"","overlay-color":"","overlay-gradient":""}},"ast-content-background-meta":{"desktop":{"background-color":"var(--ast-global-color-5)","background-image":"","background-repeat":"repeat","background-position":"center center","background-size":"auto","background-attachment":"scroll","background-type":"","background-media":"","overlay-type":"","overlay-color":"","overlay-gradient":""},"tablet":{"background-color":"var(--ast-global-color-5)","background-image":"","background-repeat":"repeat","background-position":"center center","background-size":"auto","background-attachment":"scroll","background-type":"","background-media":"","overlay-type":"","overlay-color":"","overlay-gradient":""},"mobile":{"background-color":"var(--ast-global-color-5)","background-image":"","background-repeat":"repeat","background-position":"center center","background-size":"auto","background-attachment":"scroll","background-type":"","background-media":"","overlay-type":"","overlay-color":"","overlay-gradient":""}},"_joinchat":{"telephone":"+8617840853976"}},"product_brand":[],"product_cat":[39,135,41,42,40,86,43],"product_tag":[69,68,50,61,49,53,52],"class_list":{"0":"post-3637","1":"product","2":"type-product","3":"status-publish","4":"has-post-thumbnail","6":"product_cat-france-wholesale-vape","7":"product_cat-bulk-sale-jnr-vapes-europe","8":"product_cat-netherlands-wholesale-vape","9":"product_cat-spain-wholesale-vape","10":"product_cat-germany-wholesale-vape","11":"product_cat-vape-10000-puffs","12":"product_cat-vape-shop","13":"product_tag-10000-puffs","14":"product_tag-10k-puffs","15":"product_tag-bulk-price-vape-shop","16":"product_tag-good-sales-vape","17":"product_tag-minimum-order-quantity-100pcs","18":"product_tag-rechargeable-vape","19":"product_tag-vape-wholesasle-price","20":"desktop-align-left","21":"tablet-align-left","22":"mobile-align-left","24":"first","25":"instock","26":"sale","27":"shipping-taxable","28":"purchasable","29":"product-type-simple"},"yoast_head":"<!-- This site is optimized with the Yoast SEO plugin v23.0 - https:\/\/yoast.com\/wordpress\/plugins\/seo\/ -->\n<title>JNR Alien 10000 Puffs Low Price Hot Sale RGB Vape - rmvapebang.com<\/title>\n<meta name=\"description\" content=\"JNR Alien 10000 Puffs vape offers 20ml e-liquid, 850mAh battery, 44 flavors, and RGB light. Enjoy 2%\/5% nicotine at a low price. Buy now!\" \/>\n<meta name=\"robots\" content=\"index, follow, max-snippet:-1, max-image-preview:large, max-video-preview:-1\" \/>\n<link rel=\"canonical\" href=\"https:\/\/rmvapebang.com\/da\/product\/jnr-alien-10000-puffs-low-price-hot-sale-rgb-vape\/\" \/>\n<meta property=\"og:locale\" content=\"da_DK\" \/>\n<meta property=\"og:type\" content=\"article\" \/>\n<meta property=\"og:title\" content=\"JNR Alien 10000 Puffs Low Price Hot Sale RGB Vape - rmvapebang.com\" \/>\n<meta property=\"og:description\" content=\"JNR Alien 10000 Puffs vape offers 20ml e-liquid, 850mAh battery, 44 flavors, and RGB light. Enjoy 2%\/5% nicotine at a low price. Buy now!\" \/>\n<meta property=\"og:url\" content=\"https:\/\/rmvapebang.com\/da\/product\/jnr-alien-10000-puffs-low-price-hot-sale-rgb-vape\/\" \/>\n<meta property=\"og:site_name\" content=\"rmvapebang.com\" \/>\n<meta property=\"article:modified_time\" content=\"2025-09-03T09:08:33+00:00\" \/>\n<meta property=\"og:image\" content=\"https:\/\/rmvapebang.com\/wp-content\/uploads\/2025\/02\/JNR-ALIEN-VAPE-PUFFS-10K-TOP-SALE.webp\" \/>\n\t<meta property=\"og:image:width\" content=\"800\" \/>\n\t<meta property=\"og:image:height\" content=\"800\" \/>\n\t<meta property=\"og:image:type\" content=\"image\/webp\" \/>\n<meta name=\"twitter:card\" content=\"summary_large_image\" \/>\n<meta name=\"twitter:label1\" content=\"Estimeret l\u00e6setid\" \/>\n\t<meta name=\"twitter:data1\" content=\"3 minutter\" \/>\n<script type=\"application\/ld+json\" class=\"yoast-schema-graph\">{\"@context\":\"https:\/\/schema.org\",\"@graph\":[{\"@type\":\"WebPage\",\"@id\":\"https:\/\/rmvapebang.com\/hu\/product\/jnr-alien-10000-puffs-low-price-hot-sale-rgb-vape\/\",\"url\":\"https:\/\/rmvapebang.com\/hu\/product\/jnr-alien-10000-puffs-low-price-hot-sale-rgb-vape\/\",\"name\":\"JNR Alien 10000 Puffs Low Price Hot Sale RGB Vape - rmvapebang.com\",\"isPartOf\":{\"@id\":\"https:\/\/rmvapebang.com\/#website\"},\"primaryImageOfPage\":{\"@id\":\"https:\/\/rmvapebang.com\/hu\/product\/jnr-alien-10000-puffs-low-price-hot-sale-rgb-vape\/#primaryimage\"},\"image\":{\"@id\":\"https:\/\/rmvapebang.com\/hu\/product\/jnr-alien-10000-puffs-low-price-hot-sale-rgb-vape\/#primaryimage\"},\"thumbnailUrl\":\"https:\/\/rmvapebang.com\/wp-content\/uploads\/2025\/02\/JNR-ALIEN-VAPE-PUFFS-10K-TOP-SALE.webp\",\"datePublished\":\"2025-02-15T05:35:44+00:00\",\"dateModified\":\"2025-09-03T09:08:33+00:00\",\"description\":\"JNR Alien 10000 Puffs vape offers 20ml e-liquid, 850mAh battery, 44 flavors, and RGB light. Enjoy 2%\/5% nicotine at a low price. Buy now!\",\"breadcrumb\":{\"@id\":\"https:\/\/rmvapebang.com\/hu\/product\/jnr-alien-10000-puffs-low-price-hot-sale-rgb-vape\/#breadcrumb\"},\"inLanguage\":\"da-DK\",\"potentialAction\":[{\"@type\":\"ReadAction\",\"target\":[\"https:\/\/rmvapebang.com\/hu\/product\/jnr-alien-10000-puffs-low-price-hot-sale-rgb-vape\/\"]}]},{\"@type\":\"ImageObject\",\"inLanguage\":\"da-DK\",\"@id\":\"https:\/\/rmvapebang.com\/hu\/product\/jnr-alien-10000-puffs-low-price-hot-sale-rgb-vape\/#primaryimage\",\"url\":\"https:\/\/rmvapebang.com\/wp-content\/uploads\/2025\/02\/JNR-ALIEN-VAPE-PUFFS-10K-TOP-SALE.webp\",\"contentUrl\":\"https:\/\/rmvapebang.com\/wp-content\/uploads\/2025\/02\/JNR-ALIEN-VAPE-PUFFS-10K-TOP-SALE.webp\",\"width\":800,\"height\":800,\"caption\":\"JNR ALIEN VAPE PUFFS 10K TOP SALE\"},{\"@type\":\"BreadcrumbList\",\"@id\":\"https:\/\/rmvapebang.com\/hu\/product\/jnr-alien-10000-puffs-low-price-hot-sale-rgb-vape\/#breadcrumb\",\"itemListElement\":[{\"@type\":\"ListItem\",\"position\":1,\"name\":\"Home\",\"item\":\"https:\/\/rmvapebang.com\/\"},{\"@type\":\"ListItem\",\"position\":2,\"name\":\"Hot Vape Shop\",\"item\":\"https:\/\/rmvapebang.com\/shop-page\/\"},{\"@type\":\"ListItem\",\"position\":3,\"name\":\"JNR Alien 10000 Puffs Low Price Hot Sale RGB Vape\"}]},{\"@type\":\"WebSite\",\"@id\":\"https:\/\/rmvapebang.com\/#website\",\"url\":\"https:\/\/rmvapebang.com\/\",\"name\":\"rmvapebang.com\",\"description\":\"buy vape cheap\",\"publisher\":{\"@id\":\"https:\/\/rmvapebang.com\/#organization\"},\"potentialAction\":[{\"@type\":\"SearchAction\",\"target\":{\"@type\":\"EntryPoint\",\"urlTemplate\":\"https:\/\/rmvapebang.com\/?s={search_term_string}\"},\"query-input\":\"required name=search_term_string\"}],\"inLanguage\":\"da-DK\"},{\"@type\":\"Organization\",\"@id\":\"https:\/\/rmvapebang.com\/#organization\",\"name\":\"rmvapebang.com\",\"url\":\"https:\/\/rmvapebang.com\/\",\"logo\":{\"@type\":\"ImageObject\",\"inLanguage\":\"da-DK\",\"@id\":\"https:\/\/rmvapebang.com\/#\/schema\/logo\/image\/\",\"url\":\"https:\/\/rmvapebang.com\/wp-content\/uploads\/2024\/03\/cropped-RVBlogo.png\",\"contentUrl\":\"https:\/\/rmvapebang.com\/wp-content\/uploads\/2024\/03\/cropped-RVBlogo.png\",\"width\":507,\"height\":169,\"caption\":\"rmvapebang.com\"},\"image\":{\"@id\":\"https:\/\/rmvapebang.com\/#\/schema\/logo\/image\/\"}}]}<\/script>\n<!-- \/ Yoast SEO plugin. -->","yoast_head_json":{"title":"JNR Alien 10000 Puffs Low Price Hot Sale RGB Vape - rmvapebang.com","description":"JNR Alien 10000 Puffs vape offers 20ml e-liquid, 850mAh battery, 44 flavors, and RGB light. Enjoy 2%\/5% nicotine at a low price. Buy now!","robots":{"index":"index","follow":"follow","max-snippet":"max-snippet:-1","max-image-preview":"max-image-preview:large","max-video-preview":"max-video-preview:-1"},"canonical":"https:\/\/rmvapebang.com\/da\/product\/jnr-alien-10000-puffs-low-price-hot-sale-rgb-vape\/","og_locale":"da_DK","og_type":"article","og_title":"JNR Alien 10000 Puffs Low Price Hot Sale RGB Vape - rmvapebang.com","og_description":"JNR Alien 10000 Puffs vape offers 20ml e-liquid, 850mAh battery, 44 flavors, and RGB light. Enjoy 2%\/5% nicotine at a low price. Buy now!","og_url":"https:\/\/rmvapebang.com\/da\/product\/jnr-alien-10000-puffs-low-price-hot-sale-rgb-vape\/","og_site_name":"rmvapebang.com","article_modified_time":"2025-09-03T09:08:33+00:00","og_image":[{"width":800,"height":800,"url":"https:\/\/rmvapebang.com\/wp-content\/uploads\/2025\/02\/JNR-ALIEN-VAPE-PUFFS-10K-TOP-SALE.webp","type":"image\/webp"}],"twitter_card":"summary_large_image","twitter_misc":{"Estimeret l\u00e6setid":"3 minutter"},"schema":{"@context":"https:\/\/schema.org","@graph":[{"@type":"WebPage","@id":"https:\/\/rmvapebang.com\/hu\/product\/jnr-alien-10000-puffs-low-price-hot-sale-rgb-vape\/","url":"https:\/\/rmvapebang.com\/hu\/product\/jnr-alien-10000-puffs-low-price-hot-sale-rgb-vape\/","name":"JNR Alien 10000 Puffs Low Price Hot Sale RGB Vape - rmvapebang.com","isPartOf":{"@id":"https:\/\/rmvapebang.com\/#website"},"primaryImageOfPage":{"@id":"https:\/\/rmvapebang.com\/hu\/product\/jnr-alien-10000-puffs-low-price-hot-sale-rgb-vape\/#primaryimage"},"image":{"@id":"https:\/\/rmvapebang.com\/hu\/product\/jnr-alien-10000-puffs-low-price-hot-sale-rgb-vape\/#primaryimage"},"thumbnailUrl":"https:\/\/rmvapebang.com\/wp-content\/uploads\/2025\/02\/JNR-ALIEN-VAPE-PUFFS-10K-TOP-SALE.webp","datePublished":"2025-02-15T05:35:44+00:00","dateModified":"2025-09-03T09:08:33+00:00","description":"JNR Alien 10000 Puffs vape offers 20ml e-liquid, 850mAh battery, 44 flavors, and RGB light. Enjoy 2%\/5% nicotine at a low price. Buy now!","breadcrumb":{"@id":"https:\/\/rmvapebang.com\/hu\/product\/jnr-alien-10000-puffs-low-price-hot-sale-rgb-vape\/#breadcrumb"},"inLanguage":"da-DK","potentialAction":[{"@type":"ReadAction","target":["https:\/\/rmvapebang.com\/hu\/product\/jnr-alien-10000-puffs-low-price-hot-sale-rgb-vape\/"]}]},{"@type":"ImageObject","inLanguage":"da-DK","@id":"https:\/\/rmvapebang.com\/hu\/product\/jnr-alien-10000-puffs-low-price-hot-sale-rgb-vape\/#primaryimage","url":"https:\/\/rmvapebang.com\/wp-content\/uploads\/2025\/02\/JNR-ALIEN-VAPE-PUFFS-10K-TOP-SALE.webp","contentUrl":"https:\/\/rmvapebang.com\/wp-content\/uploads\/2025\/02\/JNR-ALIEN-VAPE-PUFFS-10K-TOP-SALE.webp","width":800,"height":800,"caption":"JNR ALIEN VAPE PUFFS 10K TOP SALE"},{"@type":"BreadcrumbList","@id":"https:\/\/rmvapebang.com\/hu\/product\/jnr-alien-10000-puffs-low-price-hot-sale-rgb-vape\/#breadcrumb","itemListElement":[{"@type":"ListItem","position":1,"name":"Home","item":"https:\/\/rmvapebang.com\/"},{"@type":"ListItem","position":2,"name":"Hot Vape Shop","item":"https:\/\/rmvapebang.com\/shop-page\/"},{"@type":"ListItem","position":3,"name":"JNR Alien 10000 Puffs Low Price Hot Sale RGB Vape"}]},{"@type":"WebSite","@id":"https:\/\/rmvapebang.com\/#website","url":"https:\/\/rmvapebang.com\/","name":"rmvapebang.com","description":"buy vape cheap","publisher":{"@id":"https:\/\/rmvapebang.com\/#organization"},"potentialAction":[{"@type":"SearchAction","target":{"@type":"EntryPoint","urlTemplate":"https:\/\/rmvapebang.com\/?s={search_term_string}"},"query-input":"required name=search_term_string"}],"inLanguage":"da-DK"},{"@type":"Organization","@id":"https:\/\/rmvapebang.com\/#organization","name":"rmvapebang.com","url":"https:\/\/rmvapebang.com\/","logo":{"@type":"ImageObject","inLanguage":"da-DK","@id":"https:\/\/rmvapebang.com\/#\/schema\/logo\/image\/","url":"https:\/\/rmvapebang.com\/wp-content\/uploads\/2024\/03\/cropped-RVBlogo.png","contentUrl":"https:\/\/rmvapebang.com\/wp-content\/uploads\/2024\/03\/cropped-RVBlogo.png","width":507,"height":169,"caption":"rmvapebang.com"},"image":{"@id":"https:\/\/rmvapebang.com\/#\/schema\/logo\/image\/"}}]}},"uagb_featured_image_src":{"full":["https:\/\/rmvapebang.com\/wp-content\/uploads\/2025\/02\/JNR-ALIEN-VAPE-PUFFS-10K-TOP-SALE.webp",800,800,false],"thumbnail":["https:\/\/rmvapebang.com\/wp-content\/uploads\/2025\/02\/JNR-ALIEN-VAPE-PUFFS-10K-TOP-SALE-150x150.webp",150,150,true],"medium":["https:\/\/rmvapebang.com\/wp-content\/uploads\/2025\/02\/JNR-ALIEN-VAPE-PUFFS-10K-TOP-SALE-300x300.webp",300,300,true],"medium_large":["https:\/\/rmvapebang.com\/wp-content\/uploads\/2025\/02\/JNR-ALIEN-VAPE-PUFFS-10K-TOP-SALE-768x768.webp",768,768,true],"large":["https:\/\/rmvapebang.com\/wp-content\/uploads\/2025\/02\/JNR-ALIEN-VAPE-PUFFS-10K-TOP-SALE.webp",800,800,false],"1536x1536":["https:\/\/rmvapebang.com\/wp-content\/uploads\/2025\/02\/JNR-ALIEN-VAPE-PUFFS-10K-TOP-SALE.webp",800,800,false],"2048x2048":["https:\/\/rmvapebang.com\/wp-content\/uploads\/2025\/02\/JNR-ALIEN-VAPE-PUFFS-10K-TOP-SALE.webp",800,800,false],"trp-custom-language-flag":["https:\/\/rmvapebang.com\/wp-content\/uploads\/2025\/02\/JNR-ALIEN-VAPE-PUFFS-10K-TOP-SALE.webp",12,12,false],"woocommerce_thumbnail":["https:\/\/rmvapebang.com\/wp-content\/uploads\/2025\/02\/JNR-ALIEN-VAPE-PUFFS-10K-TOP-SALE-300x300.webp",300,300,true],"woocommerce_single":["https:\/\/rmvapebang.com\/wp-content\/uploads\/2025\/02\/JNR-ALIEN-VAPE-PUFFS-10K-TOP-SALE-600x600.webp",600,600,true],"woocommerce_gallery_thumbnail":["https:\/\/rmvapebang.com\/wp-content\/uploads\/2025\/02\/JNR-ALIEN-VAPE-PUFFS-10K-TOP-SALE-100x100.webp",100,100,true],"wcpr-photo-reviews":["https:\/\/rmvapebang.com\/wp-content\/uploads\/2025\/02\/JNR-ALIEN-VAPE-PUFFS-10K-TOP-SALE.webp",500,500,false]},"uagb_author_info":{"display_name":"Lyn","author_link":"https:\/\/rmvapebang.com\/da\/author\/"},"uagb_comment_info":0,"uagb_excerpt":"NOTE:\u00a0Prices on the website don\u2019t include shipping fee. Please send your zip code and address that we can check shipping costs for you. JNR Alien 10000 Puffs vape offers 20ml e-liquid, 800mAh battery, 44 flavors, 2%\/5% nicotine, and RGB lights. Enjoy vibrant, long-lasting vaping at a low price! Whatsapp:+86 17840853976 Scan on whatsapp for New&hellip;","_links":{"self":[{"href":"https:\/\/rmvapebang.com\/da\/wp-json\/wp\/v2\/product\/3637","targetHints":{"allow":["GET"]}}],"collection":[{"href":"https:\/\/rmvapebang.com\/da\/wp-json\/wp\/v2\/product"}],"about":[{"href":"https:\/\/rmvapebang.com\/da\/wp-json\/wp\/v2\/types\/product"}],"replies":[{"embeddable":true,"href":"https:\/\/rmvapebang.com\/da\/wp-json\/wp\/v2\/comments?post=3637"}],"wp:featuredmedia":[{"embeddable":true,"href":"https:\/\/rmvapebang.com\/da\/wp-json\/wp\/v2\/media\/3633"}],"wp:attachment":[{"href":"https:\/\/rmvapebang.com\/da\/wp-json\/wp\/v2\/media?parent=3637"}],"wp:term":[{"taxonomy":"product_brand","embeddable":true,"href":"https:\/\/rmvapebang.com\/da\/wp-json\/wp\/v2\/product_brand?post=3637"},{"taxonomy":"product_cat","embeddable":true,"href":"https:\/\/rmvapebang.com\/da\/wp-json\/wp\/v2\/product_cat?post=3637"},{"taxonomy":"product_tag","embeddable":true,"href":"https:\/\/rmvapebang.com\/da\/wp-json\/wp\/v2\/product_tag?post=3637"}],"curies":[{"name":"wp","href":"https:\/\/api.w.org\/{rel}","templated":true}]}}