{"id":2509,"date":"2024-07-05T14:28:07","date_gmt":"2024-07-05T06:28:07","guid":{"rendered":"https:\/\/rmvapebang.com\/?post_type=product&#038;p=2509"},"modified":"2024-12-14T17:03:05","modified_gmt":"2024-12-14T09:03:05","slug":"aivono-aim-star-6500-puffs-vape-bulk-sales","status":"publish","type":"product","link":"https:\/\/rmvapebang.com\/da\/product\/aivono-aim-star-6500-puffs-vape-bulk-sales\/","title":{"rendered":"AIVONO AIM STAR 6500 pust Vape Bulk Salg"},"content":{"rendered":"<h1>AIVONO AIM STAR 6500 pust Vape Bulk Salg<\/h1>\n<div class=\"flex-1 overflow-hidden\">\n<div class=\"react-scroll-to-bottom--css-rkeqe-79elbk h-full\">\n<div class=\"react-scroll-to-bottom--css-rkeqe-1n7m0yu\">\n<div class=\"flex flex-col text-sm pb-9\">\n<div class=\"w-full text-token-text-primary\" data-testid=\"conversation-turn-7\">\n<div class=\"px-4 py-2 justify-center text-base md:gap-6 m-auto\">\n<div class=\"flex flex-1 text-base mx-auto gap-3 md:px-5 lg:px-1 xl:px-5 md:max-w-3xl lg:max-w-[40rem] xl:max-w-[48rem] group final-completion\">\n<div class=\"relative flex w-full flex-col agent-turn\">\n<div class=\"flex-col gap-1 md:gap-3\">\n<div class=\"flex flex-grow flex-col max-w-full\">\n<div class=\"min-h-[20px] text-message flex flex-col items-start gap-3 whitespace-pre-wrap break-words [.text-message+&amp;]:mt-5 overflow-x-auto\" data-message-author-role=\"assistant\" data-message-id=\"a1f3b89f-a1c9-497d-a989-579b96e752e6\">\n<div class=\"markdown prose w-full break-words dark:prose-invert light\">\n<p>AIVONO AIM STAR 6500 Puffs Vape Engrossalg er en h\u00f8jkvalitets og praktisk vape-enhed, der leverer op til 6.500 pust. 6500 pust af aivono star har 13 ml e-v\u00e6skevolumen, nikotinindhold kan v\u00e6lges som 2% og 5%, og valget er fleksibelt, der er 10 l\u00e6kre smagsvarianter at v\u00e6lge imellem. som kan opfylde brugerens e-cigarepr\u00e6ferencer, denne e-cigaret er udstyret med et 650mAh batteri, og opladningsenheden kan bruge en Type-C oplader. AIM STAR 6500 pust af AIVONO vapes udseendedesign ligner en lille boks, som er praktisk at oplade og b\u00e6re, hvilket g\u00f8r den meget velegnet til brug, n\u00e5r man er ude. V\u00e6lg engangsvapes, hvad med at pr\u00f8ve aivono 6500 pust vape?<\/p>\n<p><img loading=\"lazy\" decoding=\"async\" class=\"alignnone wp-image-2508\" src=\"http:\/\/rmvapebang.com\/wp-content\/uploads\/2024\/07\/aivono-aim-6500-vapes-star.png\" alt=\"aivono aim 6500 vapes stjerne\" width=\"654\" height=\"523\" srcset=\"https:\/\/rmvapebang.com\/wp-content\/uploads\/2024\/07\/aivono-aim-6500-vapes-star.png 1000w, https:\/\/rmvapebang.com\/wp-content\/uploads\/2024\/07\/aivono-aim-6500-vapes-star-300x240.png 300w, https:\/\/rmvapebang.com\/wp-content\/uploads\/2024\/07\/aivono-aim-6500-vapes-star-768x614.png 768w, https:\/\/rmvapebang.com\/wp-content\/uploads\/2024\/07\/aivono-aim-6500-vapes-star-600x479.png 600w\" sizes=\"auto, (max-width: 654px) 100vw, 654px\" \/><\/p>\n<\/div>\n<\/div>\n<\/div>\n<\/div>\n<\/div>\n<\/div>\n<\/div>\n<\/div>\n<\/div>\n<\/div>\n<\/div>\n<\/div>\n<h2><strong>Hvad er smagsvarianterne for vape 6500 pust af AIVONO?<\/strong><\/h2>\n<fieldset class=\"variant-picker__option no-js:hidden\">\n<div>\n<div class=\"variant-picker__option-values wrap gap-2\" data-option-selector=\"\">1. Blandede b\u00e6r<br \/>\n2. Menthol slik<br \/>\n3. Jordb\u00e6r kiwi<br \/>\n4. Blandet mango<br \/>\n5. Vandmelon<br \/>\n6. Jordb\u00e6r is<br \/>\n7. Energidrik<br \/>\n8. Bl\u00e5 razz b\u00e6r<br \/>\n9. Coco melon<br \/>\n10. Ferskenjuice<\/div>\n<\/div>\n<\/fieldset>\n<fieldset class=\"variant-picker__option no-js:hidden\"><\/fieldset>\n<p><span style=\"font-size: 1.7em;font-weight: bold\">Specifikationer for AIVONO AIM STAR 6500 Puffs:<\/span><\/p>\n<p>\u2013 6500 Pust<br \/>\n\u201310 Smagsvarianter<br \/>\n\u2013 2%\/5% Nikotinstyrke<br \/>\n\u2013 13 mL E-v\u00e6skekapacitet<br \/>\n\u2013 Batterikapacitet 650 mAh<\/p>\n<h3>FAQ:<\/h3>\n<p>Sp\u00f8rgsm\u00e5l: Hvad er MOQ for AIVONO 6500 pust AIM STAR vape?<\/p>\n<p>Svar: Minimumsordrem\u00e6ngden (MOQ) for 6500 Pust af aivono aim star Vape er 100 stk.<\/p>\n<p>Sp\u00f8rgsm\u00e5l: Hvad er leveringstiden for aivono star 6500 Puffs Vape, jeg har bestilt?<\/p>\n<p>A: Typisk er leveringstiden for tanken til aivono 6500 Puff Vapes 10-15 dage efter afsendelse.<\/p>\n<p>Q: Hvor meget koster forsendelsen for aivono 6500 puffs Vapes?<\/p>\n<p>Sv: Forsendelsesomkostningerne varierer afh\u00e6ngigt af ordrens v\u00e6gt. Forskellige m\u00e6ngder kan have forskellige forsendelsesomkostninger. Kontakt os venligst for at bekr\u00e6fte forsendelsesomkostningerne for din specifikke ordre.<\/p>\n<p>Q: Kan AIVONO 6500 Puffs aim star Vape sendes til mit land?<\/p>\n<p>A: Ja, vi kan sende aivono 6500 Puffs of aivono star vape til de fleste europ\u00e6iske lande, herunder, men ikke begr\u00e6nset til: Holland, Tyskland, Frankrig, Spanien, Italien, Belgien, Luxembourg, \u00d8strig, Tjekkiet, Slovakiet, Ungarn, Slovenien, Rum\u00e6nien, Bulgarien, Gr\u00e6kenland, Polen, Sverige, Irland, Portugal, Finland, Estland, Letland og Litauen. Hvis du har specifikke foresp\u00f8rgsler vedr\u00f8rende forsendelse til dit land, er du velkommen til at kontakte os for yderligere assistance.<\/p>\n<p><strong>Kontakt Lyn for flere produktvideoer!<\/strong><\/p>\n<p><a href=\"https:\/\/wa.me\/8617840853976\"><span style=\"color: #ff6600\"><strong><em>Whatsapp:+86 17840853976<\/em><\/strong><\/span><\/a><\/p>\n<p><img loading=\"lazy\" decoding=\"async\" class=\"alignnone size-medium wp-image-1905\" src=\"http:\/\/rmvapebang.com\/wp-content\/uploads\/2024\/03\/whatsapp-vape-2-202x300.jpg\" alt=\"\" width=\"202\" height=\"300\" \/><\/p>\n<p>Find flere produkter, du m\u00e5ske kan lide:<a href=\"https:\/\/rmvapebang.com\/da\/shop-page\/\"><strong><em>K\u00f8b nu<\/em><\/strong><\/a><\/p>\n<p>Andre puff du m\u00e5ske kan lide:<a href=\"https:\/\/rmvapebang.com\/da\/product\/randm-tornado-7000-puffs-hot-sales-wholesale-price-7k-vape\/\">vapsolo tornado 12k pro<\/a> \/<a href=\"https:\/\/rmvapebang.com\/da\/product\/aivono-15k-puffs-bulk-price-15000-vapes\/\">aivono 15k vape<\/a>\/<a href=\"https:\/\/rmvapebang.com\/da\/product\/bang-with-a-vape-30k-puffs-bulk-price\/\">bang 30k pust vape<\/a><\/p>\n<p><span style=\"color: #ff0000\"><strong>Bem\u00e6rk: Alle produkter inkluderer ikke forsendelsesomkostninger!!!<\/strong><\/span><\/p>","protected":false},"excerpt":{"rendered":"<p>AIVONO aim star 6500 Puffs Engrospris Genopladelig Vape<\/p>\n<p>AIVONO aim star vape er en genopladelig vape-enhed med h\u00f8j kapacitet, der tilbyder 6500 pust med 10 smagsvarianter og 2%\/5% nikotinniveauer.<\/p>\n<p><strong><em>Whatsapp:<a href=\"https:\/\/wa.me\/8617840853976\">+86 17840853976<\/a><\/em><\/strong><\/p>\n<p>Scan p\u00e5 whatsapp for Ny Kunde kupon<\/p>\n<p><img loading=\"lazy\" decoding=\"async\" class=\"alignnone size-medium wp-image-1905\" src=\"http:\/\/rmvapebang.com\/wp-content\/uploads\/2024\/03\/whatsapp-vape-2-202x300.jpg\" alt=\"\" width=\"202\" height=\"300\" \/><\/p>","protected":false},"featured_media":2503,"comment_status":"open","ping_status":"closed","template":"","meta":{"_uag_custom_page_level_css":"","_lmt_disableupdate":"no","_lmt_disable":"","site-sidebar-layout":"no-sidebar","site-content-layout":"boxed-container","ast-site-content-layout":"normal-width-container","site-content-style":"boxed","site-sidebar-style":"boxed","ast-global-header-display":"","ast-banner-title-visibility":"","ast-main-header-display":"","ast-hfb-above-header-display":"","ast-hfb-below-header-display":"","ast-hfb-mobile-header-display":"","site-post-title":"","ast-breadcrumbs-content":"","ast-featured-img":"","footer-sml-layout":"","theme-transparent-header-meta":"default","adv-header-id-meta":"","stick-header-meta":"","header-above-stick-meta":"","header-main-stick-meta":"","header-below-stick-meta":"","astra-migrate-meta-layouts":"set","ast-page-background-enabled":"default","ast-page-background-meta":{"desktop":{"background-color":"","background-image":"","background-repeat":"repeat","background-position":"center center","background-size":"auto","background-attachment":"scroll","background-type":"","background-media":"","overlay-type":"","overlay-color":"","overlay-gradient":""},"tablet":{"background-color":"","background-image":"","background-repeat":"repeat","background-position":"center center","background-size":"auto","background-attachment":"scroll","background-type":"","background-media":"","overlay-type":"","overlay-color":"","overlay-gradient":""},"mobile":{"background-color":"","background-image":"","background-repeat":"repeat","background-position":"center center","background-size":"auto","background-attachment":"scroll","background-type":"","background-media":"","overlay-type":"","overlay-color":"","overlay-gradient":""}},"ast-content-background-meta":{"desktop":{"background-color":"var(--ast-global-color-5)","background-image":"","background-repeat":"repeat","background-position":"center center","background-size":"auto","background-attachment":"scroll","background-type":"","background-media":"","overlay-type":"","overlay-color":"","overlay-gradient":""},"tablet":{"background-color":"var(--ast-global-color-5)","background-image":"","background-repeat":"repeat","background-position":"center center","background-size":"auto","background-attachment":"scroll","background-type":"","background-media":"","overlay-type":"","overlay-color":"","overlay-gradient":""},"mobile":{"background-color":"var(--ast-global-color-5)","background-image":"","background-repeat":"repeat","background-position":"center center","background-size":"auto","background-attachment":"scroll","background-type":"","background-media":"","overlay-type":"","overlay-color":"","overlay-gradient":""}},"_joinchat":[]},"product_brand":[],"product_cat":[99,39,41,42,40,43],"product_tag":[108,50,51,67,49,53,52],"class_list":{"0":"post-2509","1":"product","2":"type-product","3":"status-publish","4":"has-post-thumbnail","6":"product_cat-aivono-vape","7":"product_cat-france-wholesale-vape","8":"product_cat-netherlands-wholesale-vape","9":"product_cat-spain-wholesale-vape","10":"product_cat-germany-wholesale-vape","11":"product_cat-vape-shop","12":"product_tag-6500-puffs","13":"product_tag-bulk-price-vape-shop","14":"product_tag-disposable-vape","15":"product_tag-fast-price-sales","16":"product_tag-minimum-order-quantity-100pcs","17":"product_tag-rechargeable-vape","18":"product_tag-vape-wholesasle-price","19":"desktop-align-left","20":"tablet-align-left","21":"mobile-align-left","23":"first","24":"instock","25":"sale","26":"shipping-taxable","27":"purchasable","28":"product-type-simple"},"yoast_head":"<!-- This site is optimized with the Yoast SEO plugin v23.0 - https:\/\/yoast.com\/wordpress\/plugins\/seo\/ -->\n<title>AIVONO AIM STAR 6500 Puffs Vape Bulk Sales - rmvapebang.com<\/title>\n<meta name=\"description\" content=\"AIVONO AIM STAR 6500 Puffs Wholesale Price 6500 Puffs Vape\uff0c2% and 5% nicotine to choose. Contact now to get Wholesale Factory Price of AIVONO 6500 vapes!\" \/>\n<meta name=\"robots\" content=\"index, follow, max-snippet:-1, max-image-preview:large, max-video-preview:-1\" \/>\n<link rel=\"canonical\" href=\"https:\/\/rmvapebang.com\/da\/product\/aivono-aim-star-6500-puffs-vape-bulk-sales\/\" \/>\n<meta property=\"og:locale\" content=\"da_DK\" \/>\n<meta property=\"og:type\" content=\"article\" \/>\n<meta property=\"og:title\" content=\"AIVONO AIM STAR 6500 Puffs Vape Bulk Sales - rmvapebang.com\" \/>\n<meta property=\"og:description\" content=\"AIVONO AIM STAR 6500 Puffs Wholesale Price 6500 Puffs Vape\uff0c2% and 5% nicotine to choose. Contact now to get Wholesale Factory Price of AIVONO 6500 vapes!\" \/>\n<meta property=\"og:url\" content=\"https:\/\/rmvapebang.com\/da\/product\/aivono-aim-star-6500-puffs-vape-bulk-sales\/\" \/>\n<meta property=\"og:site_name\" content=\"rmvapebang.com\" \/>\n<meta property=\"article:modified_time\" content=\"2024-12-14T09:03:05+00:00\" \/>\n<meta property=\"og:image\" content=\"https:\/\/rmvapebang.com\/wp-content\/uploads\/2024\/07\/aivono-aim-6500-puffs-star-disposable-price.png\" \/>\n\t<meta property=\"og:image:width\" content=\"1000\" \/>\n\t<meta property=\"og:image:height\" content=\"1000\" \/>\n\t<meta property=\"og:image:type\" content=\"image\/png\" \/>\n<meta name=\"twitter:card\" content=\"summary_large_image\" \/>\n<meta name=\"twitter:label1\" content=\"Estimeret l\u00e6setid\" \/>\n\t<meta name=\"twitter:data1\" content=\"3 minutter\" \/>\n<script type=\"application\/ld+json\" class=\"yoast-schema-graph\">{\"@context\":\"https:\/\/schema.org\",\"@graph\":[{\"@type\":\"WebPage\",\"@id\":\"https:\/\/rmvapebang.com\/product\/aivono-aim-star-6500-puffs-vape-bulk-sales\/\",\"url\":\"https:\/\/rmvapebang.com\/product\/aivono-aim-star-6500-puffs-vape-bulk-sales\/\",\"name\":\"AIVONO AIM STAR 6500 Puffs Vape Bulk Sales - rmvapebang.com\",\"isPartOf\":{\"@id\":\"https:\/\/rmvapebang.com\/#website\"},\"primaryImageOfPage\":{\"@id\":\"https:\/\/rmvapebang.com\/product\/aivono-aim-star-6500-puffs-vape-bulk-sales\/#primaryimage\"},\"image\":{\"@id\":\"https:\/\/rmvapebang.com\/product\/aivono-aim-star-6500-puffs-vape-bulk-sales\/#primaryimage\"},\"thumbnailUrl\":\"https:\/\/rmvapebang.com\/wp-content\/uploads\/2024\/07\/aivono-aim-6500-puffs-star-disposable-price.png\",\"datePublished\":\"2024-07-05T06:28:07+00:00\",\"dateModified\":\"2024-12-14T09:03:05+00:00\",\"description\":\"AIVONO AIM STAR 6500 Puffs Wholesale Price 6500 Puffs Vape\uff0c2% and 5% nicotine to choose. Contact now to get Wholesale Factory Price of AIVONO 6500 vapes!\",\"breadcrumb\":{\"@id\":\"https:\/\/rmvapebang.com\/product\/aivono-aim-star-6500-puffs-vape-bulk-sales\/#breadcrumb\"},\"inLanguage\":\"da-DK\",\"potentialAction\":[{\"@type\":\"ReadAction\",\"target\":[\"https:\/\/rmvapebang.com\/product\/aivono-aim-star-6500-puffs-vape-bulk-sales\/\"]}]},{\"@type\":\"ImageObject\",\"inLanguage\":\"da-DK\",\"@id\":\"https:\/\/rmvapebang.com\/product\/aivono-aim-star-6500-puffs-vape-bulk-sales\/#primaryimage\",\"url\":\"https:\/\/rmvapebang.com\/wp-content\/uploads\/2024\/07\/aivono-aim-6500-puffs-star-disposable-price.png\",\"contentUrl\":\"https:\/\/rmvapebang.com\/wp-content\/uploads\/2024\/07\/aivono-aim-6500-puffs-star-disposable-price.png\",\"width\":1000,\"height\":1000,\"caption\":\"aivono aim 6500 puffs star disposable price\"},{\"@type\":\"BreadcrumbList\",\"@id\":\"https:\/\/rmvapebang.com\/product\/aivono-aim-star-6500-puffs-vape-bulk-sales\/#breadcrumb\",\"itemListElement\":[{\"@type\":\"ListItem\",\"position\":1,\"name\":\"Home\",\"item\":\"https:\/\/rmvapebang.com\/\"},{\"@type\":\"ListItem\",\"position\":2,\"name\":\"Hot Vape Shop\",\"item\":\"https:\/\/rmvapebang.com\/shop-page\/\"},{\"@type\":\"ListItem\",\"position\":3,\"name\":\"AIVONO AIM STAR 6500 Puffs Vape Bulk Sales\"}]},{\"@type\":\"WebSite\",\"@id\":\"https:\/\/rmvapebang.com\/#website\",\"url\":\"https:\/\/rmvapebang.com\/\",\"name\":\"rmvapebang.com\",\"description\":\"buy vape cheap\",\"publisher\":{\"@id\":\"https:\/\/rmvapebang.com\/#organization\"},\"potentialAction\":[{\"@type\":\"SearchAction\",\"target\":{\"@type\":\"EntryPoint\",\"urlTemplate\":\"https:\/\/rmvapebang.com\/?s={search_term_string}\"},\"query-input\":\"required name=search_term_string\"}],\"inLanguage\":\"da-DK\"},{\"@type\":\"Organization\",\"@id\":\"https:\/\/rmvapebang.com\/#organization\",\"name\":\"rmvapebang.com\",\"url\":\"https:\/\/rmvapebang.com\/\",\"logo\":{\"@type\":\"ImageObject\",\"inLanguage\":\"da-DK\",\"@id\":\"https:\/\/rmvapebang.com\/#\/schema\/logo\/image\/\",\"url\":\"https:\/\/rmvapebang.com\/wp-content\/uploads\/2024\/03\/cropped-RVBlogo.png\",\"contentUrl\":\"https:\/\/rmvapebang.com\/wp-content\/uploads\/2024\/03\/cropped-RVBlogo.png\",\"width\":507,\"height\":169,\"caption\":\"rmvapebang.com\"},\"image\":{\"@id\":\"https:\/\/rmvapebang.com\/#\/schema\/logo\/image\/\"}}]}<\/script>\n<!-- \/ Yoast SEO plugin. -->","yoast_head_json":{"title":"AIVONO AIM STAR 6500 Puffs Vape Bulk Sales - rmvapebang.com","description":"AIVONO AIM STAR 6500 Puffs Wholesale Price 6500 Puffs Vape\uff0c2% and 5% nicotine to choose. Contact now to get Wholesale Factory Price of AIVONO 6500 vapes!","robots":{"index":"index","follow":"follow","max-snippet":"max-snippet:-1","max-image-preview":"max-image-preview:large","max-video-preview":"max-video-preview:-1"},"canonical":"https:\/\/rmvapebang.com\/da\/product\/aivono-aim-star-6500-puffs-vape-bulk-sales\/","og_locale":"da_DK","og_type":"article","og_title":"AIVONO AIM STAR 6500 Puffs Vape Bulk Sales - rmvapebang.com","og_description":"AIVONO AIM STAR 6500 Puffs Wholesale Price 6500 Puffs Vape\uff0c2% and 5% nicotine to choose. Contact now to get Wholesale Factory Price of AIVONO 6500 vapes!","og_url":"https:\/\/rmvapebang.com\/da\/product\/aivono-aim-star-6500-puffs-vape-bulk-sales\/","og_site_name":"rmvapebang.com","article_modified_time":"2024-12-14T09:03:05+00:00","og_image":[{"width":1000,"height":1000,"url":"https:\/\/rmvapebang.com\/wp-content\/uploads\/2024\/07\/aivono-aim-6500-puffs-star-disposable-price.png","type":"image\/png"}],"twitter_card":"summary_large_image","twitter_misc":{"Estimeret l\u00e6setid":"3 minutter"},"schema":{"@context":"https:\/\/schema.org","@graph":[{"@type":"WebPage","@id":"https:\/\/rmvapebang.com\/product\/aivono-aim-star-6500-puffs-vape-bulk-sales\/","url":"https:\/\/rmvapebang.com\/product\/aivono-aim-star-6500-puffs-vape-bulk-sales\/","name":"AIVONO AIM STAR 6500 Puffs Vape Bulk Sales - rmvapebang.com","isPartOf":{"@id":"https:\/\/rmvapebang.com\/#website"},"primaryImageOfPage":{"@id":"https:\/\/rmvapebang.com\/product\/aivono-aim-star-6500-puffs-vape-bulk-sales\/#primaryimage"},"image":{"@id":"https:\/\/rmvapebang.com\/product\/aivono-aim-star-6500-puffs-vape-bulk-sales\/#primaryimage"},"thumbnailUrl":"https:\/\/rmvapebang.com\/wp-content\/uploads\/2024\/07\/aivono-aim-6500-puffs-star-disposable-price.png","datePublished":"2024-07-05T06:28:07+00:00","dateModified":"2024-12-14T09:03:05+00:00","description":"AIVONO AIM STAR 6500 Puffs Wholesale Price 6500 Puffs Vape\uff0c2% and 5% nicotine to choose. Contact now to get Wholesale Factory Price of AIVONO 6500 vapes!","breadcrumb":{"@id":"https:\/\/rmvapebang.com\/product\/aivono-aim-star-6500-puffs-vape-bulk-sales\/#breadcrumb"},"inLanguage":"da-DK","potentialAction":[{"@type":"ReadAction","target":["https:\/\/rmvapebang.com\/product\/aivono-aim-star-6500-puffs-vape-bulk-sales\/"]}]},{"@type":"ImageObject","inLanguage":"da-DK","@id":"https:\/\/rmvapebang.com\/product\/aivono-aim-star-6500-puffs-vape-bulk-sales\/#primaryimage","url":"https:\/\/rmvapebang.com\/wp-content\/uploads\/2024\/07\/aivono-aim-6500-puffs-star-disposable-price.png","contentUrl":"https:\/\/rmvapebang.com\/wp-content\/uploads\/2024\/07\/aivono-aim-6500-puffs-star-disposable-price.png","width":1000,"height":1000,"caption":"aivono aim 6500 puffs star disposable price"},{"@type":"BreadcrumbList","@id":"https:\/\/rmvapebang.com\/product\/aivono-aim-star-6500-puffs-vape-bulk-sales\/#breadcrumb","itemListElement":[{"@type":"ListItem","position":1,"name":"Home","item":"https:\/\/rmvapebang.com\/"},{"@type":"ListItem","position":2,"name":"Hot Vape Shop","item":"https:\/\/rmvapebang.com\/shop-page\/"},{"@type":"ListItem","position":3,"name":"AIVONO AIM STAR 6500 Puffs Vape Bulk Sales"}]},{"@type":"WebSite","@id":"https:\/\/rmvapebang.com\/#website","url":"https:\/\/rmvapebang.com\/","name":"rmvapebang.com","description":"buy vape cheap","publisher":{"@id":"https:\/\/rmvapebang.com\/#organization"},"potentialAction":[{"@type":"SearchAction","target":{"@type":"EntryPoint","urlTemplate":"https:\/\/rmvapebang.com\/?s={search_term_string}"},"query-input":"required name=search_term_string"}],"inLanguage":"da-DK"},{"@type":"Organization","@id":"https:\/\/rmvapebang.com\/#organization","name":"rmvapebang.com","url":"https:\/\/rmvapebang.com\/","logo":{"@type":"ImageObject","inLanguage":"da-DK","@id":"https:\/\/rmvapebang.com\/#\/schema\/logo\/image\/","url":"https:\/\/rmvapebang.com\/wp-content\/uploads\/2024\/03\/cropped-RVBlogo.png","contentUrl":"https:\/\/rmvapebang.com\/wp-content\/uploads\/2024\/03\/cropped-RVBlogo.png","width":507,"height":169,"caption":"rmvapebang.com"},"image":{"@id":"https:\/\/rmvapebang.com\/#\/schema\/logo\/image\/"}}]}},"uagb_featured_image_src":{"full":["https:\/\/rmvapebang.com\/wp-content\/uploads\/2024\/07\/aivono-aim-6500-puffs-star-disposable-price.png",1000,1000,false],"thumbnail":["https:\/\/rmvapebang.com\/wp-content\/uploads\/2024\/07\/aivono-aim-6500-puffs-star-disposable-price-150x150.png",150,150,true],"medium":["https:\/\/rmvapebang.com\/wp-content\/uploads\/2024\/07\/aivono-aim-6500-puffs-star-disposable-price-300x300.png",300,300,true],"medium_large":["https:\/\/rmvapebang.com\/wp-content\/uploads\/2024\/07\/aivono-aim-6500-puffs-star-disposable-price-768x768.png",768,768,true],"large":["https:\/\/rmvapebang.com\/wp-content\/uploads\/2024\/07\/aivono-aim-6500-puffs-star-disposable-price.png",1000,1000,false],"1536x1536":["https:\/\/rmvapebang.com\/wp-content\/uploads\/2024\/07\/aivono-aim-6500-puffs-star-disposable-price.png",1000,1000,false],"2048x2048":["https:\/\/rmvapebang.com\/wp-content\/uploads\/2024\/07\/aivono-aim-6500-puffs-star-disposable-price.png",1000,1000,false],"trp-custom-language-flag":["https:\/\/rmvapebang.com\/wp-content\/uploads\/2024\/07\/aivono-aim-6500-puffs-star-disposable-price.png",12,12,false],"woocommerce_thumbnail":["https:\/\/rmvapebang.com\/wp-content\/uploads\/2024\/07\/aivono-aim-6500-puffs-star-disposable-price-300x300.png",300,300,true],"woocommerce_single":["https:\/\/rmvapebang.com\/wp-content\/uploads\/2024\/07\/aivono-aim-6500-puffs-star-disposable-price-600x600.png",600,600,true],"woocommerce_gallery_thumbnail":["https:\/\/rmvapebang.com\/wp-content\/uploads\/2024\/07\/aivono-aim-6500-puffs-star-disposable-price-100x100.png",100,100,true],"wcpr-photo-reviews":["https:\/\/rmvapebang.com\/wp-content\/uploads\/2024\/07\/aivono-aim-6500-puffs-star-disposable-price.png",500,500,false]},"uagb_author_info":{"display_name":"Lyn","author_link":"https:\/\/rmvapebang.com\/da\/author\/"},"uagb_comment_info":0,"uagb_excerpt":"AIVONO aim star 6500 Puffs Wholesale Price Vape Rechargeable AIVONO aim star vape\u00a0 is a high-capacity rechargeable vape device offering 6500 puffs with 10 flavors and 2%\/5% nicotine levels. Whatsapp:+86 17840853976 Scan on whatsapp for New Client coupon","_links":{"self":[{"href":"https:\/\/rmvapebang.com\/da\/wp-json\/wp\/v2\/product\/2509","targetHints":{"allow":["GET"]}}],"collection":[{"href":"https:\/\/rmvapebang.com\/da\/wp-json\/wp\/v2\/product"}],"about":[{"href":"https:\/\/rmvapebang.com\/da\/wp-json\/wp\/v2\/types\/product"}],"replies":[{"embeddable":true,"href":"https:\/\/rmvapebang.com\/da\/wp-json\/wp\/v2\/comments?post=2509"}],"wp:featuredmedia":[{"embeddable":true,"href":"https:\/\/rmvapebang.com\/da\/wp-json\/wp\/v2\/media\/2503"}],"wp:attachment":[{"href":"https:\/\/rmvapebang.com\/da\/wp-json\/wp\/v2\/media?parent=2509"}],"wp:term":[{"taxonomy":"product_brand","embeddable":true,"href":"https:\/\/rmvapebang.com\/da\/wp-json\/wp\/v2\/product_brand?post=2509"},{"taxonomy":"product_cat","embeddable":true,"href":"https:\/\/rmvapebang.com\/da\/wp-json\/wp\/v2\/product_cat?post=2509"},{"taxonomy":"product_tag","embeddable":true,"href":"https:\/\/rmvapebang.com\/da\/wp-json\/wp\/v2\/product_tag?post=2509"}],"curies":[{"name":"wp","href":"https:\/\/api.w.org\/{rel}","templated":true}]}}