{"id":2229,"date":"2024-04-26T14:10:53","date_gmt":"2024-04-26T06:10:53","guid":{"rendered":"https:\/\/rmvapebang.com\/?post_type=product&#038;p=2229"},"modified":"2025-09-05T15:52:35","modified_gmt":"2025-09-05T07:52:35","slug":"wga-crystal-15k-puffs-15000-bulk-price-vapes","status":"publish","type":"product","link":"https:\/\/rmvapebang.com\/da\/product\/wga-crystal-15k-puffs-15000-bulk-price-vapes\/","title":{"rendered":"WGA Crystal 15k sug 15000 Stykpris vapes"},"content":{"rendered":"<h1>WGA Crystal 15k sug 15000 Stykpris vapes<\/h1>\n<div class=\"flex-1 overflow-hidden\">\n<div class=\"react-scroll-to-bottom--css-rkeqe-79elbk h-full\">\n<div class=\"react-scroll-to-bottom--css-rkeqe-1n7m0yu\">\n<div class=\"flex flex-col text-sm pb-9\">\n<div class=\"w-full text-token-text-primary\" data-testid=\"conversation-turn-7\">\n<div class=\"px-4 py-2 justify-center text-base md:gap-6 m-auto\">\n<div class=\"flex flex-1 text-base mx-auto gap-3 md:px-5 lg:px-1 xl:px-5 md:max-w-3xl lg:max-w-[40rem] xl:max-w-[48rem] group final-completion\">\n<div class=\"relative flex w-full flex-col agent-turn\">\n<div class=\"flex-col gap-1 md:gap-3\">\n<div class=\"flex flex-grow flex-col max-w-full\">\n<div class=\"min-h-[20px] text-message flex flex-col items-start gap-3 whitespace-pre-wrap break-words [.text-message+&amp;]:mt-5 overflow-x-auto\" data-message-author-role=\"assistant\" data-message-id=\"a1f3b89f-a1c9-497d-a989-579b96e752e6\">\n<div class=\"markdown prose w-full break-words dark:prose-invert light\">\n<p>WGA Crystal 15k puffs 15000 Bulk pris vapes er en genopladelig engangs vape puffs. <strong><a href=\"https:\/\/rmvapebang.com\/da\/product-category\/wga-vape\/\">Vape af WGA PUFFS<\/a> <\/strong>har en e-v\u00e6skekapacitet p\u00e5 25 ml og en stor batterikapacitet p\u00e5 650 mAh, hvilket kan give brugerne en langsigtet rygeoplevelse. Den underst\u00f8tter ogs\u00e5 Type-C interface opladere.<\/p>\n<p>WGA 15k har ogs\u00e5 25 smagsvarianter at v\u00e6lge imellem, med rige forskellige smagsvarianter og plus 2%\/5% nikotinmuligheder, hvilket giver kunderne flere valgmuligheder. Den har 15.000 sug og kan bruges i lang tid. Derudover har WGA<a href=\"https:\/\/rmvapebang.com\/da\/product-category\/crystal-vape\/\"><strong> Krystal Vape<\/strong><\/a> er ogs\u00e5 udstyret med et digitalt display.<\/p>\n<p>Du kan se den resterende str\u00f8m og e-v\u00e6skekapacitet mere intuitivt. V\u00e6lg WGA<strong><a href=\"https:\/\/rmvapebang.com\/da\/product-category\/vape-15000-puffs\/\"> 15000 engangs vapes puffs<\/a> <\/strong>for at lade dig opleve gl\u00e6den ved e-cigaretter.<\/p>\n<p><img loading=\"lazy\" decoding=\"async\" class=\"alignnone wp-image-2224\" src=\"http:\/\/rmvapebang.com\/wp-content\/uploads\/2024\/04\/WGA-Crystal-vapes-15k-puffs-best-price.png\" alt=\"WGA Crystal vapes 15k puffs bedste pris\" width=\"506\" height=\"506\" srcset=\"https:\/\/rmvapebang.com\/wp-content\/uploads\/2024\/04\/WGA-Crystal-vapes-15k-puffs-best-price.png 600w, https:\/\/rmvapebang.com\/wp-content\/uploads\/2024\/04\/WGA-Crystal-vapes-15k-puffs-best-price-300x300.png 300w, https:\/\/rmvapebang.com\/wp-content\/uploads\/2024\/04\/WGA-Crystal-vapes-15k-puffs-best-price-150x150.png 150w, https:\/\/rmvapebang.com\/wp-content\/uploads\/2024\/04\/WGA-Crystal-vapes-15k-puffs-best-price-100x100.png 100w\" sizes=\"auto, (max-width: 506px) 100vw, 506px\" \/><\/p>\n<\/div>\n<\/div>\n<\/div>\n<\/div>\n<\/div>\n<\/div>\n<\/div>\n<\/div>\n<\/div>\n<\/div>\n<\/div>\n<\/div>\n<h2><strong>Hvad er smagsvarianterne for vape 15K puffs med 2% og 5% nikotin?<\/strong><\/h2>\n<p>1.Bl\u00e5b\u00e6r Syrlig Hindb\u00e6r<br \/>\n2.Dobbelt \u00c6ble<br \/>\n3.Vandmelon Is<br \/>\n4.Jordb\u00e6r is<br \/>\n5.Triple Mango Pink Lemonade<br \/>\n6.Fizz og Cherry<br \/>\nGummibj\u00f8rn<br \/>\n8.Bl\u00e5b\u00e6r Kirseb\u00e6r Traneb\u00e6r<br \/>\n9.Bl\u00e5 Razz Is<br \/>\n10.Skittles<br \/>\n11.Bl\u00e5b\u00e6r Hindb\u00e6r<br \/>\n12.Bl\u00e5 Razz Lemonade<br \/>\n13. VMT Bull<br \/>\n14. Ispind<br \/>\n15. Bl\u00e5b\u00e6r<br \/>\n16. R\u00f8dt \u00c6ble Is<br \/>\n17. Saftig Fersken<br \/>\n18. Ananas Is<br \/>\n19. Bl\u00e5 Hindb\u00e6r Kirseb\u00e6r<br \/>\n20. Mr. Blue<br \/>\n21. Kirseb\u00e6r Is<br \/>\n22. Kirseb\u00e6r Fersken Lemonade<br \/>\n23. Citron Lime<br \/>\n24. Hubba Bubba<br \/>\n25. Banan Is<\/p>\n<p><span style=\"font-size: 1.7em;font-weight: bold\">Specifikationer for WGA Crystal 15K Puffs:<\/span><\/p>\n<p>\u2013 15k Sug<br \/>\n\u2013 25 Smagsvarianter<br \/>\n\u2013 2%\/5% Nikotinstyrke<br \/>\n\u2013 25 ml E-v\u00e6ske kapacitet<br \/>\n\u2013 Batterikapacitet 650 mAh<\/p>\n<h3>FAQ:<\/h3>\n<p>Q: Hvad er den mindste ordrem\u00e6ngde for vapen?<\/p>\n<p>S: Minimumsbestillingsm\u00e6ngden (MOQ) for WGA Crystal 15000 Puffs Vape er 100 styk.<\/p>\n<p>S: Hvad er leveringstiden for den WGA Crystal 15000 Puffs Vape, jeg har bestilt?<\/p>\n<p>S: Typisk er leveringstiden for WGA pro max E-cigaret 15k Vape 10-15 dage efter afsendelse.<\/p>\n<p>S: Hvor meget koster forsendelsen for Crystal Pro Max 15000 Vape?<\/p>\n<p>Sv: Forsendelsesomkostningerne varierer afh\u00e6ngigt af ordrens v\u00e6gt. Forskellige m\u00e6ngder kan have forskellige forsendelsesomkostninger. Kontakt os venligst for at bekr\u00e6fte forsendelsesomkostningerne for din specifikke ordre.<\/p>\n<p>S: Kan WGA Pro Max 15k Puffs Vape sendes til mit land?<\/p>\n<p>A: Ja, vi kan sende WGA pro max E-cigaret 15000 Puffs Vape til de fleste europ\u00e6iske lande, inklusive, men ikke begr\u00e6nset til, Holland, Tyskland, Frankrig, Spanien, Italien, Belgien, Luxembourg, \u00d8strig, Tjekkiet, Slovakiet, Ungarn, Slovenien, Rum\u00e6nien, Bulgarien, Gr\u00e6kenland, Polen, Sverige, Irland, Portugal, Finland, Estland, Letland og Litauen. Hvis du har specifikke sp\u00f8rgsm\u00e5l om forsendelse til dit land, er du velkommen til at kontakte os.<\/p>\n<p><strong>Kontakt Lyn for flere produktvideoer!<\/strong><\/p>\n<p><a href=\"https:\/\/wa.me\/8617840853976\"><span style=\"color: #ff6600\"><strong><em>Whatsapp:+86 17840853976<\/em><\/strong><\/span><\/a><\/p>\n<p><img loading=\"lazy\" decoding=\"async\" class=\"alignnone size-medium wp-image-1905\" src=\"http:\/\/rmvapebang.com\/wp-content\/uploads\/2024\/03\/whatsapp-vape-2-202x300.jpg\" alt=\"\" width=\"202\" height=\"300\" \/><\/p>\n<p>Find flere produkter, du m\u00e5ske kan lide:<a href=\"https:\/\/rmvapebang.com\/da\/shop-page\/\"><strong><em>K\u00f8b nu<\/em><\/strong><\/a><\/p>\n<p>Andre puff du m\u00e5ske kan lide:<a href=\"https:\/\/rmvapebang.com\/da\/product\/bang-digital-15k-puffs-hot-price-15000-vapes\/\">Bang digital 15000 pust<\/a>,<a href=\"https:\/\/rmvapebang.com\/da\/product\/bang-15k-puffs-shisha-15000-vapes\/\">Bang shisha 15k<\/a>,<a href=\"https:\/\/rmvapebang.com\/da\/product\/fluum-box-15000-puffs-digital-15k-vape\/\">fluum box 15.000 vapes<\/a>,<a href=\"https:\/\/rmvapebang.com\/da\/product\/bang-rocket-18000-puffs-with-low-18k-vapes\/\">Bang Rocket 18000 vapes<\/a><\/p>\n<p><span style=\"color: #ff0000\"><strong>Bem\u00e6rk: Alle produkter inkluderer ikke forsendelsesomkostninger!!!<\/strong><\/span><\/p>","protected":false},"excerpt":{"rendered":"<p>WGA Pro Max engangs 15000 Puffs Engrospris Vape Genopladelig, 15000 Puff er en genopladelig vape-enhed med h\u00f8j kapacitet, der tilbyder 15000 sug med 20 smagsvarianter og 2%\/5% nikotinniveauer.<\/p>\n<p><strong><em>Whatsapp:<a href=\"https:\/\/wa.me\/8617840853976\">+86 17840853976<\/a><\/em><\/strong><\/p>\n<p>Scan p\u00e5 whatsapp for Ny Kunde kupon<\/p>\n<p><img loading=\"lazy\" decoding=\"async\" class=\"alignnone size-medium wp-image-1905\" src=\"http:\/\/rmvapebang.com\/wp-content\/uploads\/2024\/03\/whatsapp-vape-2-202x300.jpg\" alt=\"\" width=\"202\" height=\"300\" \/><\/p>","protected":false},"featured_media":2300,"comment_status":"open","ping_status":"closed","template":"","meta":{"_uag_custom_page_level_css":"","_lmt_disableupdate":"no","_lmt_disable":"","site-sidebar-layout":"no-sidebar","site-content-layout":"boxed-container","ast-site-content-layout":"normal-width-container","site-content-style":"boxed","site-sidebar-style":"boxed","ast-global-header-display":"","ast-banner-title-visibility":"","ast-main-header-display":"","ast-hfb-above-header-display":"","ast-hfb-below-header-display":"","ast-hfb-mobile-header-display":"","site-post-title":"","ast-breadcrumbs-content":"","ast-featured-img":"","footer-sml-layout":"","theme-transparent-header-meta":"default","adv-header-id-meta":"","stick-header-meta":"","header-above-stick-meta":"","header-main-stick-meta":"","header-below-stick-meta":"","astra-migrate-meta-layouts":"set","ast-page-background-enabled":"default","ast-page-background-meta":{"desktop":{"background-color":"","background-image":"","background-repeat":"repeat","background-position":"center center","background-size":"auto","background-attachment":"scroll","background-type":"","background-media":"","overlay-type":"","overlay-color":"","overlay-gradient":""},"tablet":{"background-color":"","background-image":"","background-repeat":"repeat","background-position":"center center","background-size":"auto","background-attachment":"scroll","background-type":"","background-media":"","overlay-type":"","overlay-color":"","overlay-gradient":""},"mobile":{"background-color":"","background-image":"","background-repeat":"repeat","background-position":"center center","background-size":"auto","background-attachment":"scroll","background-type":"","background-media":"","overlay-type":"","overlay-color":"","overlay-gradient":""}},"ast-content-background-meta":{"desktop":{"background-color":"var(--ast-global-color-5)","background-image":"","background-repeat":"repeat","background-position":"center center","background-size":"auto","background-attachment":"scroll","background-type":"","background-media":"","overlay-type":"","overlay-color":"","overlay-gradient":""},"tablet":{"background-color":"var(--ast-global-color-5)","background-image":"","background-repeat":"repeat","background-position":"center center","background-size":"auto","background-attachment":"scroll","background-type":"","background-media":"","overlay-type":"","overlay-color":"","overlay-gradient":""},"mobile":{"background-color":"var(--ast-global-color-5)","background-image":"","background-repeat":"repeat","background-position":"center center","background-size":"auto","background-attachment":"scroll","background-type":"","background-media":"","overlay-type":"","overlay-color":"","overlay-gradient":""}},"_joinchat":[]},"product_brand":[],"product_cat":[115,39,41,42,40,75,43,104],"product_tag":[66,65,50,51,67,49,73,53,70,52],"class_list":{"0":"post-2229","1":"product","2":"type-product","3":"status-publish","4":"has-post-thumbnail","6":"product_cat-crystal-vape","7":"product_cat-france-wholesale-vape","8":"product_cat-netherlands-wholesale-vape","9":"product_cat-spain-wholesale-vape","10":"product_cat-germany-wholesale-vape","11":"product_cat-vape-15000-puffs","12":"product_cat-vape-shop","13":"product_cat-wga-vape","14":"product_tag-15000-puffs","15":"product_tag-15k-puffs","16":"product_tag-bulk-price-vape-shop","17":"product_tag-disposable-vape","18":"product_tag-fast-price-sales","19":"product_tag-minimum-order-quantity-100pcs","20":"product_tag-new-product","21":"product_tag-rechargeable-vape","22":"product_tag-the-moq-is-100","23":"product_tag-vape-wholesasle-price","24":"desktop-align-left","25":"tablet-align-left","26":"mobile-align-left","28":"first","29":"instock","30":"sale","31":"shipping-taxable","32":"purchasable","33":"product-type-simple"},"yoast_head":"<!-- This site is optimized with the Yoast SEO plugin v23.0 - https:\/\/yoast.com\/wordpress\/plugins\/seo\/ -->\n<title>WGA Crystal 15k puffs 15000 Bulk price vapes - rmvapebang.com<\/title>\n<meta name=\"description\" content=\"WGA Pro Max 15000 Puffs Wholesale Price 15K Puffs Vape\uff0c2% and 5% nicotine to choose. Contact now to get Wholesale Price of WGA Crystal Pro Max 15000 vape!\" \/>\n<meta name=\"robots\" content=\"index, follow, max-snippet:-1, max-image-preview:large, max-video-preview:-1\" \/>\n<link rel=\"canonical\" href=\"https:\/\/rmvapebang.com\/da\/product\/wga-crystal-15k-puffs-15000-bulk-price-vapes\/\" \/>\n<meta property=\"og:locale\" content=\"da_DK\" \/>\n<meta property=\"og:type\" content=\"article\" \/>\n<meta property=\"og:title\" content=\"WGA Crystal 15k puffs 15000 Bulk price vapes - rmvapebang.com\" \/>\n<meta property=\"og:description\" content=\"WGA Pro Max 15000 Puffs Wholesale Price 15K Puffs Vape\uff0c2% and 5% nicotine to choose. Contact now to get Wholesale Price of WGA Crystal Pro Max 15000 vape!\" \/>\n<meta property=\"og:url\" content=\"https:\/\/rmvapebang.com\/da\/product\/wga-crystal-15k-puffs-15000-bulk-price-vapes\/\" \/>\n<meta property=\"og:site_name\" content=\"rmvapebang.com\" \/>\n<meta property=\"article:modified_time\" content=\"2025-09-05T07:52:35+00:00\" \/>\n<meta property=\"og:image\" content=\"https:\/\/rmvapebang.com\/wp-content\/uploads\/2024\/05\/WGA-CRYSTAL-15k-puff-WHOLESALES-scaled.jpg\" \/>\n\t<meta property=\"og:image:width\" content=\"1920\" \/>\n\t<meta property=\"og:image:height\" content=\"2560\" \/>\n\t<meta property=\"og:image:type\" content=\"image\/jpeg\" \/>\n<meta name=\"twitter:card\" content=\"summary_large_image\" \/>\n<meta name=\"twitter:label1\" content=\"Estimeret l\u00e6setid\" \/>\n\t<meta name=\"twitter:data1\" content=\"3 minutter\" \/>\n<script type=\"application\/ld+json\" class=\"yoast-schema-graph\">{\"@context\":\"https:\/\/schema.org\",\"@graph\":[{\"@type\":\"WebPage\",\"@id\":\"https:\/\/rmvapebang.com\/product\/wga-crystal-15k-puffs-15000-bulk-price-vapes\/\",\"url\":\"https:\/\/rmvapebang.com\/product\/wga-crystal-15k-puffs-15000-bulk-price-vapes\/\",\"name\":\"WGA Crystal 15k puffs 15000 Bulk price vapes - rmvapebang.com\",\"isPartOf\":{\"@id\":\"https:\/\/rmvapebang.com\/#website\"},\"primaryImageOfPage\":{\"@id\":\"https:\/\/rmvapebang.com\/product\/wga-crystal-15k-puffs-15000-bulk-price-vapes\/#primaryimage\"},\"image\":{\"@id\":\"https:\/\/rmvapebang.com\/product\/wga-crystal-15k-puffs-15000-bulk-price-vapes\/#primaryimage\"},\"thumbnailUrl\":\"https:\/\/rmvapebang.com\/wp-content\/uploads\/2024\/05\/WGA-CRYSTAL-15k-puff-WHOLESALES-scaled.jpg\",\"datePublished\":\"2024-04-26T06:10:53+00:00\",\"dateModified\":\"2025-09-05T07:52:35+00:00\",\"description\":\"WGA Pro Max 15000 Puffs Wholesale Price 15K Puffs Vape\uff0c2% and 5% nicotine to choose. Contact now to get Wholesale Price of WGA Crystal Pro Max 15000 vape!\",\"breadcrumb\":{\"@id\":\"https:\/\/rmvapebang.com\/product\/wga-crystal-15k-puffs-15000-bulk-price-vapes\/#breadcrumb\"},\"inLanguage\":\"da-DK\",\"potentialAction\":[{\"@type\":\"ReadAction\",\"target\":[\"https:\/\/rmvapebang.com\/product\/wga-crystal-15k-puffs-15000-bulk-price-vapes\/\"]}]},{\"@type\":\"ImageObject\",\"inLanguage\":\"da-DK\",\"@id\":\"https:\/\/rmvapebang.com\/product\/wga-crystal-15k-puffs-15000-bulk-price-vapes\/#primaryimage\",\"url\":\"https:\/\/rmvapebang.com\/wp-content\/uploads\/2024\/05\/WGA-CRYSTAL-15k-puff-WHOLESALES-scaled.jpg\",\"contentUrl\":\"https:\/\/rmvapebang.com\/wp-content\/uploads\/2024\/05\/WGA-CRYSTAL-15k-puff-WHOLESALES-scaled.jpg\",\"width\":1920,\"height\":2560,\"caption\":\"WGA CRYSTAL 15k puff WHOLESALES\"},{\"@type\":\"BreadcrumbList\",\"@id\":\"https:\/\/rmvapebang.com\/product\/wga-crystal-15k-puffs-15000-bulk-price-vapes\/#breadcrumb\",\"itemListElement\":[{\"@type\":\"ListItem\",\"position\":1,\"name\":\"Home\",\"item\":\"https:\/\/rmvapebang.com\/\"},{\"@type\":\"ListItem\",\"position\":2,\"name\":\"Hot Vape Shop\",\"item\":\"https:\/\/rmvapebang.com\/shop-page\/\"},{\"@type\":\"ListItem\",\"position\":3,\"name\":\"WGA Crystal 15k puffs 15000 Bulk price vapes\"}]},{\"@type\":\"WebSite\",\"@id\":\"https:\/\/rmvapebang.com\/#website\",\"url\":\"https:\/\/rmvapebang.com\/\",\"name\":\"rmvapebang.com\",\"description\":\"buy vape cheap\",\"publisher\":{\"@id\":\"https:\/\/rmvapebang.com\/#organization\"},\"potentialAction\":[{\"@type\":\"SearchAction\",\"target\":{\"@type\":\"EntryPoint\",\"urlTemplate\":\"https:\/\/rmvapebang.com\/?s={search_term_string}\"},\"query-input\":\"required name=search_term_string\"}],\"inLanguage\":\"da-DK\"},{\"@type\":\"Organization\",\"@id\":\"https:\/\/rmvapebang.com\/#organization\",\"name\":\"rmvapebang.com\",\"url\":\"https:\/\/rmvapebang.com\/\",\"logo\":{\"@type\":\"ImageObject\",\"inLanguage\":\"da-DK\",\"@id\":\"https:\/\/rmvapebang.com\/#\/schema\/logo\/image\/\",\"url\":\"https:\/\/rmvapebang.com\/wp-content\/uploads\/2024\/03\/cropped-RVBlogo.png\",\"contentUrl\":\"https:\/\/rmvapebang.com\/wp-content\/uploads\/2024\/03\/cropped-RVBlogo.png\",\"width\":507,\"height\":169,\"caption\":\"rmvapebang.com\"},\"image\":{\"@id\":\"https:\/\/rmvapebang.com\/#\/schema\/logo\/image\/\"}}]}<\/script>\n<!-- \/ Yoast SEO plugin. -->","yoast_head_json":{"title":"WGA Crystal 15k puffs 15000 Bulk price vapes - rmvapebang.com","description":"WGA Pro Max 15000 Puffs Wholesale Price 15K Puffs Vape\uff0c2% and 5% nicotine to choose. Contact now to get Wholesale Price of WGA Crystal Pro Max 15000 vape!","robots":{"index":"index","follow":"follow","max-snippet":"max-snippet:-1","max-image-preview":"max-image-preview:large","max-video-preview":"max-video-preview:-1"},"canonical":"https:\/\/rmvapebang.com\/da\/product\/wga-crystal-15k-puffs-15000-bulk-price-vapes\/","og_locale":"da_DK","og_type":"article","og_title":"WGA Crystal 15k puffs 15000 Bulk price vapes - rmvapebang.com","og_description":"WGA Pro Max 15000 Puffs Wholesale Price 15K Puffs Vape\uff0c2% and 5% nicotine to choose. Contact now to get Wholesale Price of WGA Crystal Pro Max 15000 vape!","og_url":"https:\/\/rmvapebang.com\/da\/product\/wga-crystal-15k-puffs-15000-bulk-price-vapes\/","og_site_name":"rmvapebang.com","article_modified_time":"2025-09-05T07:52:35+00:00","og_image":[{"width":1920,"height":2560,"url":"https:\/\/rmvapebang.com\/wp-content\/uploads\/2024\/05\/WGA-CRYSTAL-15k-puff-WHOLESALES-scaled.jpg","type":"image\/jpeg"}],"twitter_card":"summary_large_image","twitter_misc":{"Estimeret l\u00e6setid":"3 minutter"},"schema":{"@context":"https:\/\/schema.org","@graph":[{"@type":"WebPage","@id":"https:\/\/rmvapebang.com\/product\/wga-crystal-15k-puffs-15000-bulk-price-vapes\/","url":"https:\/\/rmvapebang.com\/product\/wga-crystal-15k-puffs-15000-bulk-price-vapes\/","name":"WGA Crystal 15k puffs 15000 Bulk price vapes - rmvapebang.com","isPartOf":{"@id":"https:\/\/rmvapebang.com\/#website"},"primaryImageOfPage":{"@id":"https:\/\/rmvapebang.com\/product\/wga-crystal-15k-puffs-15000-bulk-price-vapes\/#primaryimage"},"image":{"@id":"https:\/\/rmvapebang.com\/product\/wga-crystal-15k-puffs-15000-bulk-price-vapes\/#primaryimage"},"thumbnailUrl":"https:\/\/rmvapebang.com\/wp-content\/uploads\/2024\/05\/WGA-CRYSTAL-15k-puff-WHOLESALES-scaled.jpg","datePublished":"2024-04-26T06:10:53+00:00","dateModified":"2025-09-05T07:52:35+00:00","description":"WGA Pro Max 15000 Puffs Wholesale Price 15K Puffs Vape\uff0c2% and 5% nicotine to choose. Contact now to get Wholesale Price of WGA Crystal Pro Max 15000 vape!","breadcrumb":{"@id":"https:\/\/rmvapebang.com\/product\/wga-crystal-15k-puffs-15000-bulk-price-vapes\/#breadcrumb"},"inLanguage":"da-DK","potentialAction":[{"@type":"ReadAction","target":["https:\/\/rmvapebang.com\/product\/wga-crystal-15k-puffs-15000-bulk-price-vapes\/"]}]},{"@type":"ImageObject","inLanguage":"da-DK","@id":"https:\/\/rmvapebang.com\/product\/wga-crystal-15k-puffs-15000-bulk-price-vapes\/#primaryimage","url":"https:\/\/rmvapebang.com\/wp-content\/uploads\/2024\/05\/WGA-CRYSTAL-15k-puff-WHOLESALES-scaled.jpg","contentUrl":"https:\/\/rmvapebang.com\/wp-content\/uploads\/2024\/05\/WGA-CRYSTAL-15k-puff-WHOLESALES-scaled.jpg","width":1920,"height":2560,"caption":"WGA CRYSTAL 15k puff WHOLESALES"},{"@type":"BreadcrumbList","@id":"https:\/\/rmvapebang.com\/product\/wga-crystal-15k-puffs-15000-bulk-price-vapes\/#breadcrumb","itemListElement":[{"@type":"ListItem","position":1,"name":"Home","item":"https:\/\/rmvapebang.com\/"},{"@type":"ListItem","position":2,"name":"Hot Vape Shop","item":"https:\/\/rmvapebang.com\/shop-page\/"},{"@type":"ListItem","position":3,"name":"WGA Crystal 15k puffs 15000 Bulk price vapes"}]},{"@type":"WebSite","@id":"https:\/\/rmvapebang.com\/#website","url":"https:\/\/rmvapebang.com\/","name":"rmvapebang.com","description":"buy vape cheap","publisher":{"@id":"https:\/\/rmvapebang.com\/#organization"},"potentialAction":[{"@type":"SearchAction","target":{"@type":"EntryPoint","urlTemplate":"https:\/\/rmvapebang.com\/?s={search_term_string}"},"query-input":"required name=search_term_string"}],"inLanguage":"da-DK"},{"@type":"Organization","@id":"https:\/\/rmvapebang.com\/#organization","name":"rmvapebang.com","url":"https:\/\/rmvapebang.com\/","logo":{"@type":"ImageObject","inLanguage":"da-DK","@id":"https:\/\/rmvapebang.com\/#\/schema\/logo\/image\/","url":"https:\/\/rmvapebang.com\/wp-content\/uploads\/2024\/03\/cropped-RVBlogo.png","contentUrl":"https:\/\/rmvapebang.com\/wp-content\/uploads\/2024\/03\/cropped-RVBlogo.png","width":507,"height":169,"caption":"rmvapebang.com"},"image":{"@id":"https:\/\/rmvapebang.com\/#\/schema\/logo\/image\/"}}]}},"uagb_featured_image_src":{"full":["https:\/\/rmvapebang.com\/wp-content\/uploads\/2024\/05\/WGA-CRYSTAL-15k-puff-WHOLESALES-scaled.jpg",1920,2560,false],"thumbnail":["https:\/\/rmvapebang.com\/wp-content\/uploads\/2024\/05\/WGA-CRYSTAL-15k-puff-WHOLESALES-150x150.jpg",150,150,true],"medium":["https:\/\/rmvapebang.com\/wp-content\/uploads\/2024\/05\/WGA-CRYSTAL-15k-puff-WHOLESALES-225x300.jpg",225,300,true],"medium_large":["https:\/\/rmvapebang.com\/wp-content\/uploads\/2024\/05\/WGA-CRYSTAL-15k-puff-WHOLESALES-768x1024.jpg",768,1024,true],"large":["https:\/\/rmvapebang.com\/wp-content\/uploads\/2024\/05\/WGA-CRYSTAL-15k-puff-WHOLESALES-768x1024.jpg",768,1024,true],"1536x1536":["https:\/\/rmvapebang.com\/wp-content\/uploads\/2024\/05\/WGA-CRYSTAL-15k-puff-WHOLESALES-1152x1536.jpg",1152,1536,true],"2048x2048":["https:\/\/rmvapebang.com\/wp-content\/uploads\/2024\/05\/WGA-CRYSTAL-15k-puff-WHOLESALES-1536x2048.jpg",1536,2048,true],"trp-custom-language-flag":["https:\/\/rmvapebang.com\/wp-content\/uploads\/2024\/05\/WGA-CRYSTAL-15k-puff-WHOLESALES-scaled.jpg",9,12,false],"woocommerce_thumbnail":["https:\/\/rmvapebang.com\/wp-content\/uploads\/2024\/05\/WGA-CRYSTAL-15k-puff-WHOLESALES-300x300.jpg",300,300,true],"woocommerce_single":["https:\/\/rmvapebang.com\/wp-content\/uploads\/2024\/05\/WGA-CRYSTAL-15k-puff-WHOLESALES-600x800.jpg",600,800,true],"woocommerce_gallery_thumbnail":["https:\/\/rmvapebang.com\/wp-content\/uploads\/2024\/05\/WGA-CRYSTAL-15k-puff-WHOLESALES-100x100.jpg",100,100,true],"wcpr-photo-reviews":["https:\/\/rmvapebang.com\/wp-content\/uploads\/2024\/05\/WGA-CRYSTAL-15k-puff-WHOLESALES-scaled.jpg",375,500,false]},"uagb_author_info":{"display_name":"Lyn","author_link":"https:\/\/rmvapebang.com\/da\/author\/"},"uagb_comment_info":0,"uagb_excerpt":"WGA Pro Max disposable 15000 Puffs Wholesale Price Vape Rechargeable, 15000 Puff is a high-capacity rechargeable vape device offering 15000 puffs with 20 flavors and 2%\/5% nicotine levels. Whatsapp:+86 17840853976 Scan on whatsapp for New Client coupon","_links":{"self":[{"href":"https:\/\/rmvapebang.com\/da\/wp-json\/wp\/v2\/product\/2229","targetHints":{"allow":["GET"]}}],"collection":[{"href":"https:\/\/rmvapebang.com\/da\/wp-json\/wp\/v2\/product"}],"about":[{"href":"https:\/\/rmvapebang.com\/da\/wp-json\/wp\/v2\/types\/product"}],"replies":[{"embeddable":true,"href":"https:\/\/rmvapebang.com\/da\/wp-json\/wp\/v2\/comments?post=2229"}],"wp:featuredmedia":[{"embeddable":true,"href":"https:\/\/rmvapebang.com\/da\/wp-json\/wp\/v2\/media\/2300"}],"wp:attachment":[{"href":"https:\/\/rmvapebang.com\/da\/wp-json\/wp\/v2\/media?parent=2229"}],"wp:term":[{"taxonomy":"product_brand","embeddable":true,"href":"https:\/\/rmvapebang.com\/da\/wp-json\/wp\/v2\/product_brand?post=2229"},{"taxonomy":"product_cat","embeddable":true,"href":"https:\/\/rmvapebang.com\/da\/wp-json\/wp\/v2\/product_cat?post=2229"},{"taxonomy":"product_tag","embeddable":true,"href":"https:\/\/rmvapebang.com\/da\/wp-json\/wp\/v2\/product_tag?post=2229"}],"curies":[{"name":"wp","href":"https:\/\/api.w.org\/{rel}","templated":true}]}}