{"id":2124,"date":"2024-04-17T15:41:17","date_gmt":"2024-04-17T07:41:17","guid":{"rendered":"https:\/\/rmvapebang.com\/?post_type=product&#038;p=2124"},"modified":"2024-12-14T17:15:04","modified_gmt":"2024-12-14T09:15:04","slug":"utco-e-cigarette-9000-puffs-wholesale-price-9k-vape","status":"publish","type":"product","link":"https:\/\/rmvapebang.com\/da\/product\/utco-e-cigarette-9000-puffs-wholesale-price-9k-vape\/","title":{"rendered":"UTCO E-cigaret 9000 PUFFS Engrospris 9k Vape"},"content":{"rendered":"<h1>UTCO E-cigaret 9000 PUFFS Engrospris 9k Vape<\/h1>\n<div class=\"flex-1 overflow-hidden\">\n<div class=\"react-scroll-to-bottom--css-rkeqe-79elbk h-full\">\n<div class=\"react-scroll-to-bottom--css-rkeqe-1n7m0yu\">\n<div class=\"flex flex-col text-sm pb-9\">\n<div class=\"w-full text-token-text-primary\" data-testid=\"conversation-turn-7\">\n<div class=\"px-4 py-2 justify-center text-base md:gap-6 m-auto\">\n<div class=\"flex flex-1 text-base mx-auto gap-3 md:px-5 lg:px-1 xl:px-5 md:max-w-3xl lg:max-w-[40rem] xl:max-w-[48rem] group final-completion\">\n<div class=\"relative flex w-full flex-col agent-turn\">\n<div class=\"flex-col gap-1 md:gap-3\">\n<div class=\"flex flex-grow flex-col max-w-full\">\n<div class=\"min-h-[20px] text-message flex flex-col items-start gap-3 whitespace-pre-wrap break-words [.text-message+&amp;]:mt-5 overflow-x-auto\" data-message-author-role=\"assistant\" data-message-id=\"a1f3b89f-a1c9-497d-a989-579b96e752e6\">\n<div class=\"markdown prose w-full break-words dark:prose-invert light\">\n<p>UTCO E-cigaret 9000 PUFFS Hot Sales 9k Vape, UTCO's n\u00f8gleteknologi er dens nikotinsaltformel af h\u00f8j kvalitet, tilg\u00e6ngelig i 2% og 5% koncentrationer som valgbare muligheder, hvilket sikrer en j\u00e6vn og behagelig oplevelse for det meste. UTCO's 850mAh og store e-v\u00e6ske kapacitet p\u00e5 18 ml giver dig mulighed for at nyde at ryge i lang tid uden at skulle skifte e-v\u00e6ske og oplade ofte. Giver dig mulighed for at nyde din rygeoplevelse med mere ro i sindet.<\/p>\n<p>Det justerbare luftstr\u00f8mssystem, der styrer UTCO, kan justeres pr\u00e6cist efter dine rygevaner, hvilket giver brugerne mulighed for at tilpasse deres stil. Derudover tilf\u00f8jer den 6-farvede RGB-belysning noget personlighed og stil til din enhed. Denne har ogs\u00e5 50 smagsvarianter at v\u00e6lge imellem. Det er den nyeste stil og er nu meget popul\u00e6r p\u00e5 markedet.<\/p>\n<p><img loading=\"lazy\" decoding=\"async\" class=\"size-medium wp-image-2128\" src=\"http:\/\/rmvapebang.com\/wp-content\/uploads\/2024\/04\/UTCO-e-cigarette-PUFF-9000-good-price-300x235.jpg\" alt=\"UTCO vape PUFF 9K god pris\" width=\"300\" height=\"235\" srcset=\"https:\/\/rmvapebang.com\/wp-content\/uploads\/2024\/04\/UTCO-e-cigarette-PUFF-9000-good-price-300x235.jpg 300w, https:\/\/rmvapebang.com\/wp-content\/uploads\/2024\/04\/UTCO-e-cigarette-PUFF-9000-good-price-1024x801.jpg 1024w, https:\/\/rmvapebang.com\/wp-content\/uploads\/2024\/04\/UTCO-e-cigarette-PUFF-9000-good-price-768x601.jpg 768w, https:\/\/rmvapebang.com\/wp-content\/uploads\/2024\/04\/UTCO-e-cigarette-PUFF-9000-good-price-1536x1202.jpg 1536w, https:\/\/rmvapebang.com\/wp-content\/uploads\/2024\/04\/UTCO-e-cigarette-PUFF-9000-good-price-2048x1603.jpg 2048w, https:\/\/rmvapebang.com\/wp-content\/uploads\/2024\/04\/UTCO-e-cigarette-PUFF-9000-good-price-600x470.jpg 600w\" sizes=\"auto, (max-width: 300px) 100vw, 300px\" \/><\/p>\n<\/div>\n<\/div>\n<\/div>\n<\/div>\n<\/div>\n<\/div>\n<\/div>\n<\/div>\n<\/div>\n<\/div>\n<\/div>\n<\/div>\n<h2><strong>Hvilke smagsvarianter er der til vape 9K puffs med 2% og 5% nikotin?<\/strong><\/h2>\n<p>1 Bl\u00e5b\u00e6r Hindb\u00e6r<br \/>\n2 Mr Blue<br \/>\n3 Jordb\u00e6r Vandmelon<br \/>\n4 Appelsin Sodavand<br \/>\n5 Vandmelon Bubble Gum<br \/>\n6 Regnbue Slik<br \/>\n7 Lyser\u00f8d Limonade<br \/>\n8 Fersken Mango Ananas<br \/>\n9 Jordb\u00e6r Banan<br \/>\n10 Vandmelon Is<br \/>\n11 Sort Drage Is<br \/>\n12 Aloe Vindrue<br \/>\n13 Jordb\u00e6r Vindrue<br \/>\n14 Citron Lime<br \/>\n15 Is Pop<br \/>\n16 Bl\u00e5b\u00e6r P\u00e5 Is<br \/>\n17 Bl\u00e5 Hindb\u00e6r Is<br \/>\n18 Blandede B\u00e6r<br \/>\n19 Kirseb\u00e6r Cola<br \/>\n20 Jordb\u00e6r Mango<br \/>\n21 Kiwi Passionsfrugt Guava<br \/>\n22 Sort Is<\/p>\n<p><span style=\"font-size: 1.7em;font-weight: bold\">Specifikationer For UTCO E-cigaretten 9K Puffs:<\/span><\/p>\n<p>\u2013 9k Pust<br \/>\n\u201350 Smagsvarianter<br \/>\n\u2013 2%\/5% Nikotinstyrke<br \/>\n\u2013 18 ml E-v\u00e6ske Kapacitet<br \/>\n\u2013 Batterikapacitet 850 mAh<\/p>\n<h3>FAQ:<\/h3>\n<p>Q: Hvad er den mindste ordrem\u00e6ngde for vapen?<\/p>\n<p>S: Minimumsordrem\u00e6ngden (MOQ) for UTCO E-cigaretten 9000 Pust Vape er 50 stk.<\/p>\n<p>S: Hvad er leveringstiden for UTCO E-cigaretten 9K Pust Vape jeg har bestilt?<\/p>\n<p>S: Typisk er leveringstiden for UTCO E-cigaretten 9K Pust Vape 10-15 dage efter afsendelse.<\/p>\n<p>S: Hvor meget er forsendelsesomkostningerne for UTCO E-cigaretten 9000 Vape?<\/p>\n<p>Sv: Forsendelsesomkostningerne varierer afh\u00e6ngigt af ordrens v\u00e6gt. Forskellige m\u00e6ngder kan have forskellige forsendelsesomkostninger. Kontakt os venligst for at bekr\u00e6fte forsendelsesomkostningerne for din specifikke ordre.<\/p>\n<p>S: Kan UTCO E-cigaretten 9000 Pust Vape sendes til mit land?<\/p>\n<p>S: Ja, vi kan sende UTCO E-cigaretten 9000 Pust Vape til de fleste europ\u00e6iske lande, herunder men ikke begr\u00e6nset til Danmark, Tyskland, Frankrig, Spanien, Italien, Belgien, Luxembourg, \u00d8strig, Tjekkiet, Slovakiet, Ungarn, Slovenien, Rum\u00e6nien, Bulgarien, Gr\u00e6kenland, Polen, Sverige, Irland, Portugal, Finland, Estland, Letland og Litauen. Hvis du har specifikke sp\u00f8rgsm\u00e5l om forsendelse til dit land, er du velkommen til at kontakte os.<\/p>\n<p><strong>Kontakt Lyn for flere produktvideoer!<\/strong><\/p>\n<p><a href=\"https:\/\/wa.me\/8617840853976\"><span style=\"color: #ff6600\"><strong><em>Whatsapp:+86 17840853976<\/em><\/strong><\/span><\/a><\/p>\n<p><img loading=\"lazy\" decoding=\"async\" class=\"alignnone size-medium wp-image-1905\" src=\"http:\/\/rmvapebang.com\/wp-content\/uploads\/2024\/03\/whatsapp-vape-2-202x300.jpg\" alt=\"\" width=\"202\" height=\"300\" \/><\/p>\n<p>Find flere produkter, du m\u00e5ske kan lide:<a href=\"https:\/\/rmvapebang.com\/da\/shop-page\/\"><strong><em>K\u00f8b nu<\/em><\/strong><\/a><\/p>\n<p>Andre puff du m\u00e5ske kan lide:<\/p>\n<p><span style=\"color: #ff0000\"><strong>Bem\u00e6rk: Alle produkter inkluderer ikke forsendelsesomkostninger!!!<\/strong><\/span><\/p>","protected":false},"excerpt":{"rendered":"<p>UTCO E-cigaret 9000 Puffs Engrospris Vape Genopladelig<\/p>\n<p>UTCO E-cigaret 9000 Puff er en genopladelig vape-enhed med h\u00f8j kapacitet, der tilbyder 9000 sug med 50 smagsvarianter og 2%\/5% nikotinniveauer.<\/p>\n<p><strong><em>Whatsapp:<a href=\"https:\/\/wa.me\/8617840853976\">+86 17840853976<\/a><\/em><\/strong><\/p>\n<p>Scan p\u00e5 whatsapp for Ny Kunde kupon<\/p>\n<p><img loading=\"lazy\" decoding=\"async\" class=\"alignnone size-medium wp-image-1905\" src=\"http:\/\/rmvapebang.com\/wp-content\/uploads\/2024\/03\/whatsapp-vape-2-202x300.jpg\" alt=\"\" width=\"202\" height=\"300\" \/><\/p>","protected":false},"featured_media":2126,"comment_status":"open","ping_status":"closed","template":"","meta":{"_uag_custom_page_level_css":"","_lmt_disableupdate":"no","_lmt_disable":"","site-sidebar-layout":"no-sidebar","site-content-layout":"boxed-container","ast-site-content-layout":"normal-width-container","site-content-style":"boxed","site-sidebar-style":"boxed","ast-global-header-display":"","ast-banner-title-visibility":"","ast-main-header-display":"","ast-hfb-above-header-display":"","ast-hfb-below-header-display":"","ast-hfb-mobile-header-display":"","site-post-title":"","ast-breadcrumbs-content":"","ast-featured-img":"","footer-sml-layout":"","theme-transparent-header-meta":"default","adv-header-id-meta":"","stick-header-meta":"","header-above-stick-meta":"","header-main-stick-meta":"","header-below-stick-meta":"","astra-migrate-meta-layouts":"set","ast-page-background-enabled":"default","ast-page-background-meta":{"desktop":{"background-color":"","background-image":"","background-repeat":"repeat","background-position":"center center","background-size":"auto","background-attachment":"scroll","background-type":"","background-media":"","overlay-type":"","overlay-color":"","overlay-gradient":""},"tablet":{"background-color":"","background-image":"","background-repeat":"repeat","background-position":"center center","background-size":"auto","background-attachment":"scroll","background-type":"","background-media":"","overlay-type":"","overlay-color":"","overlay-gradient":""},"mobile":{"background-color":"","background-image":"","background-repeat":"repeat","background-position":"center center","background-size":"auto","background-attachment":"scroll","background-type":"","background-media":"","overlay-type":"","overlay-color":"","overlay-gradient":""}},"ast-content-background-meta":{"desktop":{"background-color":"var(--ast-global-color-5)","background-image":"","background-repeat":"repeat","background-position":"center center","background-size":"auto","background-attachment":"scroll","background-type":"","background-media":"","overlay-type":"","overlay-color":"","overlay-gradient":""},"tablet":{"background-color":"var(--ast-global-color-5)","background-image":"","background-repeat":"repeat","background-position":"center center","background-size":"auto","background-attachment":"scroll","background-type":"","background-media":"","overlay-type":"","overlay-color":"","overlay-gradient":""},"mobile":{"background-color":"var(--ast-global-color-5)","background-image":"","background-repeat":"repeat","background-position":"center center","background-size":"auto","background-attachment":"scroll","background-type":"","background-media":"","overlay-type":"","overlay-color":"","overlay-gradient":""}},"_joinchat":[]},"product_brand":[],"product_cat":[15],"product_tag":[],"class_list":{"0":"post-2124","1":"product","2":"type-product","3":"status-publish","4":"has-post-thumbnail","6":"product_cat-eu-warehouse","7":"desktop-align-left","8":"tablet-align-left","9":"mobile-align-left","11":"first","12":"outofstock","13":"sale","14":"shipping-taxable","15":"purchasable","16":"product-type-simple"},"yoast_head":"<!-- This site is optimized with the Yoast SEO plugin v23.0 - https:\/\/yoast.com\/wordpress\/plugins\/seo\/ -->\n<title>UTCO E-cigarette 9000 PUFFS Wholesale Price 9k Vape - rmvapebang.com<\/title>\n<meta name=\"description\" content=\"UTCO E-cigarette 9000 Puffs Wholesale Price 9K Puffs Vape\uff0c2% and 5% nicotine to choose. Contact now to get Wholesale Fast Price of UTCO 9000 vape!\" \/>\n<meta name=\"robots\" content=\"index, follow, max-snippet:-1, max-image-preview:large, max-video-preview:-1\" \/>\n<link rel=\"canonical\" href=\"https:\/\/rmvapebang.com\/da\/product\/utco-e-cigarette-9000-puffs-wholesale-price-9k-vape\/\" \/>\n<meta property=\"og:locale\" content=\"da_DK\" \/>\n<meta property=\"og:type\" content=\"article\" \/>\n<meta property=\"og:title\" content=\"UTCO E-cigarette 9000 PUFFS Wholesale Price 9k Vape - rmvapebang.com\" \/>\n<meta property=\"og:description\" content=\"UTCO E-cigarette 9000 Puffs Wholesale Price 9K Puffs Vape\uff0c2% and 5% nicotine to choose. Contact now to get Wholesale Fast Price of UTCO 9000 vape!\" \/>\n<meta property=\"og:url\" content=\"https:\/\/rmvapebang.com\/da\/product\/utco-e-cigarette-9000-puffs-wholesale-price-9k-vape\/\" \/>\n<meta property=\"og:site_name\" content=\"rmvapebang.com\" \/>\n<meta property=\"article:modified_time\" content=\"2024-12-14T09:15:04+00:00\" \/>\n<meta property=\"og:image\" content=\"https:\/\/rmvapebang.com\/wp-content\/uploads\/2024\/04\/UTCO-e-cigarette-9000-PUFFS-good-price.jpg\" \/>\n\t<meta property=\"og:image:width\" content=\"1600\" \/>\n\t<meta property=\"og:image:height\" content=\"1600\" \/>\n\t<meta property=\"og:image:type\" content=\"image\/jpeg\" \/>\n<meta name=\"twitter:card\" content=\"summary_large_image\" \/>\n<meta name=\"twitter:label1\" content=\"Estimeret l\u00e6setid\" \/>\n\t<meta name=\"twitter:data1\" content=\"3 minutter\" \/>\n<script type=\"application\/ld+json\" class=\"yoast-schema-graph\">{\"@context\":\"https:\/\/schema.org\",\"@graph\":[{\"@type\":\"WebPage\",\"@id\":\"https:\/\/rmvapebang.com\/product\/utco-e-cigarette-9000-puffs-wholesale-price-9k-vape\/\",\"url\":\"https:\/\/rmvapebang.com\/product\/utco-e-cigarette-9000-puffs-wholesale-price-9k-vape\/\",\"name\":\"UTCO E-cigarette 9000 PUFFS Wholesale Price 9k Vape - rmvapebang.com\",\"isPartOf\":{\"@id\":\"https:\/\/rmvapebang.com\/#website\"},\"primaryImageOfPage\":{\"@id\":\"https:\/\/rmvapebang.com\/product\/utco-e-cigarette-9000-puffs-wholesale-price-9k-vape\/#primaryimage\"},\"image\":{\"@id\":\"https:\/\/rmvapebang.com\/product\/utco-e-cigarette-9000-puffs-wholesale-price-9k-vape\/#primaryimage\"},\"thumbnailUrl\":\"https:\/\/rmvapebang.com\/wp-content\/uploads\/2024\/04\/UTCO-e-cigarette-9000-PUFFS-good-price.jpg\",\"datePublished\":\"2024-04-17T07:41:17+00:00\",\"dateModified\":\"2024-12-14T09:15:04+00:00\",\"description\":\"UTCO E-cigarette 9000 Puffs Wholesale Price 9K Puffs Vape\uff0c2% and 5% nicotine to choose. Contact now to get Wholesale Fast Price of UTCO 9000 vape!\",\"breadcrumb\":{\"@id\":\"https:\/\/rmvapebang.com\/product\/utco-e-cigarette-9000-puffs-wholesale-price-9k-vape\/#breadcrumb\"},\"inLanguage\":\"da-DK\",\"potentialAction\":[{\"@type\":\"ReadAction\",\"target\":[\"https:\/\/rmvapebang.com\/product\/utco-e-cigarette-9000-puffs-wholesale-price-9k-vape\/\"]}]},{\"@type\":\"ImageObject\",\"inLanguage\":\"da-DK\",\"@id\":\"https:\/\/rmvapebang.com\/product\/utco-e-cigarette-9000-puffs-wholesale-price-9k-vape\/#primaryimage\",\"url\":\"https:\/\/rmvapebang.com\/wp-content\/uploads\/2024\/04\/UTCO-e-cigarette-9000-PUFFS-good-price.jpg\",\"contentUrl\":\"https:\/\/rmvapebang.com\/wp-content\/uploads\/2024\/04\/UTCO-e-cigarette-9000-PUFFS-good-price.jpg\",\"width\":1600,\"height\":1600,\"caption\":\"UTCO e-cigarette 9000 PUFFS good price\"},{\"@type\":\"BreadcrumbList\",\"@id\":\"https:\/\/rmvapebang.com\/product\/utco-e-cigarette-9000-puffs-wholesale-price-9k-vape\/#breadcrumb\",\"itemListElement\":[{\"@type\":\"ListItem\",\"position\":1,\"name\":\"Home\",\"item\":\"https:\/\/rmvapebang.com\/\"},{\"@type\":\"ListItem\",\"position\":2,\"name\":\"Hot Vape Shop\",\"item\":\"https:\/\/rmvapebang.com\/shop-page\/\"},{\"@type\":\"ListItem\",\"position\":3,\"name\":\"UTCO E-cigarette 9000 PUFFS Wholesale Price 9k Vape\"}]},{\"@type\":\"WebSite\",\"@id\":\"https:\/\/rmvapebang.com\/#website\",\"url\":\"https:\/\/rmvapebang.com\/\",\"name\":\"rmvapebang.com\",\"description\":\"buy vape cheap\",\"publisher\":{\"@id\":\"https:\/\/rmvapebang.com\/#organization\"},\"potentialAction\":[{\"@type\":\"SearchAction\",\"target\":{\"@type\":\"EntryPoint\",\"urlTemplate\":\"https:\/\/rmvapebang.com\/?s={search_term_string}\"},\"query-input\":\"required name=search_term_string\"}],\"inLanguage\":\"da-DK\"},{\"@type\":\"Organization\",\"@id\":\"https:\/\/rmvapebang.com\/#organization\",\"name\":\"rmvapebang.com\",\"url\":\"https:\/\/rmvapebang.com\/\",\"logo\":{\"@type\":\"ImageObject\",\"inLanguage\":\"da-DK\",\"@id\":\"https:\/\/rmvapebang.com\/#\/schema\/logo\/image\/\",\"url\":\"https:\/\/rmvapebang.com\/wp-content\/uploads\/2024\/03\/cropped-RVBlogo.png\",\"contentUrl\":\"https:\/\/rmvapebang.com\/wp-content\/uploads\/2024\/03\/cropped-RVBlogo.png\",\"width\":507,\"height\":169,\"caption\":\"rmvapebang.com\"},\"image\":{\"@id\":\"https:\/\/rmvapebang.com\/#\/schema\/logo\/image\/\"}}]}<\/script>\n<!-- \/ Yoast SEO plugin. -->","yoast_head_json":{"title":"UTCO E-cigarette 9000 PUFFS Wholesale Price 9k Vape - rmvapebang.com","description":"UTCO E-cigarette 9000 Puffs Wholesale Price 9K Puffs Vape\uff0c2% and 5% nicotine to choose. Contact now to get Wholesale Fast Price of UTCO 9000 vape!","robots":{"index":"index","follow":"follow","max-snippet":"max-snippet:-1","max-image-preview":"max-image-preview:large","max-video-preview":"max-video-preview:-1"},"canonical":"https:\/\/rmvapebang.com\/da\/product\/utco-e-cigarette-9000-puffs-wholesale-price-9k-vape\/","og_locale":"da_DK","og_type":"article","og_title":"UTCO E-cigarette 9000 PUFFS Wholesale Price 9k Vape - rmvapebang.com","og_description":"UTCO E-cigarette 9000 Puffs Wholesale Price 9K Puffs Vape\uff0c2% and 5% nicotine to choose. Contact now to get Wholesale Fast Price of UTCO 9000 vape!","og_url":"https:\/\/rmvapebang.com\/da\/product\/utco-e-cigarette-9000-puffs-wholesale-price-9k-vape\/","og_site_name":"rmvapebang.com","article_modified_time":"2024-12-14T09:15:04+00:00","og_image":[{"width":1600,"height":1600,"url":"https:\/\/rmvapebang.com\/wp-content\/uploads\/2024\/04\/UTCO-e-cigarette-9000-PUFFS-good-price.jpg","type":"image\/jpeg"}],"twitter_card":"summary_large_image","twitter_misc":{"Estimeret l\u00e6setid":"3 minutter"},"schema":{"@context":"https:\/\/schema.org","@graph":[{"@type":"WebPage","@id":"https:\/\/rmvapebang.com\/product\/utco-e-cigarette-9000-puffs-wholesale-price-9k-vape\/","url":"https:\/\/rmvapebang.com\/product\/utco-e-cigarette-9000-puffs-wholesale-price-9k-vape\/","name":"UTCO E-cigarette 9000 PUFFS Wholesale Price 9k Vape - rmvapebang.com","isPartOf":{"@id":"https:\/\/rmvapebang.com\/#website"},"primaryImageOfPage":{"@id":"https:\/\/rmvapebang.com\/product\/utco-e-cigarette-9000-puffs-wholesale-price-9k-vape\/#primaryimage"},"image":{"@id":"https:\/\/rmvapebang.com\/product\/utco-e-cigarette-9000-puffs-wholesale-price-9k-vape\/#primaryimage"},"thumbnailUrl":"https:\/\/rmvapebang.com\/wp-content\/uploads\/2024\/04\/UTCO-e-cigarette-9000-PUFFS-good-price.jpg","datePublished":"2024-04-17T07:41:17+00:00","dateModified":"2024-12-14T09:15:04+00:00","description":"UTCO E-cigarette 9000 Puffs Wholesale Price 9K Puffs Vape\uff0c2% and 5% nicotine to choose. Contact now to get Wholesale Fast Price of UTCO 9000 vape!","breadcrumb":{"@id":"https:\/\/rmvapebang.com\/product\/utco-e-cigarette-9000-puffs-wholesale-price-9k-vape\/#breadcrumb"},"inLanguage":"da-DK","potentialAction":[{"@type":"ReadAction","target":["https:\/\/rmvapebang.com\/product\/utco-e-cigarette-9000-puffs-wholesale-price-9k-vape\/"]}]},{"@type":"ImageObject","inLanguage":"da-DK","@id":"https:\/\/rmvapebang.com\/product\/utco-e-cigarette-9000-puffs-wholesale-price-9k-vape\/#primaryimage","url":"https:\/\/rmvapebang.com\/wp-content\/uploads\/2024\/04\/UTCO-e-cigarette-9000-PUFFS-good-price.jpg","contentUrl":"https:\/\/rmvapebang.com\/wp-content\/uploads\/2024\/04\/UTCO-e-cigarette-9000-PUFFS-good-price.jpg","width":1600,"height":1600,"caption":"UTCO e-cigarette 9000 PUFFS good price"},{"@type":"BreadcrumbList","@id":"https:\/\/rmvapebang.com\/product\/utco-e-cigarette-9000-puffs-wholesale-price-9k-vape\/#breadcrumb","itemListElement":[{"@type":"ListItem","position":1,"name":"Home","item":"https:\/\/rmvapebang.com\/"},{"@type":"ListItem","position":2,"name":"Hot Vape Shop","item":"https:\/\/rmvapebang.com\/shop-page\/"},{"@type":"ListItem","position":3,"name":"UTCO E-cigarette 9000 PUFFS Wholesale Price 9k Vape"}]},{"@type":"WebSite","@id":"https:\/\/rmvapebang.com\/#website","url":"https:\/\/rmvapebang.com\/","name":"rmvapebang.com","description":"buy vape cheap","publisher":{"@id":"https:\/\/rmvapebang.com\/#organization"},"potentialAction":[{"@type":"SearchAction","target":{"@type":"EntryPoint","urlTemplate":"https:\/\/rmvapebang.com\/?s={search_term_string}"},"query-input":"required name=search_term_string"}],"inLanguage":"da-DK"},{"@type":"Organization","@id":"https:\/\/rmvapebang.com\/#organization","name":"rmvapebang.com","url":"https:\/\/rmvapebang.com\/","logo":{"@type":"ImageObject","inLanguage":"da-DK","@id":"https:\/\/rmvapebang.com\/#\/schema\/logo\/image\/","url":"https:\/\/rmvapebang.com\/wp-content\/uploads\/2024\/03\/cropped-RVBlogo.png","contentUrl":"https:\/\/rmvapebang.com\/wp-content\/uploads\/2024\/03\/cropped-RVBlogo.png","width":507,"height":169,"caption":"rmvapebang.com"},"image":{"@id":"https:\/\/rmvapebang.com\/#\/schema\/logo\/image\/"}}]}},"uagb_featured_image_src":{"full":["https:\/\/rmvapebang.com\/wp-content\/uploads\/2024\/04\/UTCO-e-cigarette-9000-PUFFS-good-price.jpg",1600,1600,false],"thumbnail":["https:\/\/rmvapebang.com\/wp-content\/uploads\/2024\/04\/UTCO-e-cigarette-9000-PUFFS-good-price-150x150.jpg",150,150,true],"medium":["https:\/\/rmvapebang.com\/wp-content\/uploads\/2024\/04\/UTCO-e-cigarette-9000-PUFFS-good-price-300x300.jpg",300,300,true],"medium_large":["https:\/\/rmvapebang.com\/wp-content\/uploads\/2024\/04\/UTCO-e-cigarette-9000-PUFFS-good-price-768x768.jpg",768,768,true],"large":["https:\/\/rmvapebang.com\/wp-content\/uploads\/2024\/04\/UTCO-e-cigarette-9000-PUFFS-good-price-1024x1024.jpg",1024,1024,true],"1536x1536":["https:\/\/rmvapebang.com\/wp-content\/uploads\/2024\/04\/UTCO-e-cigarette-9000-PUFFS-good-price-1536x1536.jpg",1536,1536,true],"2048x2048":["https:\/\/rmvapebang.com\/wp-content\/uploads\/2024\/04\/UTCO-e-cigarette-9000-PUFFS-good-price.jpg",1600,1600,false],"trp-custom-language-flag":["https:\/\/rmvapebang.com\/wp-content\/uploads\/2024\/04\/UTCO-e-cigarette-9000-PUFFS-good-price.jpg",12,12,false],"woocommerce_thumbnail":["https:\/\/rmvapebang.com\/wp-content\/uploads\/2024\/04\/UTCO-e-cigarette-9000-PUFFS-good-price-300x300.jpg",300,300,true],"woocommerce_single":["https:\/\/rmvapebang.com\/wp-content\/uploads\/2024\/04\/UTCO-e-cigarette-9000-PUFFS-good-price-600x600.jpg",600,600,true],"woocommerce_gallery_thumbnail":["https:\/\/rmvapebang.com\/wp-content\/uploads\/2024\/04\/UTCO-e-cigarette-9000-PUFFS-good-price-100x100.jpg",100,100,true],"wcpr-photo-reviews":["https:\/\/rmvapebang.com\/wp-content\/uploads\/2024\/04\/UTCO-e-cigarette-9000-PUFFS-good-price.jpg",500,500,false]},"uagb_author_info":{"display_name":"Lyn","author_link":"https:\/\/rmvapebang.com\/da\/author\/"},"uagb_comment_info":0,"uagb_excerpt":"UTCO E-cigarette 9000 Puffs Wholesale Price Vape Rechargeable UTCO E-cigarette 9000 Puff is a high-capacity rechargeable vape device offering 9000 puffs with 50 flavors and 2%\/5% nicotine levels. Whatsapp:+86 17840853976 Scan on whatsapp for New Client coupon","_links":{"self":[{"href":"https:\/\/rmvapebang.com\/da\/wp-json\/wp\/v2\/product\/2124","targetHints":{"allow":["GET"]}}],"collection":[{"href":"https:\/\/rmvapebang.com\/da\/wp-json\/wp\/v2\/product"}],"about":[{"href":"https:\/\/rmvapebang.com\/da\/wp-json\/wp\/v2\/types\/product"}],"replies":[{"embeddable":true,"href":"https:\/\/rmvapebang.com\/da\/wp-json\/wp\/v2\/comments?post=2124"}],"wp:featuredmedia":[{"embeddable":true,"href":"https:\/\/rmvapebang.com\/da\/wp-json\/wp\/v2\/media\/2126"}],"wp:attachment":[{"href":"https:\/\/rmvapebang.com\/da\/wp-json\/wp\/v2\/media?parent=2124"}],"wp:term":[{"taxonomy":"product_brand","embeddable":true,"href":"https:\/\/rmvapebang.com\/da\/wp-json\/wp\/v2\/product_brand?post=2124"},{"taxonomy":"product_cat","embeddable":true,"href":"https:\/\/rmvapebang.com\/da\/wp-json\/wp\/v2\/product_cat?post=2124"},{"taxonomy":"product_tag","embeddable":true,"href":"https:\/\/rmvapebang.com\/da\/wp-json\/wp\/v2\/product_tag?post=2124"}],"curies":[{"name":"wp","href":"https:\/\/api.w.org\/{rel}","templated":true}]}}