{"id":5837,"date":"2026-03-23T15:30:00","date_gmt":"2026-03-23T07:30:00","guid":{"rendered":"https:\/\/rmvapebang.com\/?post_type=product&#038;p=5837"},"modified":"2026-03-23T16:31:55","modified_gmt":"2026-03-23T08:31:55","slug":"waspe-bar-60000-puffs-disposable-crystal-vape-wholesale","status":"publish","type":"product","link":"https:\/\/rmvapebang.com\/cs\/product\/waspe-bar-60000-puffs-disposable-crystal-vape-wholesale\/","title":{"rendered":"Waspe Bar 60000 Puffs Jednor\u00e1zov\u00e1 Crystal Vape Velkoobchod"},"content":{"rendered":"<h2 style=\"font-size: 1.6em\">Waspe Bar 60000 Puffs Jednor\u00e1zov\u00e1 Crystal Vape Velkoobchod<\/h2>\n<p>Waspe Bar 60000 Puffs Jednor\u00e1zov\u00fd Crystal Vape Velkoobchod je ur\u010den pro u\u017eivatele, kte\u0159\u00ed pot\u0159ebuj\u00ed dlouhotrvaj\u00edc\u00ed v\u00fdkon a stabiln\u00ed v\u00fdstup chuti. Tento vysokokapacitn\u00ed <a href=\"https:\/\/rmvapebang.com\/cs\/kategorie-produktu\/vape-60000-puffs\/\"><strong><em>jednor\u00e1zov\u00e1 e-cigareta na 60000 pot\u00e1hnut\u00ed <\/em><\/strong><\/a>poskytuje jemn\u00fd z\u00e1\u017eitek z \u010dern\u00e9ho ryb\u00edzu s \u010dern\u00fdm ryb\u00edzov\u00fdm vape bez m\u00edch\u00e1n\u00ed chut\u00ed, co\u017e zaji\u0161\u0165uje konzistentn\u00ed chu\u0165 od prvn\u00edho potahu po posledn\u00ed.<\/p>\n<p>Jako dob\u00edjec\u00ed jednor\u00e1zov\u00fd vape, <a href=\"https:\/\/rmvapebang.com\/cs\/kategorie-produktu\/waspe-vape-puff\/\"><strong><em>Waspe Bar<\/em> <\/strong><\/a>60K m\u00e1 syst\u00e9m nab\u00edjen\u00ed Type-C a <a href=\"https:\/\/rmvapebang.com\/cs\/kategorie-produktu\/smart-display\/\"><em><strong>LED displej<\/strong><\/em><\/a> pro snadn\u00e9 sledov\u00e1n\u00ed. The <strong><a href=\"https:\/\/rmvapebang.com\/cs\/kategorie-produktu\/vape-60000-puffs\/\"><em>Waspe 60K vaporiz\u00e9r<\/em> <\/a><\/strong>kombinuje vysokou \u00fa\u010dinnost baterie s kompaktn\u00edm krystalov\u00fdm designem, co\u017e z n\u011bj \u010din\u00ed spolehlivou volbu pro ka\u017edodenn\u00ed pou\u017eit\u00ed a velkoobchodn\u00ed kupce po cel\u00e9 Evrop\u011b, kte\u0159\u00ed hledaj\u00ed spolehliv\u00fd dodavatel a kvalitu.<\/p>\n<figure id=\"attachment_5824\" aria-describedby=\"caption-attachment-5824\" style=\"width: 800px\" class=\"wp-caption alignnone\"><img loading=\"lazy\" decoding=\"async\" class=\"wp-image-5824 size-full\" src=\"http:\/\/rmvapebang.com\/wp-content\/uploads\/2026\/03\/Pure-Berry-Flavor-Experience-e1774251085448.webp\" alt=\"p\u0159\u00edchu\u0165 ostru\u017eina \u010dern\u00fd ryb\u00edz waspe 60000 pot\u00e1hnut\u00ed\" width=\"800\" height=\"772\" srcset=\"https:\/\/rmvapebang.com\/wp-content\/uploads\/2026\/03\/Pure-Berry-Flavor-Experience-e1774251085448.webp 800w, https:\/\/rmvapebang.com\/wp-content\/uploads\/2026\/03\/Pure-Berry-Flavor-Experience-e1774251085448-300x290.webp 300w, https:\/\/rmvapebang.com\/wp-content\/uploads\/2026\/03\/Pure-Berry-Flavor-Experience-e1774251085448-768x741.webp 768w, https:\/\/rmvapebang.com\/wp-content\/uploads\/2026\/03\/Pure-Berry-Flavor-Experience-e1774251085448-12x12.webp 12w, https:\/\/rmvapebang.com\/wp-content\/uploads\/2026\/03\/Pure-Berry-Flavor-Experience-e1774251085448-600x579.webp 600w\" sizes=\"auto, (max-width: 800px) 100vw, 800px\" \/><figcaption id=\"caption-attachment-5824\" class=\"wp-caption-text\">Hladk\u00e1 a konzistentn\u00ed ovocn\u00e1 chu\u0165<\/figcaption><\/figure>\n<h2 style=\"font-size: 1.6em\">Seznam p\u0159\u00edchut\u00ed Waspe Bar 60000 Puffs Vape<\/h2>\n<p>1. Melounov\u00fd led<br \/>\n2. Bor\u016fvkov\u00fd led<br \/>\n3. Hroznov\u00e9 Led<br \/>\n4. Citron Limeta<br \/>\n5. Jahodov\u00e9 Ban\u00e1n<br \/>\n6. Sm\u011bs bobul\u00ed<br \/>\n7. Red Bull Ice<br \/>\n8. Kiwi Meloun<br \/>\n9. Jahoda Meloun<br \/>\n10. Bor\u016fvka Malina T\u0159e\u0161e\u0148<br \/>\n11. \u010cern\u00fd ryb\u00edz \u010cern\u00fd ryb\u00edz<br \/>\n12. Jahoda \u010cern\u00fd drak Ice<br \/>\n13. Jahoda Kiwi<br \/>\n14. Modr\u00e1 t\u0159e\u0161\u0148ov\u00e1 cola<br \/>\n15. Kiwi Meloun Ice<br \/>\n16. Broskev Mango Ananas<\/p>\n<h2 style=\"font-size: 1.6em\">Funkce pro jednor\u00e1zov\u00fd vaporiz\u00e9r 60000 Puffs<\/h2>\n<ul>\n<li>\ud83d\udd0b 60000 Puffs \u2013 ultra dlouh\u00e1 v\u00fddr\u017e pro n\u00e1ro\u010dn\u00e9 u\u017eivatele<\/li>\n<li>\ud83d\udca7 36ml E-liquid \u2013 prodlou\u017een\u00e9 vapov\u00e1n\u00ed bez \u010dast\u00e9 v\u00fdm\u011bny<\/li>\n<li>\u26a1 650mAh Baterie \u2013 stabiln\u00ed v\u00fdkon pro konzistentn\u00ed v\u00fdkon<\/li>\n<li>\ud83d\udd0c Nab\u00edjen\u00ed typu-C \u2013 rychl\u00fd a pohodln\u00fd syst\u00e9m nab\u00edjen\u00ed<\/li>\n<li>\ud83d\udcfa LED Displej \u2013 sledov\u00e1n\u00ed stavu baterie a pou\u017e\u00edv\u00e1n\u00ed v re\u00e1ln\u00e9m \u010dase<\/li>\n<li>\ud83c\udf2b\ufe0f Mesh C\u00edvka \u2013 plynul\u00e9 vytv\u00e1\u0159en\u00ed par a zv\u00fd\u0161en\u00e1 chu\u0165<\/li>\n<li>\ud83c\udf47 Design s jednou p\u0159\u00edchut\u00ed \u2013 \u010dist\u00e1 chu\u0165 ostru\u017einy a \u010dern\u00e9ho ryb\u00edzu<\/li>\n<\/ul>\n<h2 style=\"font-size: 1.6em\">Pro\u010d zvolit Waspe Bar 60000 Puffs Vaporiz\u00e9r<\/h2>\n<ul>\n<li>Konzistentn\u00ed chu\u0165 vaporiz\u00e9ru bez m\u00edch\u00e1n\u00ed, poskytuj\u00edc\u00ed stabiln\u00ed chu\u0165 p\u0159i ka\u017ed\u00e9m potahu<\/li>\n<li>Dlouhotrvaj\u00edc\u00ed za\u0159\u00edzen\u00ed pro vapov\u00e1n\u00ed navr\u017een\u00e9 pro dlouhodob\u00e9 denn\u00ed pou\u017eit\u00ed<\/li>\n<li>Spolehliv\u00fd velkoobchod s jednor\u00e1zov\u00fdmi vaporiz\u00e9ry z skladu v EU<\/li>\n<li>Vysokokapacitn\u00ed vaporiz\u00e9r s nab\u00edjec\u00edm syst\u00e9mem a chytr\u00fdm displejem<\/li>\n<\/ul>\n<h2 style=\"font-size: 1.6em\">\u010casto kladen\u00e9 ot\u00e1zky k jednor\u00e1zov\u00e9mu vaporiz\u00e9ru 60000 Puffs<\/h2>\n<p><strong>Q1. Jak dlouho vydr\u017e\u00ed vaporiz\u00e9r s 60000 potahy?<\/strong><br \/>\nZ\u00e1le\u017e\u00ed na pou\u017e\u00edv\u00e1n\u00ed, ale je navr\u017een pro del\u0161\u00ed pou\u017eit\u00ed ve srovn\u00e1n\u00ed se standardn\u00edmi jednor\u00e1zov\u00fdmi vaporiz\u00e9ry.<\/p>\n<p><strong>Q2. Je Waspe 60K vaporiz\u00e9r dob\u00edjec\u00ed?<\/strong><br \/>\nAno, WASPE BAR 60000 m\u00e1 syst\u00e9m dob\u00edjen\u00ed p\u0159es Type-C pro nep\u0159etr\u017eit\u00e9 pou\u017eit\u00ed.<\/p>\n<p><strong>Q3. Z\u016fst\u00e1v\u00e1 chu\u0165 konzistentn\u00ed v pr\u016fb\u011bhu \u010dasu?<\/strong><br \/>\nAno, design s jednou p\u0159\u00edchut\u00ed zaji\u0161\u0165uje konzistentn\u00ed z\u00e1\u017eitek z vapov\u00e1n\u00ed s chut\u00ed.<\/p>\n<p><strong>Q4. Mohu objednat Waspe 60000 pot\u00e1hnut\u00ed ve v\u011bt\u0161\u00edm mno\u017estv\u00ed?<\/strong><br \/>\nAno, je k dispozici velkoobchod s jednor\u00e1zov\u00fdmi vaporiz\u00e9ry s doru\u010den\u00edm z EU skladu.<\/p>\n<p><strong>Kontaktujte Lyn pro v\u00edce vide\u00ed o produktech!<\/strong><br \/>\n<a href=\"https:\/\/wa.me\/8617840853976\"><span style=\"color: #ff6600\"><strong><em>Whatsapp: +86 17840853976<\/em><\/strong><\/span><\/a><\/p>\n<p><img loading=\"lazy\" decoding=\"async\" class=\"alignnone size-medium wp-image-1905\" src=\"http:\/\/rmvapebang.com\/wp-content\/uploads\/2024\/03\/whatsapp-vape-2-202x300.jpg\" alt=\"kontakt na WhatsApp vape\" width=\"202\" height=\"300\" \/><\/p>\n<p>Najd\u011bte dal\u0161\u00ed produkty, kter\u00e9 by se v\u00e1m mohly l\u00edbit: <a href=\"https:\/\/rmvapebang.com\/cs\/shop-page\/\"><strong><em>Nakupujte nyn\u00ed<\/em><\/strong><\/a><\/p>\n<p>Dal\u0161\u00ed pot\u00e1hnut\u00ed, kter\u00e1 by se v\u00e1m mohla l\u00edbit:<\/p>\n<p><em><a href=\"https:\/\/rmvapebang.com\/cs\/produkt\/fizzy-max-iii-tornado-60000-puff-smooth-draw-with-dual-mesh-limited-time-bulk-deal\/\">FIZZY max Smart jednor\u00e1zov\u00fd 60k potah\u016f Vape EU velkoobchodn\u00ed prodej<\/a><\/em><\/p>\n<p><em><a href=\"https:\/\/rmvapebang.com\/cs\/produkt\/vapen-titan-10k-puffs-disposable-vape-wholesale\/\">VAPEN TITAN 10K Pot\u00e1hnut\u00ed Jednor\u00e1zov\u00fd vaporiz\u00e9r Velkoobchod v Evrop\u011b<\/a><\/em><\/p>\n<p><em><a href=\"https:\/\/rmvapebang.com\/cs\/produkt\/wasbar-60k-rechargeable-disposable-vape-wholesale\/\">60000 Pot\u00e1hnut\u00ed Jednor\u00e1zov\u00fd vaporiz\u00e9r velkoobchod WASBAR 60k krystalov\u00fd vaporiz\u00e9r<\/a><\/em><\/p>","protected":false},"excerpt":{"rendered":"<p><span style=\"color: #ff0000\"><strong>POZN\u00c1MKA<\/strong>:<em>\u00a0Ceny na webov\u00fdch str\u00e1nk\u00e1ch nezahrnuj\u00ed poplatek za dopravu. Za\u0161lete pros\u00edm sv\u00e9 PS\u010c a adresu, abychom pro v\u00e1s mohli zkontrolovat n\u00e1klady na dopravu.<br \/>\n<\/em><\/span>Waspe Bar 60000 pot\u00e1pek vape nab\u00edz\u00ed jemnou chu\u0165 \u010dern\u00e9ho ryb\u00edzu s \u010dern\u00fdm ryb\u00edzem a dlouhotrvaj\u00edc\u00ed v\u00fdkon. Tento dob\u00edjec\u00ed jednor\u00e1zov\u00fd vape m\u00e1 vysokokapacitn\u00ed design, LED displej a stabiln\u00ed v\u00fdstup, co\u017e ho \u010din\u00ed ide\u00e1ln\u00edm pro velkoobchodn\u00ed kupce po cel\u00e9 Evrop\u011b.<\/p>\n<p><strong><em>Whatsapp:<a href=\"https:\/\/wa.me\/8617840853976\">+86 17840853976<\/a><br \/>\n<\/em>Naskenujte QR k\u00f3d na Whatsapp pro kup\u00f3n pro nov\u00e9ho z\u00e1kazn\u00edka<\/strong><\/p>\n<p><img loading=\"lazy\" decoding=\"async\" class=\"alignnone size-medium wp-image-1905\" src=\"http:\/\/rmvapebang.com\/wp-content\/uploads\/2024\/03\/whatsapp-vape-2-202x300.jpg\" alt=\"\" width=\"202\" height=\"300\" \/><\/p>","protected":false},"featured_media":5823,"comment_status":"open","ping_status":"closed","template":"","meta":{"_uag_custom_page_level_css":"","_lmt_disableupdate":"no","_lmt_disable":"","site-sidebar-layout":"no-sidebar","site-content-layout":"boxed-container","ast-site-content-layout":"normal-width-container","site-content-style":"boxed","site-sidebar-style":"boxed","ast-global-header-display":"","ast-banner-title-visibility":"","ast-main-header-display":"","ast-hfb-above-header-display":"","ast-hfb-below-header-display":"","ast-hfb-mobile-header-display":"","site-post-title":"","ast-breadcrumbs-content":"","ast-featured-img":"","footer-sml-layout":"","ast-disable-related-posts":"","theme-transparent-header-meta":"default","adv-header-id-meta":"","stick-header-meta":"","header-above-stick-meta":"","header-main-stick-meta":"","header-below-stick-meta":"","astra-migrate-meta-layouts":"set","ast-page-background-enabled":"default","ast-page-background-meta":{"desktop":{"background-color":"","background-image":"","background-repeat":"repeat","background-position":"center center","background-size":"auto","background-attachment":"scroll","background-type":"","background-media":"","overlay-type":"","overlay-color":"","overlay-opacity":"","overlay-gradient":""},"tablet":{"background-color":"","background-image":"","background-repeat":"repeat","background-position":"center center","background-size":"auto","background-attachment":"scroll","background-type":"","background-media":"","overlay-type":"","overlay-color":"","overlay-opacity":"","overlay-gradient":""},"mobile":{"background-color":"","background-image":"","background-repeat":"repeat","background-position":"center center","background-size":"auto","background-attachment":"scroll","background-type":"","background-media":"","overlay-type":"","overlay-color":"","overlay-opacity":"","overlay-gradient":""}},"ast-content-background-meta":{"desktop":{"background-color":"var(--ast-global-color-4)","background-image":"","background-repeat":"repeat","background-position":"center center","background-size":"auto","background-attachment":"scroll","background-type":"","background-media":"","overlay-type":"","overlay-color":"","overlay-opacity":"","overlay-gradient":""},"tablet":{"background-color":"var(--ast-global-color-4)","background-image":"","background-repeat":"repeat","background-position":"center center","background-size":"auto","background-attachment":"scroll","background-type":"","background-media":"","overlay-type":"","overlay-color":"","overlay-opacity":"","overlay-gradient":""},"mobile":{"background-color":"var(--ast-global-color-4)","background-image":"","background-repeat":"repeat","background-position":"center center","background-size":"auto","background-attachment":"scroll","background-type":"","background-media":"","overlay-type":"","overlay-color":"","overlay-opacity":"","overlay-gradient":""}},"_joinchat":[]},"product_brand":[],"product_cat":[115,130,39,41,128,42,40,131,129,179,43,38],"product_tag":[178,183,50,51,67,49,53,52],"class_list":{"0":"post-5837","1":"product","2":"type-product","3":"status-publish","4":"has-post-thumbnail","6":"product_cat-crystal-vape","7":"product_cat-digital-vapes-in-discount-price","8":"product_cat-france-wholesale-vape","9":"product_cat-netherlands-wholesale-vape","10":"product_cat-smart-display","11":"product_cat-spain-wholesale-vape","12":"product_cat-germany-wholesale-vape","13":"product_cat-tornado-vape-wholesale-price-hot-sale","14":"product_cat-tornado-vapes","15":"product_cat-vape-60000-puffs","16":"product_cat-vape-shop","17":"product_cat-waspe-vape-puff","18":"product_tag-60000-puffs","19":"product_tag-60k-puffs","20":"product_tag-bulk-price-vape-shop","21":"product_tag-disposable-vape","22":"product_tag-fast-price-sales","23":"product_tag-minimum-order-quantity-100pcs","24":"product_tag-rechargeable-vape","25":"product_tag-vape-wholesasle-price","26":"desktop-align-left","27":"tablet-align-left","28":"mobile-align-left","30":"first","31":"instock","32":"sale","33":"shipping-taxable","34":"purchasable","35":"product-type-simple"},"yoast_head":"<!-- This site is optimized with the Yoast SEO plugin v27.4 - https:\/\/yoast.com\/product\/yoast-seo-wordpress\/ -->\n<title>Waspe Bar 60000 Puffs Disposable Crystal Vape Wholesale - rmvapebang.com<\/title>\n<meta name=\"description\" content=\"Waspe Bar 60000 puffs disposable vape with blackberry blackcurrant flavor, long lasting rechargeable design and fast EU warehouse wholesale supply.\" \/>\n<meta name=\"robots\" content=\"index, follow, max-snippet:-1, max-image-preview:large, max-video-preview:-1\" \/>\n<link rel=\"canonical\" href=\"https:\/\/rmvapebang.com\/cs\/produkt\/waspe-bar-60000-puffs-disposable-crystal-vape-wholesale\/\" \/>\n<meta property=\"og:locale\" content=\"cs_CZ\" \/>\n<meta property=\"og:type\" content=\"article\" \/>\n<meta property=\"og:title\" content=\"Waspe Bar 60000 Puffs Disposable Crystal Vape Wholesale - rmvapebang.com\" \/>\n<meta property=\"og:description\" content=\"Waspe Bar 60000 puffs disposable vape with blackberry blackcurrant flavor, long lasting rechargeable design and fast EU warehouse wholesale supply.\" \/>\n<meta property=\"og:url\" content=\"https:\/\/rmvapebang.com\/cs\/produkt\/waspe-bar-60000-puffs-disposable-crystal-vape-wholesale\/\" \/>\n<meta property=\"og:site_name\" content=\"rmvapebang.com\" \/>\n<meta property=\"article:modified_time\" content=\"2026-03-23T08:31:55+00:00\" \/>\n<meta property=\"og:image\" content=\"http:\/\/rmvapebang.com\/wp-content\/uploads\/2026\/03\/Perfect-for-Daily-Use.webp\" \/>\n\t<meta property=\"og:image:width\" content=\"800\" \/>\n\t<meta property=\"og:image:height\" content=\"800\" \/>\n\t<meta property=\"og:image:type\" content=\"image\/webp\" \/>\n<meta name=\"twitter:card\" content=\"summary_large_image\" \/>\n<meta name=\"twitter:label1\" content=\"Odhadovan\u00e1 doba \u010dten\u00ed\" \/>\n\t<meta name=\"twitter:data1\" content=\"3 minuty\" \/>\n<script type=\"application\/ld+json\" class=\"yoast-schema-graph\">{\"@context\":\"https:\\\/\\\/schema.org\",\"@graph\":[{\"@type\":\"WebPage\",\"@id\":\"https:\\\/\\\/rmvapebang.com\\\/product\\\/waspe-bar-60000-puffs-disposable-crystal-vape-wholesale\\\/\",\"url\":\"https:\\\/\\\/rmvapebang.com\\\/product\\\/waspe-bar-60000-puffs-disposable-crystal-vape-wholesale\\\/\",\"name\":\"Waspe Bar 60000 Puffs Disposable Crystal Vape Wholesale - rmvapebang.com\",\"isPartOf\":{\"@id\":\"https:\\\/\\\/rmvapebang.com\\\/#website\"},\"primaryImageOfPage\":{\"@id\":\"https:\\\/\\\/rmvapebang.com\\\/product\\\/waspe-bar-60000-puffs-disposable-crystal-vape-wholesale\\\/#primaryimage\"},\"image\":{\"@id\":\"https:\\\/\\\/rmvapebang.com\\\/product\\\/waspe-bar-60000-puffs-disposable-crystal-vape-wholesale\\\/#primaryimage\"},\"thumbnailUrl\":\"https:\\\/\\\/rmvapebang.com\\\/wp-content\\\/uploads\\\/2026\\\/03\\\/Perfect-for-Daily-Use.webp\",\"datePublished\":\"2026-03-23T07:30:00+00:00\",\"dateModified\":\"2026-03-23T08:31:55+00:00\",\"description\":\"Waspe Bar 60000 puffs disposable vape with blackberry blackcurrant flavor, long lasting rechargeable design and fast EU warehouse wholesale supply.\",\"breadcrumb\":{\"@id\":\"https:\\\/\\\/rmvapebang.com\\\/product\\\/waspe-bar-60000-puffs-disposable-crystal-vape-wholesale\\\/#breadcrumb\"},\"inLanguage\":\"cs\",\"potentialAction\":[{\"@type\":\"ReadAction\",\"target\":[\"https:\\\/\\\/rmvapebang.com\\\/product\\\/waspe-bar-60000-puffs-disposable-crystal-vape-wholesale\\\/\"]}]},{\"@type\":\"ImageObject\",\"inLanguage\":\"cs\",\"@id\":\"https:\\\/\\\/rmvapebang.com\\\/product\\\/waspe-bar-60000-puffs-disposable-crystal-vape-wholesale\\\/#primaryimage\",\"url\":\"https:\\\/\\\/rmvapebang.com\\\/wp-content\\\/uploads\\\/2026\\\/03\\\/Perfect-for-Daily-Use.webp\",\"contentUrl\":\"https:\\\/\\\/rmvapebang.com\\\/wp-content\\\/uploads\\\/2026\\\/03\\\/Perfect-for-Daily-Use.webp\",\"width\":800,\"height\":800,\"caption\":\"Reliable and portable vape device\"},{\"@type\":\"BreadcrumbList\",\"@id\":\"https:\\\/\\\/rmvapebang.com\\\/product\\\/waspe-bar-60000-puffs-disposable-crystal-vape-wholesale\\\/#breadcrumb\",\"itemListElement\":[{\"@type\":\"ListItem\",\"position\":1,\"name\":\"Home\",\"item\":\"https:\\\/\\\/rmvapebang.com\\\/\"},{\"@type\":\"ListItem\",\"position\":2,\"name\":\"Hot Vape Shop\",\"item\":\"https:\\\/\\\/rmvapebang.com\\\/shop-page\\\/\"},{\"@type\":\"ListItem\",\"position\":3,\"name\":\"Waspe Bar 60000 Puffs Disposable Crystal Vape Wholesale\"}]},{\"@type\":\"WebSite\",\"@id\":\"https:\\\/\\\/rmvapebang.com\\\/#website\",\"url\":\"https:\\\/\\\/rmvapebang.com\\\/\",\"name\":\"rmvapebang.com\",\"description\":\"buy vape cheap\",\"publisher\":{\"@id\":\"https:\\\/\\\/rmvapebang.com\\\/#organization\"},\"potentialAction\":[{\"@type\":\"SearchAction\",\"target\":{\"@type\":\"EntryPoint\",\"urlTemplate\":\"https:\\\/\\\/rmvapebang.com\\\/?s={search_term_string}\"},\"query-input\":{\"@type\":\"PropertyValueSpecification\",\"valueRequired\":true,\"valueName\":\"search_term_string\"}}],\"inLanguage\":\"cs\"},{\"@type\":\"Organization\",\"@id\":\"https:\\\/\\\/rmvapebang.com\\\/#organization\",\"name\":\"rmvapebang.com\",\"url\":\"https:\\\/\\\/rmvapebang.com\\\/\",\"logo\":{\"@type\":\"ImageObject\",\"inLanguage\":\"cs\",\"@id\":\"https:\\\/\\\/rmvapebang.com\\\/#\\\/schema\\\/logo\\\/image\\\/\",\"url\":\"https:\\\/\\\/rmvapebang.com\\\/wp-content\\\/uploads\\\/2024\\\/03\\\/cropped-RVBlogo.png\",\"contentUrl\":\"https:\\\/\\\/rmvapebang.com\\\/wp-content\\\/uploads\\\/2024\\\/03\\\/cropped-RVBlogo.png\",\"width\":507,\"height\":169,\"caption\":\"rmvapebang.com\"},\"image\":{\"@id\":\"https:\\\/\\\/rmvapebang.com\\\/#\\\/schema\\\/logo\\\/image\\\/\"}}]}<\/script>\n<!-- \/ Yoast SEO plugin. -->","yoast_head_json":{"title":"Waspe Bar 60000 Pot\u00e1hnut\u00ed Jednor\u00e1zov\u00fd krystalov\u00fd vaporiz\u00e9r Velkoobchod - rmvapebang.com","description":"Waspe Bar 60000 puf\u016f jednor\u00e1zov\u00e1 vape s p\u0159\u00edchut\u00ed ostru\u017einy a \u010dern\u00e9ho ryb\u00edzu, dlouhotrvaj\u00edc\u00ed dob\u00edjec\u00ed design a rychl\u00e1 velkoobchodn\u00ed dod\u00e1vka z EU sklad\u016f.","robots":{"index":"index","follow":"follow","max-snippet":"max-snippet:-1","max-image-preview":"max-image-preview:large","max-video-preview":"max-video-preview:-1"},"canonical":"https:\/\/rmvapebang.com\/cs\/produkt\/waspe-bar-60000-puffs-disposable-crystal-vape-wholesale\/","og_locale":"cs_CZ","og_type":"article","og_title":"Waspe Bar 60000 Puffs Disposable Crystal Vape Wholesale - rmvapebang.com","og_description":"Waspe Bar 60000 puffs disposable vape with blackberry blackcurrant flavor, long lasting rechargeable design and fast EU warehouse wholesale supply.","og_url":"https:\/\/rmvapebang.com\/cs\/produkt\/waspe-bar-60000-puffs-disposable-crystal-vape-wholesale\/","og_site_name":"rmvapebang.com","article_modified_time":"2026-03-23T08:31:55+00:00","og_image":[{"width":800,"height":800,"url":"http:\/\/rmvapebang.com\/wp-content\/uploads\/2026\/03\/Perfect-for-Daily-Use.webp","type":"image\/webp"}],"twitter_card":"summary_large_image","twitter_misc":{"Odhadovan\u00e1 doba \u010dten\u00ed":"3 minuty"},"schema":{"@context":"https:\/\/schema.org","@graph":[{"@type":"WebPage","@id":"https:\/\/rmvapebang.com\/product\/waspe-bar-60000-puffs-disposable-crystal-vape-wholesale\/","url":"https:\/\/rmvapebang.com\/product\/waspe-bar-60000-puffs-disposable-crystal-vape-wholesale\/","name":"Waspe Bar 60000 Pot\u00e1hnut\u00ed Jednor\u00e1zov\u00fd krystalov\u00fd vaporiz\u00e9r Velkoobchod - rmvapebang.com","isPartOf":{"@id":"https:\/\/rmvapebang.com\/#website"},"primaryImageOfPage":{"@id":"https:\/\/rmvapebang.com\/product\/waspe-bar-60000-puffs-disposable-crystal-vape-wholesale\/#primaryimage"},"image":{"@id":"https:\/\/rmvapebang.com\/product\/waspe-bar-60000-puffs-disposable-crystal-vape-wholesale\/#primaryimage"},"thumbnailUrl":"https:\/\/rmvapebang.com\/wp-content\/uploads\/2026\/03\/Perfect-for-Daily-Use.webp","datePublished":"2026-03-23T07:30:00+00:00","dateModified":"2026-03-23T08:31:55+00:00","description":"Waspe Bar 60000 puf\u016f jednor\u00e1zov\u00e1 vape s p\u0159\u00edchut\u00ed ostru\u017einy a \u010dern\u00e9ho ryb\u00edzu, dlouhotrvaj\u00edc\u00ed dob\u00edjec\u00ed design a rychl\u00e1 velkoobchodn\u00ed dod\u00e1vka z EU sklad\u016f.","breadcrumb":{"@id":"https:\/\/rmvapebang.com\/product\/waspe-bar-60000-puffs-disposable-crystal-vape-wholesale\/#breadcrumb"},"inLanguage":"cs","potentialAction":[{"@type":"ReadAction","target":["https:\/\/rmvapebang.com\/product\/waspe-bar-60000-puffs-disposable-crystal-vape-wholesale\/"]}]},{"@type":"ImageObject","inLanguage":"cs","@id":"https:\/\/rmvapebang.com\/product\/waspe-bar-60000-puffs-disposable-crystal-vape-wholesale\/#primaryimage","url":"https:\/\/rmvapebang.com\/wp-content\/uploads\/2026\/03\/Perfect-for-Daily-Use.webp","contentUrl":"https:\/\/rmvapebang.com\/wp-content\/uploads\/2026\/03\/Perfect-for-Daily-Use.webp","width":800,"height":800,"caption":"Reliable and portable vape device"},{"@type":"BreadcrumbList","@id":"https:\/\/rmvapebang.com\/product\/waspe-bar-60000-puffs-disposable-crystal-vape-wholesale\/#breadcrumb","itemListElement":[{"@type":"ListItem","position":1,"name":"Home","item":"https:\/\/rmvapebang.com\/"},{"@type":"ListItem","position":2,"name":"Hot Vape Shop","item":"https:\/\/rmvapebang.com\/shop-page\/"},{"@type":"ListItem","position":3,"name":"Waspe Bar 60000 Puffs Disposable Crystal Vape Wholesale"}]},{"@type":"WebSite","@id":"https:\/\/rmvapebang.com\/#website","url":"https:\/\/rmvapebang.com\/","name":"rmvapebang.com","description":"koupit vape levn\u011b","publisher":{"@id":"https:\/\/rmvapebang.com\/#organization"},"potentialAction":[{"@type":"SearchAction","target":{"@type":"EntryPoint","urlTemplate":"https:\/\/rmvapebang.com\/?s={search_term_string}"},"query-input":{"@type":"PropertyValueSpecification","valueRequired":true,"valueName":"search_term_string"}}],"inLanguage":"cs"},{"@type":"Organization","@id":"https:\/\/rmvapebang.com\/#organization","name":"rmvapebang.com","url":"https:\/\/rmvapebang.com\/","logo":{"@type":"ImageObject","inLanguage":"cs","@id":"https:\/\/rmvapebang.com\/#\/schema\/logo\/image\/","url":"https:\/\/rmvapebang.com\/wp-content\/uploads\/2024\/03\/cropped-RVBlogo.png","contentUrl":"https:\/\/rmvapebang.com\/wp-content\/uploads\/2024\/03\/cropped-RVBlogo.png","width":507,"height":169,"caption":"rmvapebang.com"},"image":{"@id":"https:\/\/rmvapebang.com\/#\/schema\/logo\/image\/"}}]}},"uagb_featured_image_src":{"full":["https:\/\/rmvapebang.com\/wp-content\/uploads\/2026\/03\/Perfect-for-Daily-Use.webp",800,800,false],"thumbnail":["https:\/\/rmvapebang.com\/wp-content\/uploads\/2026\/03\/Perfect-for-Daily-Use-150x150.webp",150,150,true],"medium":["https:\/\/rmvapebang.com\/wp-content\/uploads\/2026\/03\/Perfect-for-Daily-Use-300x300.webp",300,300,true],"medium_large":["https:\/\/rmvapebang.com\/wp-content\/uploads\/2026\/03\/Perfect-for-Daily-Use-768x768.webp",768,768,true],"large":["https:\/\/rmvapebang.com\/wp-content\/uploads\/2026\/03\/Perfect-for-Daily-Use.webp",800,800,false],"1536x1536":["https:\/\/rmvapebang.com\/wp-content\/uploads\/2026\/03\/Perfect-for-Daily-Use.webp",800,800,false],"2048x2048":["https:\/\/rmvapebang.com\/wp-content\/uploads\/2026\/03\/Perfect-for-Daily-Use.webp",800,800,false],"trp-custom-language-flag":["https:\/\/rmvapebang.com\/wp-content\/uploads\/2026\/03\/Perfect-for-Daily-Use-12x12.webp",12,12,true],"woocommerce_thumbnail":["https:\/\/rmvapebang.com\/wp-content\/uploads\/2026\/03\/Perfect-for-Daily-Use-300x300.webp",300,300,true],"woocommerce_single":["https:\/\/rmvapebang.com\/wp-content\/uploads\/2026\/03\/Perfect-for-Daily-Use-600x600.webp",600,600,true],"woocommerce_gallery_thumbnail":["https:\/\/rmvapebang.com\/wp-content\/uploads\/2026\/03\/Perfect-for-Daily-Use-100x100.webp",100,100,true],"wcpr-photo-reviews":["https:\/\/rmvapebang.com\/wp-content\/uploads\/2026\/03\/Perfect-for-Daily-Use.webp",500,500,false]},"uagb_author_info":{"display_name":"Lyn","author_link":"https:\/\/rmvapebang.com\/cs\/author\/"},"uagb_comment_info":0,"uagb_excerpt":"NOTE:\u00a0Prices on the website don\u2019t include shipping fee. Please send your zip code and address that we can check shipping costs for you. Waspe Bar 60000 puffs vape offers a smooth blackberry blackcurrant flavor with long lasting performance. This rechargeable disposable vape features a high capacity design, LED display, and stable output, making it ideal&hellip;","_links":{"self":[{"href":"https:\/\/rmvapebang.com\/cs\/wp-json\/wp\/v2\/product\/5837","targetHints":{"allow":["GET"]}}],"collection":[{"href":"https:\/\/rmvapebang.com\/cs\/wp-json\/wp\/v2\/product"}],"about":[{"href":"https:\/\/rmvapebang.com\/cs\/wp-json\/wp\/v2\/types\/product"}],"replies":[{"embeddable":true,"href":"https:\/\/rmvapebang.com\/cs\/wp-json\/wp\/v2\/comments?post=5837"}],"wp:featuredmedia":[{"embeddable":true,"href":"https:\/\/rmvapebang.com\/cs\/wp-json\/wp\/v2\/media\/5823"}],"wp:attachment":[{"href":"https:\/\/rmvapebang.com\/cs\/wp-json\/wp\/v2\/media?parent=5837"}],"wp:term":[{"taxonomy":"product_brand","embeddable":true,"href":"https:\/\/rmvapebang.com\/cs\/wp-json\/wp\/v2\/product_brand?post=5837"},{"taxonomy":"product_cat","embeddable":true,"href":"https:\/\/rmvapebang.com\/cs\/wp-json\/wp\/v2\/product_cat?post=5837"},{"taxonomy":"product_tag","embeddable":true,"href":"https:\/\/rmvapebang.com\/cs\/wp-json\/wp\/v2\/product_tag?post=5837"}],"curies":[{"name":"wp","href":"https:\/\/api.w.org\/{rel}","templated":true}]}}