{"id":5720,"date":"2026-03-02T11:02:25","date_gmt":"2026-03-02T03:02:25","guid":{"rendered":"https:\/\/rmvapebang.com\/?post_type=product&#038;p=5720"},"modified":"2026-04-06T19:38:57","modified_gmt":"2026-04-06T11:38:57","slug":"hifancy-rainbow-25000-puffs-rechargeable-disposable-vape","status":"publish","type":"product","link":"https:\/\/rmvapebang.com\/cs\/product\/hifancy-rainbow-25000-puffs-rechargeable-disposable-vape\/","title":{"rendered":"HIFANCY Rainbow 25000 Puffs Dob\u00edjec\u00ed Jednor\u00e1zov\u00fd Vaporiz\u00e9r"},"content":{"rendered":"<h2 data-pm-slice=\"1 1 []\">HIFANCY Rainbow 25000 Puffs Dob\u00edjec\u00ed Jednor\u00e1zov\u00fd Vaporiz\u00e9r<\/h2>\n<p>HIFANCY Rainbow 25000 Puffs Dob\u00edjec\u00ed jednor\u00e1zov\u00fd vaporiz\u00e9r je vysoce \u017e\u00e1dan\u00fd model s kapacitou 25 tis\u00edc pot\u00e1hnut\u00ed, ur\u010den\u00fd pro velkoobchodn\u00ed prodej distributor\u016fm a prodejc\u016fm vaporiz\u00e9r\u016f. <a href=\"https:\/\/rmvapebang.com\/cs\/product-category\/hifancy-vapes\/\"><em><strong>Vape pro HIFANCY Rainbow<\/strong><\/em><\/a> a\u017e 25000 pot\u00e1hnut\u00ed, velk\u00e1 kapacita e-liquidu 32 ml a dob\u00edjec\u00ed baterie 800 mAh, <a href=\"https:\/\/rmvapebang.com\/cs\/product-category\/vape-25000-puffs\/\"><em><strong>jednor\u00e1zovou e-cigaretou na 25000 pot\u00e1hnut\u00ed<\/strong><\/em><\/a> zaji\u0161\u0165uje dlouhotrvaj\u00edc\u00ed v\u00fdkon, kter\u00fd podporuje opakovan\u00fd prodej.<\/p>\n<p>Chytr\u00fd displej jednor\u00e1zov\u00e9ho vaporiz\u00e9ru s pln\u00fdm <strong><em><a href=\"https:\/\/rmvapebang.com\/cs\/product-category\/smart-display\/\">displejem<\/a><\/em><\/strong> a du\u00e1ln\u00edm topn\u00fdm re\u017eimem nab\u00edz\u00ed stabiln\u00ed v\u00fdstup a konzistentn\u00ed chu\u0165, co\u017e z n\u011bj \u010din\u00ed spolehliv\u00fd velkoobchodn\u00ed produkt pro evropsk\u00fd trh.<\/p>\n<p>Pokud hled\u00e1te konkurenceschopn\u00e9ho dodavatele dob\u00edjec\u00fdch jednor\u00e1zov\u00fdch vaporiz\u00e9r\u016f, <a href=\"https:\/\/rmvapebang.com\/cs\/product-category\/hifancy-vapes\/\"><strong><em>HIFANCY Rainbow<\/em><\/strong><\/a> 25K je ide\u00e1ln\u00ed volbou pro velkoobjemov\u00e9 objedn\u00e1vky s potenci\u00e1lem siln\u00e9ho prodeje a solidn\u00edmi ziskov\u00fdmi mar\u017eemi.<\/p>\n<figure id=\"attachment_5702\" aria-describedby=\"caption-attachment-5702\" style=\"width: 800px\" class=\"wp-caption alignnone\"><img loading=\"lazy\" decoding=\"async\" class=\"wp-image-5702 size-full\" src=\"http:\/\/rmvapebang.com\/wp-content\/uploads\/2026\/02\/Fruit-Ice-Flavor-Disposable-Vape-25K.webp\" alt=\"Pr\u00e9miov\u00e1 ovocn\u00e1 ledov\u00e1 p\u0159\u00edchu\u0165 HIFANCY Rainbow 25K potisk\u016f jednor\u00e1zov\u00fd vaporiz\u00e9r\" width=\"800\" height=\"750\" srcset=\"https:\/\/rmvapebang.com\/wp-content\/uploads\/2026\/02\/Fruit-Ice-Flavor-Disposable-Vape-25K.webp 800w, https:\/\/rmvapebang.com\/wp-content\/uploads\/2026\/02\/Fruit-Ice-Flavor-Disposable-Vape-25K-300x281.webp 300w, https:\/\/rmvapebang.com\/wp-content\/uploads\/2026\/02\/Fruit-Ice-Flavor-Disposable-Vape-25K-768x720.webp 768w, https:\/\/rmvapebang.com\/wp-content\/uploads\/2026\/02\/Fruit-Ice-Flavor-Disposable-Vape-25K-13x12.webp 13w, https:\/\/rmvapebang.com\/wp-content\/uploads\/2026\/02\/Fruit-Ice-Flavor-Disposable-Vape-25K-600x563.webp 600w\" sizes=\"auto, (max-width: 800px) 100vw, 800px\" \/><figcaption id=\"caption-attachment-5702\" class=\"wp-caption-text\">Pr\u00e9miov\u00e1 ovocn\u00e1 p\u0159\u00edchu\u0165 s chytr\u00fdm displejem, vhodn\u00e1 pro denn\u00ed vapov\u00e1n\u00ed<\/figcaption><\/figure>\n<h2 data-start=\"815\" data-end=\"866\">Seznam p\u0159\u00edchut\u00ed vaporiz\u00e9ru HIFANCY Rainbow 25000 Puffs<\/h2>\n<p>1. Ostru\u017eina Hroznov\u00e1 ledov\u00e1<br \/>\n2. Bor\u016fvka Malina Limon\u00e1da<br \/>\n3. Bor\u016fvkov\u00e1 Ice<br \/>\n4. Energy Redbull<br \/>\n5. Melounov\u00e1 ledov\u00e1<br \/>\n6. Jahoda Meloun<br \/>\n7. M\u00edchan\u00e9 bobule M\u00e1ta<br \/>\n8. Broskev Ananas Pomeran\u010d<br \/>\n9. Jahoda Mango Ban\u00e1n<br \/>\n10. Citron T\u0159e\u0161e\u0148<\/p>\n<h2 data-start=\"1030\" data-end=\"1085\">Kl\u00ed\u010d pro jednor\u00e1zovou vape s 25000 potahy<\/h2>\n<ul>\n<li>\ud83d\udd0b 800mAh dob\u00edjec\u00ed baterie \u2013 nab\u00edjen\u00ed Type-C podporuje dlouh\u00e9 sezen\u00ed<\/li>\n<li>\ud83d\udca8 V\u00fdstup 25000 potah\u016f \u2013 Velk\u00e1 jednor\u00e1zov\u00e1 vape s velk\u00fdm potahem pro n\u00e1ro\u010dn\u00e9 u\u017eivatele<\/li>\n<li>\ud83e\uddca Dva re\u017eimy vyt\u00e1p\u011bn\u00ed \u2013 Hlad\u0161\u00ed nebo siln\u011bj\u0161\u00ed chu\u0165ov\u00e1 kontrola<\/li>\n<li>\ud83d\udcf1 Displej na celou obrazovku \u2013 Chytr\u00e1 obrazovka jednor\u00e1zov\u00e9 vaporiz\u00e9ru s p\u0159ehledn\u00fdmi daty<\/li>\n<li>\ud83e\uddc3 Vysoce kapacitn\u00ed 32ML \u2013 Dlouhotrvaj\u00edc\u00ed z\u00e1\u017eitek z jednor\u00e1zov\u00e9 vaporiz\u00e9ru<\/li>\n<li>\u26a1 Stabiln\u00ed nap\u00e1jec\u00ed syst\u00e9m \u2013 Konzistentn\u00ed p\u00e1ry od za\u010d\u00e1tku do konce<\/li>\n<li>\ud83c\udfaf Nastaviteln\u00fd z\u00e1\u017eitek \u2013 Navr\u017eeno pro modern\u00ed u\u017eivatele jednor\u00e1zov\u00fdch vaporiz\u00e9r\u016f s technologi\u00ed<\/li>\n<\/ul>\n<h2 data-start=\"1650\" data-end=\"1703\">Pro\u010d zvolit HIFANCY Rainbow 25K Puff Vape<\/h2>\n<ul>\n<li>Design s vysokou kapacitou ur\u010den\u00fd pro zvyklosti dosp\u011bl\u00fdch v \u010cesku<\/li>\n<li>Chytr\u00fd displej zlep\u0161uje kontrolu a ka\u017edodenn\u00ed pohodl\u00ed<\/li>\n<li>Velk\u00e1 jednor\u00e1zov\u00e1 vape s vyv\u00e1\u017een\u00fdm v\u00fdkonem airflow<\/li>\n<li>Modern\u00ed barevn\u00e9 za\u0159\u00edzen\u00ed vhodn\u00e9 pro fanou\u0161ky pr\u00e9miov\u00fdch ovocn\u00fdch p\u0159\u00edchut\u00ed<\/li>\n<\/ul>\n<h2 data-start=\"1978\" data-end=\"2027\">Faq pro High Puff Disposable 25k Vape<\/h2>\n<p><strong>Q1: Pro koho je tento 25k vape vhodn\u00fd?<\/strong><br \/>\nA1: Pro dosp\u011bl\u00e9 u\u017eivatele hledaj\u00edc\u00ed dlouhotrvaj\u00edc\u00ed dob\u00edjec\u00ed jednor\u00e1zovou vape s stabiln\u00ed p\u0159\u00edchut\u00ed.<\/p>\n<p><strong>Q2: Je HIFANCY Rainbow 25K dob\u00edjec\u00ed?<\/strong><br \/>\nA2: Ano, 25K potah\u016f m\u00e1 baterii 800mAh s nab\u00edjen\u00edm Type-C.<\/p>\n<p><strong>Q3: \u010c\u00edm se li\u0161\u00ed chytr\u00fd displej u jednor\u00e1zov\u00e9 vaporiz\u00e9ru?<\/strong><br \/>\nA3: Cel\u00fd displej jasn\u011b ukazuje \u00farove\u0148 baterie a stav provozu.<\/p>\n<p><strong>Q4: Podporuje tento vysok\u00fd molit\u00e1n 25k jednor\u00e1zov\u00fd vaporiz\u00e9r r\u016fzn\u00e9 re\u017eimy?<\/strong><br \/>\nA4: Ano, dva re\u017eimy vyt\u00e1p\u011bn\u00ed umo\u017e\u0148uj\u00ed plynulej\u0161\u00ed nebo siln\u011bj\u0161\u00ed v\u00fdstup p\u00e1ry.<\/p>\n<p><strong>Kontaktujte Lyn pro v\u00edce vide\u00ed o produktech!<\/strong><\/p>\n<p><a href=\"https:\/\/wa.me\/8617840853976\"><span style=\"color: #ff6600\"><strong><em>Whatsapp:+86 17840853976<\/em><\/strong><\/span><\/a><\/p>\n<p><img loading=\"lazy\" decoding=\"async\" class=\"alignnone size-medium wp-image-1905\" src=\"http:\/\/rmvapebang.com\/wp-content\/uploads\/2024\/03\/whatsapp-vape-2-202x300.jpg\" alt=\"\" width=\"202\" height=\"300\" \/><\/p>\n<p>Najd\u011bte dal\u0161\u00ed produkty, kter\u00e9 by se v\u00e1m mohly l\u00edbit:<a href=\"https:\/\/rmvapebang.com\/cs\/shop-page\/\"><strong><em>Nakupujte nyn\u00ed<\/em><\/strong><\/a><\/p>\n<p>Dal\u0161\u00ed potahy, kter\u00e9 by se v\u00e1m mohly l\u00edbit:<\/p>\n<p><a href=\"https:\/\/rmvapebang.com\/cs\/product\/hifancy-legend-20000-smart-screen-rechargeable-disposable-vape\/\">HIFANCY Legend 20000 Chytr\u00e1 obrazovka jednor\u00e1zov\u00fd vaporiz\u00e9r s potisky<\/a><\/p>\n<p><a href=\"https:\/\/rmvapebang.com\/cs\/product\/uwin-digital-68000-puffs-disposable-vape-with-smart-screen-type-c-rechargeable\/\">Uwin Digital 68000 Z\u00e1blesk\u016f Jednor\u00e1zov\u00fd vaporiz\u00e9r s chytrou obrazovkou, lep\u0161\u00ed prodejn\u00ed produkt<\/a><\/p>\n<p><a href=\"https:\/\/rmvapebang.com\/cs\/product\/vapme-crystal-48000-puffs-long-lasting-rechargeable-disposable-vape\/\">48000 z\u00e1blesk\u016f s dob\u00edjec\u00ed bateri\u00ed vapme vape za dobrou cenu<\/a><\/p>","protected":false},"excerpt":{"rendered":"<p><span style=\"color: #ff0000\"><strong>POZN\u00c1MKA<\/strong>:\u00a0<em>Pri<\/em>Ceny na webov\u00fdch str\u00e1nk\u00e1ch nezahrnuj\u00ed poplatek za dopravu. Za\u0161lete n\u00e1m, pros\u00edm, va\u0161e PS\u010c a adresu, abychom v\u00e1m mohli zkontrolovat n\u00e1klady na dopravu.<\/span><\/p>\n<p data-start=\"126\" data-end=\"385\">HIFANCY Rainbow 25K je jednor\u00e1zov\u00e1 vaporiz\u00e9r s dlouhou \u017eivotnost\u00ed, navr\u017een\u00fd pro modern\u00ed dosp\u011bl\u00e9 u\u017eivatele, kte\u0159\u00ed preferuj\u00ed pr\u00e9miovou ovocnou p\u0159\u00edchu\u0165 s technologick\u00fdmi funkcemi. Chytr\u00fd displej, dob\u00edjec\u00ed baterie a vysokokapacitn\u00ed konstrukce z n\u011bj \u010din\u00ed silnou volbu pro trhy EU, kter\u00e9 hledaj\u00ed spolehliv\u00fd modern\u00ed barevn\u00fd design vaporiz\u00e9ru s konzistentn\u00edm v\u00fdkonem.<\/p>\n<p><a href=\"https:\/\/wa.me\/8617840853976\"><strong><em>Whatsapp:+86 17840853976<\/em><\/strong><\/a><br \/>\nNaskenujte QR k\u00f3d na Whatsapp pro kup\u00f3n pro nov\u00e9ho z\u00e1kazn\u00edka<\/p>\n<p><img loading=\"lazy\" decoding=\"async\" class=\"alignnone size-medium wp-image-1905\" src=\"http:\/\/rmvapebang.com\/wp-content\/uploads\/2024\/03\/whatsapp-vape-2-202x300.jpg\" alt=\"\" width=\"202\" height=\"300\" \/><\/p>","protected":false},"featured_media":5703,"comment_status":"open","ping_status":"closed","template":"","meta":{"_uag_custom_page_level_css":"","_lmt_disableupdate":"no","_lmt_disable":"","site-sidebar-layout":"no-sidebar","site-content-layout":"boxed-container","ast-site-content-layout":"normal-width-container","site-content-style":"boxed","site-sidebar-style":"boxed","ast-global-header-display":"","ast-banner-title-visibility":"","ast-main-header-display":"","ast-hfb-above-header-display":"","ast-hfb-below-header-display":"","ast-hfb-mobile-header-display":"","site-post-title":"","ast-breadcrumbs-content":"","ast-featured-img":"","footer-sml-layout":"","theme-transparent-header-meta":"default","adv-header-id-meta":"","stick-header-meta":"","header-above-stick-meta":"","header-main-stick-meta":"","header-below-stick-meta":"","astra-migrate-meta-layouts":"set","ast-page-background-enabled":"default","ast-page-background-meta":{"desktop":{"background-color":"","background-image":"","background-repeat":"repeat","background-position":"center center","background-size":"auto","background-attachment":"scroll","background-type":"","background-media":"","overlay-type":"","overlay-color":"","overlay-gradient":""},"tablet":{"background-color":"","background-image":"","background-repeat":"repeat","background-position":"center center","background-size":"auto","background-attachment":"scroll","background-type":"","background-media":"","overlay-type":"","overlay-color":"","overlay-gradient":""},"mobile":{"background-color":"","background-image":"","background-repeat":"repeat","background-position":"center center","background-size":"auto","background-attachment":"scroll","background-type":"","background-media":"","overlay-type":"","overlay-color":"","overlay-gradient":""}},"ast-content-background-meta":{"desktop":{"background-color":"var(--ast-global-color-5)","background-image":"","background-repeat":"repeat","background-position":"center center","background-size":"auto","background-attachment":"scroll","background-type":"","background-media":"","overlay-type":"","overlay-color":"","overlay-gradient":""},"tablet":{"background-color":"var(--ast-global-color-5)","background-image":"","background-repeat":"repeat","background-position":"center center","background-size":"auto","background-attachment":"scroll","background-type":"","background-media":"","overlay-type":"","overlay-color":"","overlay-gradient":""},"mobile":{"background-color":"var(--ast-global-color-5)","background-image":"","background-repeat":"repeat","background-position":"center center","background-size":"auto","background-attachment":"scroll","background-type":"","background-media":"","overlay-type":"","overlay-color":"","overlay-gradient":""}},"_joinchat":{"telephone":"+8617840853976"}},"product_brand":[],"product_cat":[15,130,39,293,41,128,42,40,80,43],"product_tag":[93,94,123,50,61,58,53,52],"class_list":{"0":"post-5720","1":"product","2":"type-product","3":"status-publish","4":"has-post-thumbnail","6":"product_cat-eu-warehouse","7":"product_cat-digital-vapes-in-discount-price","8":"product_cat-france-wholesale-vape","9":"product_cat-hifancy-vapes","10":"product_cat-netherlands-wholesale-vape","11":"product_cat-smart-display","12":"product_cat-spain-wholesale-vape","13":"product_cat-germany-wholesale-vape","14":"product_cat-vape-25000-puffs","15":"product_cat-vape-shop","16":"product_tag-25000-puffs","17":"product_tag-25k-puffs","18":"product_tag-25k-vape","19":"product_tag-bulk-price-vape-shop","20":"product_tag-good-sales-vape","21":"product_tag-moq-50pcs","22":"product_tag-rechargeable-vape","23":"product_tag-vape-wholesasle-price","24":"desktop-align-left","25":"tablet-align-left","26":"mobile-align-left","28":"first","29":"instock","30":"sale","31":"shipping-taxable","32":"purchasable","33":"product-type-simple"},"yoast_head":"<!-- This site is optimized with the Yoast SEO plugin v23.0 - https:\/\/yoast.com\/wordpress\/plugins\/seo\/ -->\n<title>HIFANCY Rainbow 25000 Puffs Rechargeable Disposable Vape - rmvapebang.com<\/title>\n<meta name=\"description\" content=\"HIFANCY Rainbow 25000 Puffs rechargeable disposable vape with smart screen, dual modes and high capacity design for long lasting adult vaping.\" \/>\n<meta name=\"robots\" content=\"index, follow, max-snippet:-1, max-image-preview:large, max-video-preview:-1\" \/>\n<link rel=\"canonical\" href=\"https:\/\/rmvapebang.com\/cs\/product\/hifancy-rainbow-25000-puffs-rechargeable-disposable-vape\/\" \/>\n<meta property=\"og:locale\" content=\"cs_CZ\" \/>\n<meta property=\"og:type\" content=\"article\" \/>\n<meta property=\"og:title\" content=\"HIFANCY Rainbow 25000 Puffs Rechargeable Disposable Vape - rmvapebang.com\" \/>\n<meta property=\"og:description\" content=\"HIFANCY Rainbow 25000 Puffs rechargeable disposable vape with smart screen, dual modes and high capacity design for long lasting adult vaping.\" \/>\n<meta property=\"og:url\" content=\"https:\/\/rmvapebang.com\/cs\/product\/hifancy-rainbow-25000-puffs-rechargeable-disposable-vape\/\" \/>\n<meta property=\"og:site_name\" content=\"rmvapebang.com\" \/>\n<meta property=\"article:modified_time\" content=\"2026-04-06T11:38:57+00:00\" \/>\n<meta property=\"og:image\" content=\"http:\/\/rmvapebang.com\/wp-content\/uploads\/2026\/02\/HIFANCY-Rainbow-25K-Smart-Screen-Disposable-Vape.webp\" \/>\n\t<meta property=\"og:image:width\" content=\"800\" \/>\n\t<meta property=\"og:image:height\" content=\"800\" \/>\n\t<meta property=\"og:image:type\" content=\"image\/webp\" \/>\n<meta name=\"twitter:card\" content=\"summary_large_image\" \/>\n<meta name=\"twitter:label1\" content=\"Odhadovan\u00e1 doba \u010dten\u00ed\" \/>\n\t<meta name=\"twitter:data1\" content=\"3 minuty\" \/>\n<script type=\"application\/ld+json\" class=\"yoast-schema-graph\">{\"@context\":\"https:\/\/schema.org\",\"@graph\":[{\"@type\":\"WebPage\",\"@id\":\"https:\/\/rmvapebang.com\/product\/hifancy-rainbow-25000-puffs-rechargeable-disposable-vape\/\",\"url\":\"https:\/\/rmvapebang.com\/product\/hifancy-rainbow-25000-puffs-rechargeable-disposable-vape\/\",\"name\":\"HIFANCY Rainbow 25000 Puffs Rechargeable Disposable Vape - rmvapebang.com\",\"isPartOf\":{\"@id\":\"https:\/\/rmvapebang.com\/#website\"},\"primaryImageOfPage\":{\"@id\":\"https:\/\/rmvapebang.com\/product\/hifancy-rainbow-25000-puffs-rechargeable-disposable-vape\/#primaryimage\"},\"image\":{\"@id\":\"https:\/\/rmvapebang.com\/product\/hifancy-rainbow-25000-puffs-rechargeable-disposable-vape\/#primaryimage\"},\"thumbnailUrl\":\"https:\/\/rmvapebang.com\/wp-content\/uploads\/2026\/02\/HIFANCY-Rainbow-25K-Smart-Screen-Disposable-Vape.webp\",\"datePublished\":\"2026-03-02T03:02:25+00:00\",\"dateModified\":\"2026-04-06T11:38:57+00:00\",\"description\":\"HIFANCY Rainbow 25000 Puffs rechargeable disposable vape with smart screen, dual modes and high capacity design for long lasting adult vaping.\",\"breadcrumb\":{\"@id\":\"https:\/\/rmvapebang.com\/product\/hifancy-rainbow-25000-puffs-rechargeable-disposable-vape\/#breadcrumb\"},\"inLanguage\":\"cs\",\"potentialAction\":[{\"@type\":\"ReadAction\",\"target\":[\"https:\/\/rmvapebang.com\/product\/hifancy-rainbow-25000-puffs-rechargeable-disposable-vape\/\"]}]},{\"@type\":\"ImageObject\",\"inLanguage\":\"cs\",\"@id\":\"https:\/\/rmvapebang.com\/product\/hifancy-rainbow-25000-puffs-rechargeable-disposable-vape\/#primaryimage\",\"url\":\"https:\/\/rmvapebang.com\/wp-content\/uploads\/2026\/02\/HIFANCY-Rainbow-25K-Smart-Screen-Disposable-Vape.webp\",\"contentUrl\":\"https:\/\/rmvapebang.com\/wp-content\/uploads\/2026\/02\/HIFANCY-Rainbow-25K-Smart-Screen-Disposable-Vape.webp\",\"width\":800,\"height\":800,\"caption\":\"25k puffs disposable vape with smart display and rechargeable design\"},{\"@type\":\"BreadcrumbList\",\"@id\":\"https:\/\/rmvapebang.com\/product\/hifancy-rainbow-25000-puffs-rechargeable-disposable-vape\/#breadcrumb\",\"itemListElement\":[{\"@type\":\"ListItem\",\"position\":1,\"name\":\"Home\",\"item\":\"https:\/\/rmvapebang.com\/\"},{\"@type\":\"ListItem\",\"position\":2,\"name\":\"Hot Vape Shop\",\"item\":\"https:\/\/rmvapebang.com\/shop-page\/\"},{\"@type\":\"ListItem\",\"position\":3,\"name\":\"HIFANCY Rainbow 25000 Puffs Rechargeable Disposable Vape\"}]},{\"@type\":\"WebSite\",\"@id\":\"https:\/\/rmvapebang.com\/#website\",\"url\":\"https:\/\/rmvapebang.com\/\",\"name\":\"rmvapebang.com\",\"description\":\"buy vape cheap\",\"publisher\":{\"@id\":\"https:\/\/rmvapebang.com\/#organization\"},\"potentialAction\":[{\"@type\":\"SearchAction\",\"target\":{\"@type\":\"EntryPoint\",\"urlTemplate\":\"https:\/\/rmvapebang.com\/?s={search_term_string}\"},\"query-input\":\"required name=search_term_string\"}],\"inLanguage\":\"cs\"},{\"@type\":\"Organization\",\"@id\":\"https:\/\/rmvapebang.com\/#organization\",\"name\":\"rmvapebang.com\",\"url\":\"https:\/\/rmvapebang.com\/\",\"logo\":{\"@type\":\"ImageObject\",\"inLanguage\":\"cs\",\"@id\":\"https:\/\/rmvapebang.com\/#\/schema\/logo\/image\/\",\"url\":\"https:\/\/rmvapebang.com\/wp-content\/uploads\/2024\/03\/cropped-RVBlogo.png\",\"contentUrl\":\"https:\/\/rmvapebang.com\/wp-content\/uploads\/2024\/03\/cropped-RVBlogo.png\",\"width\":507,\"height\":169,\"caption\":\"rmvapebang.com\"},\"image\":{\"@id\":\"https:\/\/rmvapebang.com\/#\/schema\/logo\/image\/\"}}]}<\/script>\n<!-- \/ Yoast SEO plugin. -->","yoast_head_json":{"title":"HIFANCY Rainbow 25000 Puffs Rechargeable Disposable Vape - rmvapebang.com","description":"HIFANCY Rainbow 25000 Puffs rechargeable disposable vape with smart screen, dual modes and high capacity design for long lasting adult vaping.","robots":{"index":"index","follow":"follow","max-snippet":"max-snippet:-1","max-image-preview":"max-image-preview:large","max-video-preview":"max-video-preview:-1"},"canonical":"https:\/\/rmvapebang.com\/cs\/product\/hifancy-rainbow-25000-puffs-rechargeable-disposable-vape\/","og_locale":"cs_CZ","og_type":"article","og_title":"HIFANCY Rainbow 25000 Puffs Rechargeable Disposable Vape - rmvapebang.com","og_description":"HIFANCY Rainbow 25000 Puffs rechargeable disposable vape with smart screen, dual modes and high capacity design for long lasting adult vaping.","og_url":"https:\/\/rmvapebang.com\/cs\/product\/hifancy-rainbow-25000-puffs-rechargeable-disposable-vape\/","og_site_name":"rmvapebang.com","article_modified_time":"2026-04-06T11:38:57+00:00","og_image":[{"width":800,"height":800,"url":"http:\/\/rmvapebang.com\/wp-content\/uploads\/2026\/02\/HIFANCY-Rainbow-25K-Smart-Screen-Disposable-Vape.webp","type":"image\/webp"}],"twitter_card":"summary_large_image","twitter_misc":{"Odhadovan\u00e1 doba \u010dten\u00ed":"3 minuty"},"schema":{"@context":"https:\/\/schema.org","@graph":[{"@type":"WebPage","@id":"https:\/\/rmvapebang.com\/product\/hifancy-rainbow-25000-puffs-rechargeable-disposable-vape\/","url":"https:\/\/rmvapebang.com\/product\/hifancy-rainbow-25000-puffs-rechargeable-disposable-vape\/","name":"HIFANCY Rainbow 25000 Puffs Rechargeable Disposable Vape - rmvapebang.com","isPartOf":{"@id":"https:\/\/rmvapebang.com\/#website"},"primaryImageOfPage":{"@id":"https:\/\/rmvapebang.com\/product\/hifancy-rainbow-25000-puffs-rechargeable-disposable-vape\/#primaryimage"},"image":{"@id":"https:\/\/rmvapebang.com\/product\/hifancy-rainbow-25000-puffs-rechargeable-disposable-vape\/#primaryimage"},"thumbnailUrl":"https:\/\/rmvapebang.com\/wp-content\/uploads\/2026\/02\/HIFANCY-Rainbow-25K-Smart-Screen-Disposable-Vape.webp","datePublished":"2026-03-02T03:02:25+00:00","dateModified":"2026-04-06T11:38:57+00:00","description":"HIFANCY Rainbow 25000 Puffs rechargeable disposable vape with smart screen, dual modes and high capacity design for long lasting adult vaping.","breadcrumb":{"@id":"https:\/\/rmvapebang.com\/product\/hifancy-rainbow-25000-puffs-rechargeable-disposable-vape\/#breadcrumb"},"inLanguage":"cs","potentialAction":[{"@type":"ReadAction","target":["https:\/\/rmvapebang.com\/product\/hifancy-rainbow-25000-puffs-rechargeable-disposable-vape\/"]}]},{"@type":"ImageObject","inLanguage":"cs","@id":"https:\/\/rmvapebang.com\/product\/hifancy-rainbow-25000-puffs-rechargeable-disposable-vape\/#primaryimage","url":"https:\/\/rmvapebang.com\/wp-content\/uploads\/2026\/02\/HIFANCY-Rainbow-25K-Smart-Screen-Disposable-Vape.webp","contentUrl":"https:\/\/rmvapebang.com\/wp-content\/uploads\/2026\/02\/HIFANCY-Rainbow-25K-Smart-Screen-Disposable-Vape.webp","width":800,"height":800,"caption":"25k puffs disposable vape with smart display and rechargeable design"},{"@type":"BreadcrumbList","@id":"https:\/\/rmvapebang.com\/product\/hifancy-rainbow-25000-puffs-rechargeable-disposable-vape\/#breadcrumb","itemListElement":[{"@type":"ListItem","position":1,"name":"Home","item":"https:\/\/rmvapebang.com\/"},{"@type":"ListItem","position":2,"name":"Hot Vape Shop","item":"https:\/\/rmvapebang.com\/shop-page\/"},{"@type":"ListItem","position":3,"name":"HIFANCY Rainbow 25000 Puffs Rechargeable Disposable Vape"}]},{"@type":"WebSite","@id":"https:\/\/rmvapebang.com\/#website","url":"https:\/\/rmvapebang.com\/","name":"rmvapebang.com","description":"buy vape cheap","publisher":{"@id":"https:\/\/rmvapebang.com\/#organization"},"potentialAction":[{"@type":"SearchAction","target":{"@type":"EntryPoint","urlTemplate":"https:\/\/rmvapebang.com\/?s={search_term_string}"},"query-input":"required name=search_term_string"}],"inLanguage":"cs"},{"@type":"Organization","@id":"https:\/\/rmvapebang.com\/#organization","name":"rmvapebang.com","url":"https:\/\/rmvapebang.com\/","logo":{"@type":"ImageObject","inLanguage":"cs","@id":"https:\/\/rmvapebang.com\/#\/schema\/logo\/image\/","url":"https:\/\/rmvapebang.com\/wp-content\/uploads\/2024\/03\/cropped-RVBlogo.png","contentUrl":"https:\/\/rmvapebang.com\/wp-content\/uploads\/2024\/03\/cropped-RVBlogo.png","width":507,"height":169,"caption":"rmvapebang.com"},"image":{"@id":"https:\/\/rmvapebang.com\/#\/schema\/logo\/image\/"}}]}},"uagb_featured_image_src":{"full":["https:\/\/rmvapebang.com\/wp-content\/uploads\/2026\/02\/HIFANCY-Rainbow-25K-Smart-Screen-Disposable-Vape.webp",800,800,false],"thumbnail":["https:\/\/rmvapebang.com\/wp-content\/uploads\/2026\/02\/HIFANCY-Rainbow-25K-Smart-Screen-Disposable-Vape-150x150.webp",150,150,true],"medium":["https:\/\/rmvapebang.com\/wp-content\/uploads\/2026\/02\/HIFANCY-Rainbow-25K-Smart-Screen-Disposable-Vape-300x300.webp",300,300,true],"medium_large":["https:\/\/rmvapebang.com\/wp-content\/uploads\/2026\/02\/HIFANCY-Rainbow-25K-Smart-Screen-Disposable-Vape-768x768.webp",768,768,true],"large":["https:\/\/rmvapebang.com\/wp-content\/uploads\/2026\/02\/HIFANCY-Rainbow-25K-Smart-Screen-Disposable-Vape.webp",800,800,false],"1536x1536":["https:\/\/rmvapebang.com\/wp-content\/uploads\/2026\/02\/HIFANCY-Rainbow-25K-Smart-Screen-Disposable-Vape.webp",800,800,false],"2048x2048":["https:\/\/rmvapebang.com\/wp-content\/uploads\/2026\/02\/HIFANCY-Rainbow-25K-Smart-Screen-Disposable-Vape.webp",800,800,false],"trp-custom-language-flag":["https:\/\/rmvapebang.com\/wp-content\/uploads\/2026\/02\/HIFANCY-Rainbow-25K-Smart-Screen-Disposable-Vape-12x12.webp",12,12,true],"woocommerce_thumbnail":["https:\/\/rmvapebang.com\/wp-content\/uploads\/2026\/02\/HIFANCY-Rainbow-25K-Smart-Screen-Disposable-Vape-300x300.webp",300,300,true],"woocommerce_single":["https:\/\/rmvapebang.com\/wp-content\/uploads\/2026\/02\/HIFANCY-Rainbow-25K-Smart-Screen-Disposable-Vape-600x600.webp",600,600,true],"woocommerce_gallery_thumbnail":["https:\/\/rmvapebang.com\/wp-content\/uploads\/2026\/02\/HIFANCY-Rainbow-25K-Smart-Screen-Disposable-Vape-100x100.webp",100,100,true],"wcpr-photo-reviews":["https:\/\/rmvapebang.com\/wp-content\/uploads\/2026\/02\/HIFANCY-Rainbow-25K-Smart-Screen-Disposable-Vape.webp",500,500,false]},"uagb_author_info":{"display_name":"Lyn","author_link":"https:\/\/rmvapebang.com\/cs\/author\/"},"uagb_comment_info":0,"uagb_excerpt":"NOTE:\u00a0Prices on the website don\u2019t include shipping fee. Please send your zip code and address that we can check shipping costs for you. HIFANCY Rainbow 25K is a long lasting disposable vape designed for modern adult users who prefer a premium fruit flavor disposable vape with tech features. The smart display, rechargeable battery and high&hellip;","_links":{"self":[{"href":"https:\/\/rmvapebang.com\/cs\/wp-json\/wp\/v2\/product\/5720","targetHints":{"allow":["GET"]}}],"collection":[{"href":"https:\/\/rmvapebang.com\/cs\/wp-json\/wp\/v2\/product"}],"about":[{"href":"https:\/\/rmvapebang.com\/cs\/wp-json\/wp\/v2\/types\/product"}],"replies":[{"embeddable":true,"href":"https:\/\/rmvapebang.com\/cs\/wp-json\/wp\/v2\/comments?post=5720"}],"wp:featuredmedia":[{"embeddable":true,"href":"https:\/\/rmvapebang.com\/cs\/wp-json\/wp\/v2\/media\/5703"}],"wp:attachment":[{"href":"https:\/\/rmvapebang.com\/cs\/wp-json\/wp\/v2\/media?parent=5720"}],"wp:term":[{"taxonomy":"product_brand","embeddable":true,"href":"https:\/\/rmvapebang.com\/cs\/wp-json\/wp\/v2\/product_brand?post=5720"},{"taxonomy":"product_cat","embeddable":true,"href":"https:\/\/rmvapebang.com\/cs\/wp-json\/wp\/v2\/product_cat?post=5720"},{"taxonomy":"product_tag","embeddable":true,"href":"https:\/\/rmvapebang.com\/cs\/wp-json\/wp\/v2\/product_tag?post=5720"}],"curies":[{"name":"wp","href":"https:\/\/api.w.org\/{rel}","templated":true}]}}