{"id":5716,"date":"2026-02-28T01:23:28","date_gmt":"2026-02-27T17:23:28","guid":{"rendered":"https:\/\/rmvapebang.com\/?post_type=product&#038;p=5716"},"modified":"2026-04-06T19:39:11","modified_gmt":"2026-04-06T11:39:11","slug":"hifancy-twins-35k-dual-flavor-disposable-vape","status":"publish","type":"product","link":"https:\/\/rmvapebang.com\/cs\/product\/hifancy-twins-35k-dual-flavor-disposable-vape\/","title":{"rendered":"HIFANCY TWINS 35K Dvouchutn\u00e1 Jednor\u00e1zov\u00e1 Vape"},"content":{"rendered":"<h2 data-pm-slice=\"1 1 []\">HIFANCY TWINS 35K Dvouchutn\u00e1 Jednor\u00e1zov\u00e1 Vape<\/h2>\n<p>HIFANCY TWINS 35K Dvouchutn\u00e1 Jednor\u00e1zov\u00e1 Vape je navr\u017eena pro vapery, kte\u0159\u00ed cht\u011bj\u00ed dlouhotrvaj\u00edc\u00ed v\u00fdkon s modern\u00edm syst\u00e9mem dvojit\u00fdch olejov\u00fdch n\u00e1dr\u017e\u00ed. Toto <a href=\"https:\/\/rmvapebang.com\/cs\/shop-page\/?filter_puff=35000-puff\"><em><strong>dob\u00edjec\u00ed jednor\u00e1zov\u00e1 vape 35000 pot\u00e1hnut\u00ed<\/strong><\/em><\/a> s hladk\u00fdm tokem vzduchu a stabiln\u00edm v\u00fdstupem chuti. Jednor\u00e1zov\u00e1 Vape s <a href=\"https:\/\/rmvapebang.com\/cs\/product-category\/smart-display\/\"><em><strong>LED displejem<\/strong> <\/em><\/a>navr\u017eena s technologi\u00ed odd\u011blen\u00ed j\u00e1dra oleje, udr\u017euje ka\u017edou chu\u0165 \u010distou a z\u00e1rove\u0148 nab\u00edz\u00ed pohodlnou p\u0159ep\u00edn\u00e1n\u00ed mezi kombinacemi.<\/p>\n<p><a href=\"https:\/\/rmvapebang.com\/cs\/shop-page\/?filter_puff=35000-puff\"><em><strong>jednor\u00e1zov\u00e1 elektronick\u00e1 cigareta 35000 potah\u016f<\/strong><\/em><\/a> m\u00e1 kompaktn\u00ed t\u011blo, port pro nab\u00edjen\u00ed Type-C a baterii 650mAh, co\u017e \u010din\u00ed 35k vhodn\u00e9 pro ka\u017edodenn\u00ed pou\u017eit\u00ed a velkoobchodn\u00ed dod\u00e1vky po cel\u00e9 \u010cesk\u00e9 republice. Pro prodejce hledaj\u00edc\u00ed vysoce potahovou jednor\u00e1zovou vape s vysokou popt\u00e1vkou, <a href=\"https:\/\/rmvapebang.com\/cs\/product-category\/hifancy-vapes\/\"><em><strong>HIFANCY<\/strong> <\/em><\/a>TWINS 35K pot\u00e1hnut\u00ed vynik\u00e1 vyv\u00e1\u017een\u00fdm designem, odolnost\u00ed a konzistentn\u00ed produkc\u00ed p\u00e1ry.<\/p>\n<figure id=\"attachment_5691\" aria-describedby=\"caption-attachment-5691\" style=\"width: 800px\" class=\"wp-caption alignnone\"><img loading=\"lazy\" decoding=\"async\" class=\"wp-image-5691 size-full\" src=\"http:\/\/rmvapebang.com\/wp-content\/uploads\/2026\/02\/Dual-Flavor-Combinations-Vape.webp\" alt=\"HIFANCY TWINS 35K Z\u00e1blesk\u016f Dvoj\u00ed p\u0159\u00edchu\u0165 Vaporiz\u00e9r s mo\u017enostmi\" width=\"800\" height=\"800\" srcset=\"https:\/\/rmvapebang.com\/wp-content\/uploads\/2026\/02\/Dual-Flavor-Combinations-Vape.webp 800w, https:\/\/rmvapebang.com\/wp-content\/uploads\/2026\/02\/Dual-Flavor-Combinations-Vape-300x300.webp 300w, https:\/\/rmvapebang.com\/wp-content\/uploads\/2026\/02\/Dual-Flavor-Combinations-Vape-150x150.webp 150w, https:\/\/rmvapebang.com\/wp-content\/uploads\/2026\/02\/Dual-Flavor-Combinations-Vape-768x768.webp 768w, https:\/\/rmvapebang.com\/wp-content\/uploads\/2026\/02\/Dual-Flavor-Combinations-Vape-12x12.webp 12w, https:\/\/rmvapebang.com\/wp-content\/uploads\/2026\/02\/Dual-Flavor-Combinations-Vape-600x600.webp 600w, https:\/\/rmvapebang.com\/wp-content\/uploads\/2026\/02\/Dual-Flavor-Combinations-Vape-100x100.webp 100w\" sizes=\"auto, (max-width: 800px) 100vw, 800px\" \/><figcaption id=\"caption-attachment-5691\" class=\"wp-caption-text\">Dostupn\u00e9 p\u0159\u00edchut\u011b Ovocn\u00fdch a Energetick\u00fdch n\u00e1poj\u016f<\/figcaption><\/figure>\n<h2 data-start=\"815\" data-end=\"866\">Seznam p\u0159\u00edchut\u00ed Smart LED Dvouchutn\u00e1 35k Vape<\/h2>\n<p>1. Citr\u00f3n Limeta\u2014Ostru\u017eina Hroznov\u00e1<br \/>\n2. Malina T\u0159e\u0161e\u0148 Led\u2014Peach Mango Meloun<br \/>\n3. Jahoda Kiwi\u2014Cola Led<br \/>\n4. Bor\u016fvka Led\u2014Pomeran\u010d Passion Fruit<br \/>\n5. Jahoda Meloun\u2014Kysel\u00e9 Jablko<br \/>\n6. Meloun Led\u2014Modr\u00fd Razz Lemon\u00e1da<br \/>\n7. Ban\u00e1n Led\u2014Energetick\u00fd Redbull<br \/>\n8. Skittles\u2014Sm\u00ed\u0161en\u00e9 Bobule<br \/>\n9. Mamba\u2014Trojit\u00fd Meloun<br \/>\n10. Vanilkov\u00e1 zmrzlina\u2014Fizz Cherry<\/p>\n<h2 data-start=\"1030\" data-end=\"1085\">Kl\u00ed\u010d pro velkoobchodn\u00ed jednor\u00e1zovou displej 35k Vape<\/h2>\n<ul>\n<li>\ud83d\udd0b Pot\u00e1hnut\u00ed: 35000 Pot\u00e1hnut\u00ed \u2014 dlouhotrvaj\u00edc\u00ed v\u00fdkon<\/li>\n<li>\ud83d\udca7 E-liquid: 35ml \u2014 stabiln\u00ed v\u00fdstup p\u00e1ry<\/li>\n<li>\u26a1 Baterie: 650mAh \u2014 spolehliv\u00e1 rovnov\u00e1ha v\u00fdkonu<\/li>\n<li>\ud83d\udd0c Nab\u00edjen\u00ed: Type-C Nab\u00edjec\u00ed \u2014 rychl\u00fd nab\u00edjec\u00ed design<\/li>\n<li>\ud83e\uddca Du\u00e1ln\u00ed p\u0159\u00edchu\u0165: Dvou n\u00e1dr\u017e\u00ed na olej \u2014 plynul\u00e9 p\u0159ep\u00edn\u00e1n\u00ed<\/li>\n<li>\ud83e\uddec Odd\u011blen\u00ed j\u00e1dra oleje: \u010dist\u0161\u00ed dod\u00e1vka chuti<\/li>\n<li>\ud83d\udcf1 Pln\u00e1 obrazovka: jasn\u00fd displej baterie a pot\u00e1hnut\u00ed<\/li>\n<li>\ud83c\udf2c Pr\u016ftok vzduchu: vyv\u00e1\u017een\u00e9 tah\u00e1n\u00ed pro ka\u017edodenn\u00ed vapov\u00e1n\u00ed<\/li>\n<\/ul>\n<h2 data-start=\"1650\" data-end=\"1703\">Pro\u010d zvolit velkoobchod HIFANCY TWINS 35K<\/h2>\n<ul>\n<li>Rychl\u00e1 doprava EU s zkr\u00e1cenou dobou \u010dek\u00e1n\u00ed<\/li>\n<li>Dvouhlav\u00fd design p\u0159\u00edchut\u00ed zvy\u0161uje m\u00edru opakovan\u00e9ho n\u00e1kupu<\/li>\n<li>Za\u0159\u00edzen\u00ed s vysok\u00fdm po\u010dtem pot\u00e1hnut\u00ed p\u0159itahuj\u00ed dlouhodob\u00e9 u\u017eivatele<\/li>\n<li>Vhodn\u00e9 pro velkoobchodn\u00ed kan\u00e1ly a maloobchodn\u00ed reg\u00e1ly<\/li>\n<\/ul>\n<h2 data-start=\"1978\" data-end=\"2027\">\u010casto kladen\u00e9 ot\u00e1zky pro nejlep\u0161\u00ed 35K jednor\u00e1zov\u00fd vape 2026<\/h2>\n<p><strong>Q1: Je vhodn\u00e9 pro velkoobchodn\u00ed objedn\u00e1vky v Evrop\u011b?<\/strong><br \/>\nA1: Ano, design s vysok\u00fdm po\u010dtem pot\u00e1hnut\u00ed a sklad v EU vyhovuj\u00ed maloobchodn\u00ed popt\u00e1vce.<\/p>\n<p><strong>Q2: Je balen\u00ed za\u0159\u00edzen\u00ed dob\u00edjec\u00ed?<\/strong><br \/>\nA2: Ano, 35k s dvojitou p\u0159\u00edchut\u00ed pou\u017e\u00edv\u00e1 port Typ-C pro stabiln\u00ed a pohodln\u00e9 nab\u00edjen\u00ed.<\/p>\n<p><strong>Q3: \u010c\u00edm se li\u0161\u00ed syst\u00e9m dvoj\u00edho p\u0159\u00edchut\u011b?<\/strong><br \/>\nQ3: Dvojit\u00e9 n\u00e1dr\u017ee na olej udr\u017euj\u00ed p\u0159\u00edchut\u011b odd\u011blen\u00e9 pro \u010dist\u0161\u00ed chu\u0165.<\/p>\n<p><strong>Q4: Jak\u00e9 nikotiny jsou dostupn\u00e9 pro mal\u00e9 jednor\u00e1zov\u00e9 vaporiz\u00e9ry?<\/strong><br \/>\nQ4: Obvykle mo\u017enosti 2% a 5% pro r\u016fzn\u00e9 preference.<\/p>\n<p><strong>Kontaktujte Lyn pro v\u00edce vide\u00ed o produktech!<\/strong><\/p>\n<p><a href=\"https:\/\/wa.me\/8617840853976\"><span style=\"color: #ff6600\"><strong><em>Whatsapp:+86 17840853976<\/em><\/strong><\/span><\/a><\/p>\n<p><img loading=\"lazy\" decoding=\"async\" class=\"alignnone size-medium wp-image-1905\" src=\"http:\/\/rmvapebang.com\/wp-content\/uploads\/2024\/03\/whatsapp-vape-2-202x300.jpg\" alt=\"\" width=\"202\" height=\"300\" \/><\/p>\n<p>Najd\u011bte dal\u0161\u00ed produkty, kter\u00e9 by se v\u00e1m mohly l\u00edbit:<a href=\"https:\/\/rmvapebang.com\/cs\/shop-page\/\"><strong><em>Nakupujte nyn\u00ed<\/em><\/strong><\/a><\/p>\n<p>Dal\u0161\u00ed potahy, kter\u00e9 by se v\u00e1m mohly l\u00edbit:<\/p>\n<p><a href=\"https:\/\/rmvapebang.com\/cs\/product\/al-fakher-8000-puffs-disposable-vape-2026-best-sale\/\"><em>Al Fakher 8000 Puffs Jednor\u00e1zov\u00fd vaporiz\u00e9r skladov\u00e1 sleva slevov\u00e1 cena<\/em><\/a><\/p>\n<p><a href=\"https:\/\/rmvapebang.com\/cs\/product\/uwin-digital-68000-puffs-disposable-vape-with-smart-screen-type-c-rechargeable\/\">Uwin Digital 68000 Z\u00e1blesk\u016f Jednor\u00e1zov\u00fd vaporiz\u00e9r s chytrou obrazovkou, lep\u0161\u00ed prodejn\u00ed produkt<\/a><\/p>\n<p><a href=\"https:\/\/rmvapebang.com\/cs\/product\/vapme-crystal-48000-puffs-long-lasting-rechargeable-disposable-vape\/\">48000 z\u00e1blesk\u016f s dob\u00edjec\u00ed bateri\u00ed vapme vape za dobrou cenu<\/a><\/p>","protected":false},"excerpt":{"rendered":"<p><span style=\"color: #ff0000\"><strong>POZN\u00c1MKA<\/strong>:\u00a0<em>Pri<\/em>Ceny na webov\u00fdch str\u00e1nk\u00e1ch nezahrnuj\u00ed poplatek za dopravu. Za\u0161lete n\u00e1m, pros\u00edm, va\u0161e PS\u010c a adresu, abychom v\u00e1m mohli zkontrolovat n\u00e1klady na dopravu.<\/span><\/p>\n<p data-start=\"126\" data-end=\"385\">HIFANCY TWINS 35K Jednor\u00e1zov\u00fd vaporiz\u00e9r s du\u00e1ln\u00edm p\u0159\u00edchut\u00edm a kapacitou 35000 pot\u00e1hnut\u00ed kombinuje technologii dvou n\u00e1dr\u017e\u00ed na olej, nab\u00edjen\u00ed p\u0159es Type-C a design s plnou obrazovkou. Vyvinut pro velkoobchodn\u00ed popt\u00e1vku v Evrop\u011b, nab\u00edz\u00ed stabiln\u00ed v\u00fdkon, silnou konzistenci chuti a modern\u00ed z\u00e1\u017eitek s plnou obrazovkou.<\/p>\n<p><a href=\"https:\/\/wa.me\/8617840853976\"><strong><em>Whatsapp:+86 17840853976<\/em><\/strong><\/a><br \/>\nNaskenujte QR k\u00f3d na Whatsapp pro kup\u00f3n pro nov\u00e9ho z\u00e1kazn\u00edka<\/p>\n<p><img loading=\"lazy\" decoding=\"async\" class=\"alignnone size-medium wp-image-1905\" src=\"http:\/\/rmvapebang.com\/wp-content\/uploads\/2024\/03\/whatsapp-vape-2-202x300.jpg\" alt=\"\" width=\"202\" height=\"300\" \/><\/p>","protected":false},"featured_media":5687,"comment_status":"open","ping_status":"closed","template":"","meta":{"_uag_custom_page_level_css":"","_lmt_disableupdate":"no","_lmt_disable":"","site-sidebar-layout":"no-sidebar","site-content-layout":"boxed-container","ast-site-content-layout":"normal-width-container","site-content-style":"boxed","site-sidebar-style":"boxed","ast-global-header-display":"","ast-banner-title-visibility":"","ast-main-header-display":"","ast-hfb-above-header-display":"","ast-hfb-below-header-display":"","ast-hfb-mobile-header-display":"","site-post-title":"","ast-breadcrumbs-content":"","ast-featured-img":"","footer-sml-layout":"","theme-transparent-header-meta":"default","adv-header-id-meta":"","stick-header-meta":"","header-above-stick-meta":"","header-main-stick-meta":"","header-below-stick-meta":"","astra-migrate-meta-layouts":"set","ast-page-background-enabled":"default","ast-page-background-meta":{"desktop":{"background-color":"","background-image":"","background-repeat":"repeat","background-position":"center center","background-size":"auto","background-attachment":"scroll","background-type":"","background-media":"","overlay-type":"","overlay-color":"","overlay-gradient":""},"tablet":{"background-color":"","background-image":"","background-repeat":"repeat","background-position":"center center","background-size":"auto","background-attachment":"scroll","background-type":"","background-media":"","overlay-type":"","overlay-color":"","overlay-gradient":""},"mobile":{"background-color":"","background-image":"","background-repeat":"repeat","background-position":"center center","background-size":"auto","background-attachment":"scroll","background-type":"","background-media":"","overlay-type":"","overlay-color":"","overlay-gradient":""}},"ast-content-background-meta":{"desktop":{"background-color":"var(--ast-global-color-5)","background-image":"","background-repeat":"repeat","background-position":"center center","background-size":"auto","background-attachment":"scroll","background-type":"","background-media":"","overlay-type":"","overlay-color":"","overlay-gradient":""},"tablet":{"background-color":"var(--ast-global-color-5)","background-image":"","background-repeat":"repeat","background-position":"center center","background-size":"auto","background-attachment":"scroll","background-type":"","background-media":"","overlay-type":"","overlay-color":"","overlay-gradient":""},"mobile":{"background-color":"var(--ast-global-color-5)","background-image":"","background-repeat":"repeat","background-position":"center center","background-size":"auto","background-attachment":"scroll","background-type":"","background-media":"","overlay-type":"","overlay-color":"","overlay-gradient":""}},"_joinchat":{"telephone":"+8617840853976"}},"product_brand":[],"product_cat":[15,130,39,293,41,128,42,40,140,43],"product_tag":[142,141,50,61,58,53,52],"class_list":{"0":"post-5716","1":"product","2":"type-product","3":"status-publish","4":"has-post-thumbnail","6":"product_cat-eu-warehouse","7":"product_cat-digital-vapes-in-discount-price","8":"product_cat-france-wholesale-vape","9":"product_cat-hifancy-vapes","10":"product_cat-netherlands-wholesale-vape","11":"product_cat-smart-display","12":"product_cat-spain-wholesale-vape","13":"product_cat-germany-wholesale-vape","14":"product_cat-vape-35000-puffs","15":"product_cat-vape-shop","16":"product_tag-35000-puffs","17":"product_tag-35k-puffs","18":"product_tag-bulk-price-vape-shop","19":"product_tag-good-sales-vape","20":"product_tag-moq-50pcs","21":"product_tag-rechargeable-vape","22":"product_tag-vape-wholesasle-price","23":"desktop-align-left","24":"tablet-align-left","25":"mobile-align-left","27":"first","28":"instock","29":"sale","30":"shipping-taxable","31":"purchasable","32":"product-type-simple"},"yoast_head":"<!-- This site is optimized with the Yoast SEO plugin v23.0 - https:\/\/yoast.com\/wordpress\/plugins\/seo\/ -->\n<title>HIFANCY TWINS 35K Dual Flavor Disposable Vape - rmvapebang.com<\/title>\n<meta name=\"description\" content=\"HIFANCY TWINS 35K Dual Flavor Disposable Vape with 35000 puffs, rechargeable Type-C battery, dual oil tank design, ideal for EU wholesale markets.\" \/>\n<meta name=\"robots\" content=\"index, follow, max-snippet:-1, max-image-preview:large, max-video-preview:-1\" \/>\n<link rel=\"canonical\" href=\"https:\/\/rmvapebang.com\/cs\/product\/hifancy-twins-35k-dual-flavor-disposable-vape\/\" \/>\n<meta property=\"og:locale\" content=\"cs_CZ\" \/>\n<meta property=\"og:type\" content=\"article\" \/>\n<meta property=\"og:title\" content=\"HIFANCY TWINS 35K Dual Flavor Disposable Vape - rmvapebang.com\" \/>\n<meta property=\"og:description\" content=\"HIFANCY TWINS 35K Dual Flavor Disposable Vape with 35000 puffs, rechargeable Type-C battery, dual oil tank design, ideal for EU wholesale markets.\" \/>\n<meta property=\"og:url\" content=\"https:\/\/rmvapebang.com\/cs\/product\/hifancy-twins-35k-dual-flavor-disposable-vape\/\" \/>\n<meta property=\"og:site_name\" content=\"rmvapebang.com\" \/>\n<meta property=\"article:modified_time\" content=\"2026-04-06T11:39:11+00:00\" \/>\n<meta property=\"og:image\" content=\"http:\/\/rmvapebang.com\/wp-content\/uploads\/2026\/02\/HIFANCY-TWINS-35K-Puffs-Disposable-Vape.webp\" \/>\n\t<meta property=\"og:image:width\" content=\"800\" \/>\n\t<meta property=\"og:image:height\" content=\"800\" \/>\n\t<meta property=\"og:image:type\" content=\"image\/webp\" \/>\n<meta name=\"twitter:card\" content=\"summary_large_image\" \/>\n<meta name=\"twitter:label1\" content=\"Odhadovan\u00e1 doba \u010dten\u00ed\" \/>\n\t<meta name=\"twitter:data1\" content=\"3 minuty\" \/>\n<script type=\"application\/ld+json\" class=\"yoast-schema-graph\">{\"@context\":\"https:\/\/schema.org\",\"@graph\":[{\"@type\":\"WebPage\",\"@id\":\"https:\/\/rmvapebang.com\/product\/hifancy-twins-35k-dual-flavor-disposable-vape\/\",\"url\":\"https:\/\/rmvapebang.com\/product\/hifancy-twins-35k-dual-flavor-disposable-vape\/\",\"name\":\"HIFANCY TWINS 35K Dual Flavor Disposable Vape - rmvapebang.com\",\"isPartOf\":{\"@id\":\"https:\/\/rmvapebang.com\/#website\"},\"primaryImageOfPage\":{\"@id\":\"https:\/\/rmvapebang.com\/product\/hifancy-twins-35k-dual-flavor-disposable-vape\/#primaryimage\"},\"image\":{\"@id\":\"https:\/\/rmvapebang.com\/product\/hifancy-twins-35k-dual-flavor-disposable-vape\/#primaryimage\"},\"thumbnailUrl\":\"https:\/\/rmvapebang.com\/wp-content\/uploads\/2026\/02\/HIFANCY-TWINS-35K-Puffs-Disposable-Vape.webp\",\"datePublished\":\"2026-02-27T17:23:28+00:00\",\"dateModified\":\"2026-04-06T11:39:11+00:00\",\"description\":\"HIFANCY TWINS 35K Dual Flavor Disposable Vape with 35000 puffs, rechargeable Type-C battery, dual oil tank design, ideal for EU wholesale markets.\",\"breadcrumb\":{\"@id\":\"https:\/\/rmvapebang.com\/product\/hifancy-twins-35k-dual-flavor-disposable-vape\/#breadcrumb\"},\"inLanguage\":\"cs\",\"potentialAction\":[{\"@type\":\"ReadAction\",\"target\":[\"https:\/\/rmvapebang.com\/product\/hifancy-twins-35k-dual-flavor-disposable-vape\/\"]}]},{\"@type\":\"ImageObject\",\"inLanguage\":\"cs\",\"@id\":\"https:\/\/rmvapebang.com\/product\/hifancy-twins-35k-dual-flavor-disposable-vape\/#primaryimage\",\"url\":\"https:\/\/rmvapebang.com\/wp-content\/uploads\/2026\/02\/HIFANCY-TWINS-35K-Puffs-Disposable-Vape.webp\",\"contentUrl\":\"https:\/\/rmvapebang.com\/wp-content\/uploads\/2026\/02\/HIFANCY-TWINS-35K-Puffs-Disposable-Vape.webp\",\"width\":800,\"height\":800,\"caption\":\"Sleek Dual Flavor 35K Puffs Vape with Rechargeable Battery\"},{\"@type\":\"BreadcrumbList\",\"@id\":\"https:\/\/rmvapebang.com\/product\/hifancy-twins-35k-dual-flavor-disposable-vape\/#breadcrumb\",\"itemListElement\":[{\"@type\":\"ListItem\",\"position\":1,\"name\":\"Home\",\"item\":\"https:\/\/rmvapebang.com\/\"},{\"@type\":\"ListItem\",\"position\":2,\"name\":\"Hot Vape Shop\",\"item\":\"https:\/\/rmvapebang.com\/shop-page\/\"},{\"@type\":\"ListItem\",\"position\":3,\"name\":\"HIFANCY TWINS 35K Dual Flavor Disposable Vape\"}]},{\"@type\":\"WebSite\",\"@id\":\"https:\/\/rmvapebang.com\/#website\",\"url\":\"https:\/\/rmvapebang.com\/\",\"name\":\"rmvapebang.com\",\"description\":\"buy vape cheap\",\"publisher\":{\"@id\":\"https:\/\/rmvapebang.com\/#organization\"},\"potentialAction\":[{\"@type\":\"SearchAction\",\"target\":{\"@type\":\"EntryPoint\",\"urlTemplate\":\"https:\/\/rmvapebang.com\/?s={search_term_string}\"},\"query-input\":\"required name=search_term_string\"}],\"inLanguage\":\"cs\"},{\"@type\":\"Organization\",\"@id\":\"https:\/\/rmvapebang.com\/#organization\",\"name\":\"rmvapebang.com\",\"url\":\"https:\/\/rmvapebang.com\/\",\"logo\":{\"@type\":\"ImageObject\",\"inLanguage\":\"cs\",\"@id\":\"https:\/\/rmvapebang.com\/#\/schema\/logo\/image\/\",\"url\":\"https:\/\/rmvapebang.com\/wp-content\/uploads\/2024\/03\/cropped-RVBlogo.png\",\"contentUrl\":\"https:\/\/rmvapebang.com\/wp-content\/uploads\/2024\/03\/cropped-RVBlogo.png\",\"width\":507,\"height\":169,\"caption\":\"rmvapebang.com\"},\"image\":{\"@id\":\"https:\/\/rmvapebang.com\/#\/schema\/logo\/image\/\"}}]}<\/script>\n<!-- \/ Yoast SEO plugin. -->","yoast_head_json":{"title":"HIFANCY TWINS 35K Dual Flavor Disposable Vape - rmvapebang.com","description":"HIFANCY TWINS 35K Dual Flavor Disposable Vape with 35000 puffs, rechargeable Type-C battery, dual oil tank design, ideal for EU wholesale markets.","robots":{"index":"index","follow":"follow","max-snippet":"max-snippet:-1","max-image-preview":"max-image-preview:large","max-video-preview":"max-video-preview:-1"},"canonical":"https:\/\/rmvapebang.com\/cs\/product\/hifancy-twins-35k-dual-flavor-disposable-vape\/","og_locale":"cs_CZ","og_type":"article","og_title":"HIFANCY TWINS 35K Dual Flavor Disposable Vape - rmvapebang.com","og_description":"HIFANCY TWINS 35K Dual Flavor Disposable Vape with 35000 puffs, rechargeable Type-C battery, dual oil tank design, ideal for EU wholesale markets.","og_url":"https:\/\/rmvapebang.com\/cs\/product\/hifancy-twins-35k-dual-flavor-disposable-vape\/","og_site_name":"rmvapebang.com","article_modified_time":"2026-04-06T11:39:11+00:00","og_image":[{"width":800,"height":800,"url":"http:\/\/rmvapebang.com\/wp-content\/uploads\/2026\/02\/HIFANCY-TWINS-35K-Puffs-Disposable-Vape.webp","type":"image\/webp"}],"twitter_card":"summary_large_image","twitter_misc":{"Odhadovan\u00e1 doba \u010dten\u00ed":"3 minuty"},"schema":{"@context":"https:\/\/schema.org","@graph":[{"@type":"WebPage","@id":"https:\/\/rmvapebang.com\/product\/hifancy-twins-35k-dual-flavor-disposable-vape\/","url":"https:\/\/rmvapebang.com\/product\/hifancy-twins-35k-dual-flavor-disposable-vape\/","name":"HIFANCY TWINS 35K Dual Flavor Disposable Vape - rmvapebang.com","isPartOf":{"@id":"https:\/\/rmvapebang.com\/#website"},"primaryImageOfPage":{"@id":"https:\/\/rmvapebang.com\/product\/hifancy-twins-35k-dual-flavor-disposable-vape\/#primaryimage"},"image":{"@id":"https:\/\/rmvapebang.com\/product\/hifancy-twins-35k-dual-flavor-disposable-vape\/#primaryimage"},"thumbnailUrl":"https:\/\/rmvapebang.com\/wp-content\/uploads\/2026\/02\/HIFANCY-TWINS-35K-Puffs-Disposable-Vape.webp","datePublished":"2026-02-27T17:23:28+00:00","dateModified":"2026-04-06T11:39:11+00:00","description":"HIFANCY TWINS 35K Dual Flavor Disposable Vape with 35000 puffs, rechargeable Type-C battery, dual oil tank design, ideal for EU wholesale markets.","breadcrumb":{"@id":"https:\/\/rmvapebang.com\/product\/hifancy-twins-35k-dual-flavor-disposable-vape\/#breadcrumb"},"inLanguage":"cs","potentialAction":[{"@type":"ReadAction","target":["https:\/\/rmvapebang.com\/product\/hifancy-twins-35k-dual-flavor-disposable-vape\/"]}]},{"@type":"ImageObject","inLanguage":"cs","@id":"https:\/\/rmvapebang.com\/product\/hifancy-twins-35k-dual-flavor-disposable-vape\/#primaryimage","url":"https:\/\/rmvapebang.com\/wp-content\/uploads\/2026\/02\/HIFANCY-TWINS-35K-Puffs-Disposable-Vape.webp","contentUrl":"https:\/\/rmvapebang.com\/wp-content\/uploads\/2026\/02\/HIFANCY-TWINS-35K-Puffs-Disposable-Vape.webp","width":800,"height":800,"caption":"Sleek Dual Flavor 35K Puffs Vape with Rechargeable Battery"},{"@type":"BreadcrumbList","@id":"https:\/\/rmvapebang.com\/product\/hifancy-twins-35k-dual-flavor-disposable-vape\/#breadcrumb","itemListElement":[{"@type":"ListItem","position":1,"name":"Home","item":"https:\/\/rmvapebang.com\/"},{"@type":"ListItem","position":2,"name":"Hot Vape Shop","item":"https:\/\/rmvapebang.com\/shop-page\/"},{"@type":"ListItem","position":3,"name":"HIFANCY TWINS 35K Dual Flavor Disposable Vape"}]},{"@type":"WebSite","@id":"https:\/\/rmvapebang.com\/#website","url":"https:\/\/rmvapebang.com\/","name":"rmvapebang.com","description":"buy vape cheap","publisher":{"@id":"https:\/\/rmvapebang.com\/#organization"},"potentialAction":[{"@type":"SearchAction","target":{"@type":"EntryPoint","urlTemplate":"https:\/\/rmvapebang.com\/?s={search_term_string}"},"query-input":"required name=search_term_string"}],"inLanguage":"cs"},{"@type":"Organization","@id":"https:\/\/rmvapebang.com\/#organization","name":"rmvapebang.com","url":"https:\/\/rmvapebang.com\/","logo":{"@type":"ImageObject","inLanguage":"cs","@id":"https:\/\/rmvapebang.com\/#\/schema\/logo\/image\/","url":"https:\/\/rmvapebang.com\/wp-content\/uploads\/2024\/03\/cropped-RVBlogo.png","contentUrl":"https:\/\/rmvapebang.com\/wp-content\/uploads\/2024\/03\/cropped-RVBlogo.png","width":507,"height":169,"caption":"rmvapebang.com"},"image":{"@id":"https:\/\/rmvapebang.com\/#\/schema\/logo\/image\/"}}]}},"uagb_featured_image_src":{"full":["https:\/\/rmvapebang.com\/wp-content\/uploads\/2026\/02\/HIFANCY-TWINS-35K-Puffs-Disposable-Vape.webp",800,800,false],"thumbnail":["https:\/\/rmvapebang.com\/wp-content\/uploads\/2026\/02\/HIFANCY-TWINS-35K-Puffs-Disposable-Vape-150x150.webp",150,150,true],"medium":["https:\/\/rmvapebang.com\/wp-content\/uploads\/2026\/02\/HIFANCY-TWINS-35K-Puffs-Disposable-Vape-300x300.webp",300,300,true],"medium_large":["https:\/\/rmvapebang.com\/wp-content\/uploads\/2026\/02\/HIFANCY-TWINS-35K-Puffs-Disposable-Vape-768x768.webp",768,768,true],"large":["https:\/\/rmvapebang.com\/wp-content\/uploads\/2026\/02\/HIFANCY-TWINS-35K-Puffs-Disposable-Vape.webp",800,800,false],"1536x1536":["https:\/\/rmvapebang.com\/wp-content\/uploads\/2026\/02\/HIFANCY-TWINS-35K-Puffs-Disposable-Vape.webp",800,800,false],"2048x2048":["https:\/\/rmvapebang.com\/wp-content\/uploads\/2026\/02\/HIFANCY-TWINS-35K-Puffs-Disposable-Vape.webp",800,800,false],"trp-custom-language-flag":["https:\/\/rmvapebang.com\/wp-content\/uploads\/2026\/02\/HIFANCY-TWINS-35K-Puffs-Disposable-Vape-12x12.webp",12,12,true],"woocommerce_thumbnail":["https:\/\/rmvapebang.com\/wp-content\/uploads\/2026\/02\/HIFANCY-TWINS-35K-Puffs-Disposable-Vape-300x300.webp",300,300,true],"woocommerce_single":["https:\/\/rmvapebang.com\/wp-content\/uploads\/2026\/02\/HIFANCY-TWINS-35K-Puffs-Disposable-Vape-600x600.webp",600,600,true],"woocommerce_gallery_thumbnail":["https:\/\/rmvapebang.com\/wp-content\/uploads\/2026\/02\/HIFANCY-TWINS-35K-Puffs-Disposable-Vape-100x100.webp",100,100,true],"wcpr-photo-reviews":["https:\/\/rmvapebang.com\/wp-content\/uploads\/2026\/02\/HIFANCY-TWINS-35K-Puffs-Disposable-Vape.webp",500,500,false]},"uagb_author_info":{"display_name":"Lyn","author_link":"https:\/\/rmvapebang.com\/cs\/author\/"},"uagb_comment_info":0,"uagb_excerpt":"NOTE:\u00a0Prices on the website don\u2019t include shipping fee. Please send your zip code and address that we can check shipping costs for you. HIFANCY TWINS 35K Dual Flavor Disposable Vape combines 35000 puffs capacity, dual oil tank technology, and Type-C rechargeable design. Built for European wholesale demand, it delivers stable performance, strong flavor consistency, and&hellip;","_links":{"self":[{"href":"https:\/\/rmvapebang.com\/cs\/wp-json\/wp\/v2\/product\/5716","targetHints":{"allow":["GET"]}}],"collection":[{"href":"https:\/\/rmvapebang.com\/cs\/wp-json\/wp\/v2\/product"}],"about":[{"href":"https:\/\/rmvapebang.com\/cs\/wp-json\/wp\/v2\/types\/product"}],"replies":[{"embeddable":true,"href":"https:\/\/rmvapebang.com\/cs\/wp-json\/wp\/v2\/comments?post=5716"}],"wp:featuredmedia":[{"embeddable":true,"href":"https:\/\/rmvapebang.com\/cs\/wp-json\/wp\/v2\/media\/5687"}],"wp:attachment":[{"href":"https:\/\/rmvapebang.com\/cs\/wp-json\/wp\/v2\/media?parent=5716"}],"wp:term":[{"taxonomy":"product_brand","embeddable":true,"href":"https:\/\/rmvapebang.com\/cs\/wp-json\/wp\/v2\/product_brand?post=5716"},{"taxonomy":"product_cat","embeddable":true,"href":"https:\/\/rmvapebang.com\/cs\/wp-json\/wp\/v2\/product_cat?post=5716"},{"taxonomy":"product_tag","embeddable":true,"href":"https:\/\/rmvapebang.com\/cs\/wp-json\/wp\/v2\/product_tag?post=5716"}],"curies":[{"name":"wp","href":"https:\/\/api.w.org\/{rel}","templated":true}]}}