{"id":5712,"date":"2026-02-22T21:32:11","date_gmt":"2026-02-22T13:32:11","guid":{"rendered":"https:\/\/rmvapebang.com\/?post_type=product&#038;p=5712"},"modified":"2026-04-06T19:38:25","modified_gmt":"2026-04-06T11:38:25","slug":"hifancy-luxury-box-18k-smart-screen-disposable-vape","status":"publish","type":"product","link":"https:\/\/rmvapebang.com\/cs\/product\/hifancy-luxury-box-18k-smart-screen-disposable-vape\/","title":{"rendered":"HIFANCY Luxusn\u00ed box 18K Chytr\u00e1 obrazovka Jednor\u00e1zov\u00fd vaporiz\u00e9r"},"content":{"rendered":"<h2 data-pm-slice=\"1 1 []\">HIFANCY Luxusn\u00ed box 18K Chytr\u00e1 obrazovka Jednor\u00e1zov\u00fd vaporiz\u00e9r<\/h2>\n<p>HIFANCY Luxusn\u00ed box 18K chytr\u00e1 obrazovka Disposable Vape navr\u017een\u00e1 pro nad\u0161ence vysok\u00fdch puf\u016f. Tento<a href=\"https:\/\/rmvapebang.com\/cs\/product-category\/vape-18000-puffs\/\"><em><strong> 18000 puf\u016f disposable vape<\/strong> <\/em><\/a>poskytuje dlouhotrvaj\u00edc\u00ed v\u00fdkon s kapacitou e-liquidu 28 ml a \u010dty\u0159mi re\u017eimy oh\u0159evu pro p\u0159izp\u016fsoben\u00ed intenzity chuti.<\/p>\n<p>Disposable HIFANCY vape pln\u00fd <a href=\"https:\/\/rmvapebang.com\/cs\/product-category\/smart-display\/\"><em><strong>chytr\u00fd displej<\/strong> <\/em><\/a>poskytuje informace o stavu baterie a pou\u017e\u00edv\u00e1n\u00ed v re\u00e1ln\u00e9m \u010dase, zat\u00edmco nab\u00edjec\u00ed baterie 650mAh s portem Type-C zaji\u0161\u0165uje nep\u0159eru\u0161ovanou z\u00e1bavu.<\/p>\n<p>Perfektn\u00ed pro dosp\u011bl\u00e9 hledaj\u00edc\u00ed pr\u00e9miov\u00fd, vysok\u00fd puf <a href=\"https:\/\/rmvapebang.com\/cs\/product-category\/hifancy-vapes\/\"><em><strong>disposable HIFANCY vape<\/strong><\/em><\/a>, toto za\u0159\u00edzen\u00ed kombinuje inovaci, pohodl\u00ed a luxus v jednom elegantn\u00edm designu, co\u017e z n\u011bj \u010din\u00ed obl\u00edbenou volbu pro evropsk\u00e9 vapery.<\/p>\n<figure id=\"attachment_5663\" aria-describedby=\"caption-attachment-5663\" style=\"width: 800px\" class=\"wp-caption alignnone\"><img loading=\"lazy\" decoding=\"async\" class=\"wp-image-5663 size-full\" src=\"http:\/\/rmvapebang.com\/wp-content\/uploads\/2026\/02\/HIFANCY-Luxury-Box-Flavor-Series.webp\" alt=\"HIFANCY Luxusn\u00ed box kolekce p\u0159\u00edchut\u00ed 18K Puffs jednor\u00e1zov\u00e9ho vaporiz\u00e9ru\" width=\"800\" height=\"565\" srcset=\"https:\/\/rmvapebang.com\/wp-content\/uploads\/2026\/02\/HIFANCY-Luxury-Box-Flavor-Series.webp 800w, https:\/\/rmvapebang.com\/wp-content\/uploads\/2026\/02\/HIFANCY-Luxury-Box-Flavor-Series-300x212.webp 300w, https:\/\/rmvapebang.com\/wp-content\/uploads\/2026\/02\/HIFANCY-Luxury-Box-Flavor-Series-768x542.webp 768w, https:\/\/rmvapebang.com\/wp-content\/uploads\/2026\/02\/HIFANCY-Luxury-Box-Flavor-Series-18x12.webp 18w, https:\/\/rmvapebang.com\/wp-content\/uploads\/2026\/02\/HIFANCY-Luxury-Box-Flavor-Series-600x424.webp 600w\" sizes=\"auto, (max-width: 800px) 100vw, 800px\" \/><figcaption id=\"caption-attachment-5663\" class=\"wp-caption-text\">Obl\u00edben\u00e9 ovocn\u00e9 a ledov\u00e9 p\u0159\u00edchut\u011b.<\/figcaption><\/figure>\n<h2 data-start=\"815\" data-end=\"866\">Seznam p\u0159\u00edchut\u00ed pro disposable 18k Luxury Box Vape<\/h2>\n<p>1. Bor\u016fvkov\u00e1 limon\u00e1da s ledem<br \/>\n2. Broskvov\u00fd d\u017eus<br \/>\n3. Ananas Kokos Led<br \/>\n4. Vodn\u00ed Meloun Ice<br \/>\n5. Bor\u016fvka Kysel\u00e1 jablko Led<br \/>\n6. Jahoda Meloun<br \/>\n7. M\u00edchan\u00e9 bobule<br \/>\n8. Mamba<br \/>\n9. Bor\u016fvka led<br \/>\n10. Jahodovo-ryb\u00edzovo-t\u0159e\u0161\u0148ov\u00e1<\/p>\n<h2 data-start=\"1030\" data-end=\"1085\">Kl\u00ed\u010dov\u00e9 vlastnosti pro chytrou obrazovku u disposable vape s 18K pufy<\/h2>\n<ul>\n<li>\u26a1 18000 Puf\u016f \u2013 Dlouhotrvaj\u00edc\u00ed vapov\u00e1n\u00ed pro prodlou\u017eenou z\u00e1bavu<\/li>\n<li>\ud83d\udd0b 650mAh dob\u00edjec\u00ed baterie \u2013 podpora rychl\u00e9ho nab\u00edjen\u00ed Type-C<\/li>\n<li>\ud83c\udf21\ufe0f \u010cty\u0159i re\u017eimy vyt\u00e1p\u011bn\u00ed \u2013 p\u0159izp\u016fsobte intenzitu chuti<\/li>\n<li>\ud83d\udda5\ufe0f Pln\u00e1 chytr\u00e1 obrazovka \u2013 zobrazen\u00ed stavu baterie a pou\u017e\u00edv\u00e1n\u00ed v re\u00e1ln\u00e9m \u010dase<\/li>\n<li>\ud83d\udca7 Velk\u00e1 kapacita e-liquidu 28 ml \u2013 hladk\u00e1 a konzistentn\u00ed chu\u0165<\/li>\n<li>\ud83d\udd04 Syst\u00e9m dvojit\u00e9 m\u0159\u00ed\u017ekov\u00e9 c\u00edvky \u2013 vyv\u00e1\u017een\u00e1 produkce par<\/li>\n<\/ul>\n<h2 data-start=\"1650\" data-end=\"1703\">Pro\u010d zvolit HIFANCY Luxusn\u00ed box 18000 pot\u00e1hnut\u00ed vape<\/h2>\n<ul>\n<li>Pr\u00e9miov\u00fd design \u2013 elegantn\u00ed a modern\u00ed vzhled<\/li>\n<li>P\u0159izp\u016fsobiteln\u00e9 vyt\u00e1p\u011bn\u00ed \u2013 \u010dty\u0159i re\u017eimy pro personalizovan\u00e9 vapov\u00e1n\u00ed<\/li>\n<li>Dlouh\u00e1 v\u00fddr\u017e baterie \u2013 spolehliv\u00e1 dob\u00edjec\u00ed baterie Type-C<\/li>\n<li>Hladn\u00fd v\u00fdstup p\u00e1ry \u2013 dvojit\u00e1 m\u0159\u00ed\u017ekov\u00e1 c\u00edvka zaji\u0161\u0165uje konzistentn\u00ed chu\u0165<\/li>\n<\/ul>\n<h2 data-start=\"1978\" data-end=\"2027\">\u010casto kladen\u00e9 ot\u00e1zky k jednor\u00e1zov\u00e9mu vaporiz\u00e9ru s \u010dty\u0159mi re\u017eimy vyt\u00e1p\u011bn\u00ed<\/h2>\n<p><strong>Q1: Jak dlouho vydr\u017e\u00ed baterie u HIFANCY Luxusn\u00ed box 18K?<\/strong><br \/>\nA1: 650mAh dob\u00edjec\u00ed baterie podporuje dlouhodob\u00e9 pou\u017e\u00edv\u00e1n\u00ed a lze ji rychle nab\u00edt p\u0159es port Type-C.<\/p>\n<p><strong>Q2: Zobrazuje chytr\u00e1 obrazovka informace v re\u00e1ln\u00e9m \u010dase?<\/strong><br \/>\nA2: Ano. Pln\u00e1 obrazovka zobrazuje \u00farove\u0148 baterie a stav pou\u017e\u00edv\u00e1n\u00ed, co\u017e usnad\u0148uje sledov\u00e1n\u00ed va\u0161eho vapov\u00e1n\u00ed.<\/p>\n<p><strong>Q3: Jak velk\u00e1 je kapacita e-liquidu tohoto vaporiz\u00e9ru?<\/strong><br \/>\nA3: M\u00e1 velkou kapacitu 28 ml e-liquidu, navr\u017eenou pro dlouhotrvaj\u00edc\u00ed chu\u0165 a konzistentn\u00ed produkci p\u00e1ry.<\/p>\n<p><strong>Q4: Co d\u011blaj\u00ed \u010dty\u0159i re\u017eimy vyt\u00e1p\u011bn\u00ed?<\/strong><br \/>\nA4: \u010cty\u0159i \u00farovn\u011b vyt\u00e1p\u011bn\u00ed v\u00e1m umo\u017e\u0148uj\u00ed upravit intenzitu p\u00e1ry a s\u00edlu chuti podle va\u0161eho p\u0159\u00e1n\u00ed.<\/p>\n<p><strong>Kontaktujte Lyn pro v\u00edce vide\u00ed o produktech!<\/strong><\/p>\n<p><a href=\"https:\/\/wa.me\/8617840853976\"><span style=\"color: #ff6600\"><strong><em>Whatsapp:+86 17840853976<\/em><\/strong><\/span><\/a><\/p>\n<p><img loading=\"lazy\" decoding=\"async\" class=\"alignnone size-medium wp-image-1905\" src=\"http:\/\/rmvapebang.com\/wp-content\/uploads\/2024\/03\/whatsapp-vape-2-202x300.jpg\" alt=\"\" width=\"202\" height=\"300\" \/><\/p>\n<p>Najd\u011bte dal\u0161\u00ed produkty, kter\u00e9 by se v\u00e1m mohly l\u00edbit:<a href=\"https:\/\/rmvapebang.com\/cs\/shop-page\/\"><strong><em>Nakupujte nyn\u00ed<\/em><\/strong><\/a><\/p>\n<p>Dal\u0161\u00ed potahy, kter\u00e9 by se v\u00e1m mohly l\u00edbit:<\/p>\n<p><em><a href=\"https:\/\/rmvapebang.com\/cs\/product\/fizzy-smart-150k-puffs-15-in-1-disposable-vape\/\">FIZZY Smart 150K jednor\u00e1zov\u00fd vaporiz\u00e9r 15 obl\u00edben\u00fdch p\u0159\u00edchut\u00ed, ak\u010dn\u00ed cena<\/a><\/em><\/p>\n<p><a href=\"https:\/\/rmvapebang.com\/cs\/product\/vapme-crystal-30000-puffs-vape-bulk-sale-price-for-eu-vape-shops\/\"><em>Vapme Crystal 30K Tornado vaporiz\u00e9r vysok\u00fd pot, jednor\u00e1zov\u00e9 za\u0159\u00edzen\u00ed<\/em><\/a><\/p>\n<p><em><a href=\"https:\/\/rmvapebang.com\/cs\/product\/uzy-150000-puffs-disposable-vape-six-flavors-wholesale-price\/\">150K UZY s 6-v-1 p\u0159\u00edchut\u011bmi, hork\u00fd prodej v sklad\u011b v \u010cR<\/a><\/em><\/p>","protected":false},"excerpt":{"rendered":"<p><span style=\"color: #ff0000\"><strong>POZN\u00c1MKA<\/strong>:\u00a0<em>Pri<\/em>Ceny na webov\u00fdch str\u00e1nk\u00e1ch nezahrnuj\u00ed poplatek za dopravu. Za\u0161lete n\u00e1m, pros\u00edm, va\u0161e PS\u010c a adresu, abychom v\u00e1m mohli zkontrolovat n\u00e1klady na dopravu.<\/span><\/p>\n<p data-start=\"126\" data-end=\"385\">HIFANCY Luxusn\u00ed box 18K ide\u00e1ln\u00ed pro evropsk\u00e9 dosp\u011bl\u00e9, tento vysok\u00fd puf disposable vape disponuje chytrou obrazovkou, du\u00e1ln\u00ed m\u0159\u00ed\u017ekovou c\u00edvkou a nab\u00edjec\u00ed bateri\u00ed Type-C. Ide\u00e1ln\u00ed pro pr\u00e9miov\u00e9 vapov\u00e1n\u00ed nebo velkoobchodn\u00ed z\u00e1sobu 18K puf\u016f, nab\u00edz\u00ed jemnou chu\u0165 a dlouhotrvaj\u00edc\u00ed z\u00e1bavu.<\/p>\n<p><a href=\"https:\/\/wa.me\/8617840853976\"><strong><em>Whatsapp:+86 17840853976<\/em><\/strong><\/a><br \/>\nNaskenujte QR k\u00f3d na Whatsapp pro kup\u00f3n pro nov\u00e9ho z\u00e1kazn\u00edka<\/p>\n<p><img loading=\"lazy\" decoding=\"async\" class=\"alignnone size-medium wp-image-1905\" src=\"http:\/\/rmvapebang.com\/wp-content\/uploads\/2024\/03\/whatsapp-vape-2-202x300.jpg\" alt=\"\" width=\"202\" height=\"300\" \/><\/p>","protected":false},"featured_media":5667,"comment_status":"open","ping_status":"closed","template":"","meta":{"_uag_custom_page_level_css":"","_lmt_disableupdate":"no","_lmt_disable":"","site-sidebar-layout":"no-sidebar","site-content-layout":"boxed-container","ast-site-content-layout":"normal-width-container","site-content-style":"boxed","site-sidebar-style":"boxed","ast-global-header-display":"","ast-banner-title-visibility":"","ast-main-header-display":"","ast-hfb-above-header-display":"","ast-hfb-below-header-display":"","ast-hfb-mobile-header-display":"","site-post-title":"","ast-breadcrumbs-content":"","ast-featured-img":"","footer-sml-layout":"","theme-transparent-header-meta":"default","adv-header-id-meta":"","stick-header-meta":"","header-above-stick-meta":"","header-main-stick-meta":"","header-below-stick-meta":"","astra-migrate-meta-layouts":"set","ast-page-background-enabled":"default","ast-page-background-meta":{"desktop":{"background-color":"","background-image":"","background-repeat":"repeat","background-position":"center center","background-size":"auto","background-attachment":"scroll","background-type":"","background-media":"","overlay-type":"","overlay-color":"","overlay-gradient":""},"tablet":{"background-color":"","background-image":"","background-repeat":"repeat","background-position":"center center","background-size":"auto","background-attachment":"scroll","background-type":"","background-media":"","overlay-type":"","overlay-color":"","overlay-gradient":""},"mobile":{"background-color":"","background-image":"","background-repeat":"repeat","background-position":"center center","background-size":"auto","background-attachment":"scroll","background-type":"","background-media":"","overlay-type":"","overlay-color":"","overlay-gradient":""}},"ast-content-background-meta":{"desktop":{"background-color":"var(--ast-global-color-5)","background-image":"","background-repeat":"repeat","background-position":"center center","background-size":"auto","background-attachment":"scroll","background-type":"","background-media":"","overlay-type":"","overlay-color":"","overlay-gradient":""},"tablet":{"background-color":"var(--ast-global-color-5)","background-image":"","background-repeat":"repeat","background-position":"center center","background-size":"auto","background-attachment":"scroll","background-type":"","background-media":"","overlay-type":"","overlay-color":"","overlay-gradient":""},"mobile":{"background-color":"var(--ast-global-color-5)","background-image":"","background-repeat":"repeat","background-position":"center center","background-size":"auto","background-attachment":"scroll","background-type":"","background-media":"","overlay-type":"","overlay-color":"","overlay-gradient":""}},"_joinchat":{"telephone":"+8617840853976"}},"product_brand":[],"product_cat":[15,130,39,293,41,128,42,40,78,43],"product_tag":[71,72,50,61,58,53,52],"class_list":{"0":"post-5712","1":"product","2":"type-product","3":"status-publish","4":"has-post-thumbnail","6":"product_cat-eu-warehouse","7":"product_cat-digital-vapes-in-discount-price","8":"product_cat-france-wholesale-vape","9":"product_cat-hifancy-vapes","10":"product_cat-netherlands-wholesale-vape","11":"product_cat-smart-display","12":"product_cat-spain-wholesale-vape","13":"product_cat-germany-wholesale-vape","14":"product_cat-vape-18000-puffs","15":"product_cat-vape-shop","16":"product_tag-18000-puffs","17":"product_tag-18k-puffs","18":"product_tag-bulk-price-vape-shop","19":"product_tag-good-sales-vape","20":"product_tag-moq-50pcs","21":"product_tag-rechargeable-vape","22":"product_tag-vape-wholesasle-price","23":"desktop-align-left","24":"tablet-align-left","25":"mobile-align-left","27":"first","28":"instock","29":"sale","30":"shipping-taxable","31":"purchasable","32":"product-type-simple"},"yoast_head":"<!-- This site is optimized with the Yoast SEO plugin v23.0 - https:\/\/yoast.com\/wordpress\/plugins\/seo\/ -->\n<title>HIFANCY Luxury Box 18K Smart Screen Disposable Vape - rmvapebang.com<\/title>\n<meta name=\"description\" content=\"HIFANCY Luxury Box 18K Smart Screen Disposable Vape \u2013 18000 puffs, rechargeable, dual mesh coil, 28ml e-liquid, four heating modes.\" \/>\n<meta name=\"robots\" content=\"index, follow, max-snippet:-1, max-image-preview:large, max-video-preview:-1\" \/>\n<link rel=\"canonical\" href=\"https:\/\/rmvapebang.com\/cs\/product\/hifancy-luxury-box-18k-smart-screen-disposable-vape\/\" \/>\n<meta property=\"og:locale\" content=\"cs_CZ\" \/>\n<meta property=\"og:type\" content=\"article\" \/>\n<meta property=\"og:title\" content=\"HIFANCY Luxury Box 18K Smart Screen Disposable Vape - rmvapebang.com\" \/>\n<meta property=\"og:description\" content=\"HIFANCY Luxury Box 18K Smart Screen Disposable Vape \u2013 18000 puffs, rechargeable, dual mesh coil, 28ml e-liquid, four heating modes.\" \/>\n<meta property=\"og:url\" content=\"https:\/\/rmvapebang.com\/cs\/product\/hifancy-luxury-box-18k-smart-screen-disposable-vape\/\" \/>\n<meta property=\"og:site_name\" content=\"rmvapebang.com\" \/>\n<meta property=\"article:modified_time\" content=\"2026-04-06T11:38:25+00:00\" \/>\n<meta property=\"og:image\" content=\"http:\/\/rmvapebang.com\/wp-content\/uploads\/2026\/02\/HIFANCY-Luxury-Box-18K-Disposable-Vape.webp\" \/>\n\t<meta property=\"og:image:width\" content=\"800\" \/>\n\t<meta property=\"og:image:height\" content=\"800\" \/>\n\t<meta property=\"og:image:type\" content=\"image\/webp\" \/>\n<meta name=\"twitter:card\" content=\"summary_large_image\" \/>\n<meta name=\"twitter:label1\" content=\"Odhadovan\u00e1 doba \u010dten\u00ed\" \/>\n\t<meta name=\"twitter:data1\" content=\"3 minuty\" \/>\n<script type=\"application\/ld+json\" class=\"yoast-schema-graph\">{\"@context\":\"https:\/\/schema.org\",\"@graph\":[{\"@type\":\"WebPage\",\"@id\":\"https:\/\/rmvapebang.com\/product\/hifancy-luxury-box-18k-smart-screen-disposable-vape\/\",\"url\":\"https:\/\/rmvapebang.com\/product\/hifancy-luxury-box-18k-smart-screen-disposable-vape\/\",\"name\":\"HIFANCY Luxury Box 18K Smart Screen Disposable Vape - rmvapebang.com\",\"isPartOf\":{\"@id\":\"https:\/\/rmvapebang.com\/#website\"},\"primaryImageOfPage\":{\"@id\":\"https:\/\/rmvapebang.com\/product\/hifancy-luxury-box-18k-smart-screen-disposable-vape\/#primaryimage\"},\"image\":{\"@id\":\"https:\/\/rmvapebang.com\/product\/hifancy-luxury-box-18k-smart-screen-disposable-vape\/#primaryimage\"},\"thumbnailUrl\":\"https:\/\/rmvapebang.com\/wp-content\/uploads\/2026\/02\/HIFANCY-Luxury-Box-18K-Disposable-Vape.webp\",\"datePublished\":\"2026-02-22T13:32:11+00:00\",\"dateModified\":\"2026-04-06T11:38:25+00:00\",\"description\":\"HIFANCY Luxury Box 18K Smart Screen Disposable Vape \u2013 18000 puffs, rechargeable, dual mesh coil, 28ml e-liquid, four heating modes.\",\"breadcrumb\":{\"@id\":\"https:\/\/rmvapebang.com\/product\/hifancy-luxury-box-18k-smart-screen-disposable-vape\/#breadcrumb\"},\"inLanguage\":\"cs\",\"potentialAction\":[{\"@type\":\"ReadAction\",\"target\":[\"https:\/\/rmvapebang.com\/product\/hifancy-luxury-box-18k-smart-screen-disposable-vape\/\"]}]},{\"@type\":\"ImageObject\",\"inLanguage\":\"cs\",\"@id\":\"https:\/\/rmvapebang.com\/product\/hifancy-luxury-box-18k-smart-screen-disposable-vape\/#primaryimage\",\"url\":\"https:\/\/rmvapebang.com\/wp-content\/uploads\/2026\/02\/HIFANCY-Luxury-Box-18K-Disposable-Vape.webp\",\"contentUrl\":\"https:\/\/rmvapebang.com\/wp-content\/uploads\/2026\/02\/HIFANCY-Luxury-Box-18K-Disposable-Vape.webp\",\"width\":800,\"height\":800,\"caption\":\"18000 puffs smart screen rechargeable vape.\"},{\"@type\":\"BreadcrumbList\",\"@id\":\"https:\/\/rmvapebang.com\/product\/hifancy-luxury-box-18k-smart-screen-disposable-vape\/#breadcrumb\",\"itemListElement\":[{\"@type\":\"ListItem\",\"position\":1,\"name\":\"Home\",\"item\":\"https:\/\/rmvapebang.com\/\"},{\"@type\":\"ListItem\",\"position\":2,\"name\":\"Hot Vape Shop\",\"item\":\"https:\/\/rmvapebang.com\/shop-page\/\"},{\"@type\":\"ListItem\",\"position\":3,\"name\":\"HIFANCY Luxury Box 18K Smart Screen Disposable Vape\"}]},{\"@type\":\"WebSite\",\"@id\":\"https:\/\/rmvapebang.com\/#website\",\"url\":\"https:\/\/rmvapebang.com\/\",\"name\":\"rmvapebang.com\",\"description\":\"buy vape cheap\",\"publisher\":{\"@id\":\"https:\/\/rmvapebang.com\/#organization\"},\"potentialAction\":[{\"@type\":\"SearchAction\",\"target\":{\"@type\":\"EntryPoint\",\"urlTemplate\":\"https:\/\/rmvapebang.com\/?s={search_term_string}\"},\"query-input\":\"required name=search_term_string\"}],\"inLanguage\":\"cs\"},{\"@type\":\"Organization\",\"@id\":\"https:\/\/rmvapebang.com\/#organization\",\"name\":\"rmvapebang.com\",\"url\":\"https:\/\/rmvapebang.com\/\",\"logo\":{\"@type\":\"ImageObject\",\"inLanguage\":\"cs\",\"@id\":\"https:\/\/rmvapebang.com\/#\/schema\/logo\/image\/\",\"url\":\"https:\/\/rmvapebang.com\/wp-content\/uploads\/2024\/03\/cropped-RVBlogo.png\",\"contentUrl\":\"https:\/\/rmvapebang.com\/wp-content\/uploads\/2024\/03\/cropped-RVBlogo.png\",\"width\":507,\"height\":169,\"caption\":\"rmvapebang.com\"},\"image\":{\"@id\":\"https:\/\/rmvapebang.com\/#\/schema\/logo\/image\/\"}}]}<\/script>\n<!-- \/ Yoast SEO plugin. -->","yoast_head_json":{"title":"HIFANCY Luxury Box 18K Smart Screen Disposable Vape - rmvapebang.com","description":"HIFANCY Luxury Box 18K Smart Screen Disposable Vape \u2013 18000 puffs, rechargeable, dual mesh coil, 28ml e-liquid, four heating modes.","robots":{"index":"index","follow":"follow","max-snippet":"max-snippet:-1","max-image-preview":"max-image-preview:large","max-video-preview":"max-video-preview:-1"},"canonical":"https:\/\/rmvapebang.com\/cs\/product\/hifancy-luxury-box-18k-smart-screen-disposable-vape\/","og_locale":"cs_CZ","og_type":"article","og_title":"HIFANCY Luxury Box 18K Smart Screen Disposable Vape - rmvapebang.com","og_description":"HIFANCY Luxury Box 18K Smart Screen Disposable Vape \u2013 18000 puffs, rechargeable, dual mesh coil, 28ml e-liquid, four heating modes.","og_url":"https:\/\/rmvapebang.com\/cs\/product\/hifancy-luxury-box-18k-smart-screen-disposable-vape\/","og_site_name":"rmvapebang.com","article_modified_time":"2026-04-06T11:38:25+00:00","og_image":[{"width":800,"height":800,"url":"http:\/\/rmvapebang.com\/wp-content\/uploads\/2026\/02\/HIFANCY-Luxury-Box-18K-Disposable-Vape.webp","type":"image\/webp"}],"twitter_card":"summary_large_image","twitter_misc":{"Odhadovan\u00e1 doba \u010dten\u00ed":"3 minuty"},"schema":{"@context":"https:\/\/schema.org","@graph":[{"@type":"WebPage","@id":"https:\/\/rmvapebang.com\/product\/hifancy-luxury-box-18k-smart-screen-disposable-vape\/","url":"https:\/\/rmvapebang.com\/product\/hifancy-luxury-box-18k-smart-screen-disposable-vape\/","name":"HIFANCY Luxury Box 18K Smart Screen Disposable Vape - rmvapebang.com","isPartOf":{"@id":"https:\/\/rmvapebang.com\/#website"},"primaryImageOfPage":{"@id":"https:\/\/rmvapebang.com\/product\/hifancy-luxury-box-18k-smart-screen-disposable-vape\/#primaryimage"},"image":{"@id":"https:\/\/rmvapebang.com\/product\/hifancy-luxury-box-18k-smart-screen-disposable-vape\/#primaryimage"},"thumbnailUrl":"https:\/\/rmvapebang.com\/wp-content\/uploads\/2026\/02\/HIFANCY-Luxury-Box-18K-Disposable-Vape.webp","datePublished":"2026-02-22T13:32:11+00:00","dateModified":"2026-04-06T11:38:25+00:00","description":"HIFANCY Luxury Box 18K Smart Screen Disposable Vape \u2013 18000 puffs, rechargeable, dual mesh coil, 28ml e-liquid, four heating modes.","breadcrumb":{"@id":"https:\/\/rmvapebang.com\/product\/hifancy-luxury-box-18k-smart-screen-disposable-vape\/#breadcrumb"},"inLanguage":"cs","potentialAction":[{"@type":"ReadAction","target":["https:\/\/rmvapebang.com\/product\/hifancy-luxury-box-18k-smart-screen-disposable-vape\/"]}]},{"@type":"ImageObject","inLanguage":"cs","@id":"https:\/\/rmvapebang.com\/product\/hifancy-luxury-box-18k-smart-screen-disposable-vape\/#primaryimage","url":"https:\/\/rmvapebang.com\/wp-content\/uploads\/2026\/02\/HIFANCY-Luxury-Box-18K-Disposable-Vape.webp","contentUrl":"https:\/\/rmvapebang.com\/wp-content\/uploads\/2026\/02\/HIFANCY-Luxury-Box-18K-Disposable-Vape.webp","width":800,"height":800,"caption":"18000 puffs smart screen rechargeable vape."},{"@type":"BreadcrumbList","@id":"https:\/\/rmvapebang.com\/product\/hifancy-luxury-box-18k-smart-screen-disposable-vape\/#breadcrumb","itemListElement":[{"@type":"ListItem","position":1,"name":"Home","item":"https:\/\/rmvapebang.com\/"},{"@type":"ListItem","position":2,"name":"Hot Vape Shop","item":"https:\/\/rmvapebang.com\/shop-page\/"},{"@type":"ListItem","position":3,"name":"HIFANCY Luxury Box 18K Smart Screen Disposable Vape"}]},{"@type":"WebSite","@id":"https:\/\/rmvapebang.com\/#website","url":"https:\/\/rmvapebang.com\/","name":"rmvapebang.com","description":"buy vape cheap","publisher":{"@id":"https:\/\/rmvapebang.com\/#organization"},"potentialAction":[{"@type":"SearchAction","target":{"@type":"EntryPoint","urlTemplate":"https:\/\/rmvapebang.com\/?s={search_term_string}"},"query-input":"required name=search_term_string"}],"inLanguage":"cs"},{"@type":"Organization","@id":"https:\/\/rmvapebang.com\/#organization","name":"rmvapebang.com","url":"https:\/\/rmvapebang.com\/","logo":{"@type":"ImageObject","inLanguage":"cs","@id":"https:\/\/rmvapebang.com\/#\/schema\/logo\/image\/","url":"https:\/\/rmvapebang.com\/wp-content\/uploads\/2024\/03\/cropped-RVBlogo.png","contentUrl":"https:\/\/rmvapebang.com\/wp-content\/uploads\/2024\/03\/cropped-RVBlogo.png","width":507,"height":169,"caption":"rmvapebang.com"},"image":{"@id":"https:\/\/rmvapebang.com\/#\/schema\/logo\/image\/"}}]}},"uagb_featured_image_src":{"full":["https:\/\/rmvapebang.com\/wp-content\/uploads\/2026\/02\/HIFANCY-Luxury-Box-18K-Disposable-Vape.webp",800,800,false],"thumbnail":["https:\/\/rmvapebang.com\/wp-content\/uploads\/2026\/02\/HIFANCY-Luxury-Box-18K-Disposable-Vape-150x150.webp",150,150,true],"medium":["https:\/\/rmvapebang.com\/wp-content\/uploads\/2026\/02\/HIFANCY-Luxury-Box-18K-Disposable-Vape-300x300.webp",300,300,true],"medium_large":["https:\/\/rmvapebang.com\/wp-content\/uploads\/2026\/02\/HIFANCY-Luxury-Box-18K-Disposable-Vape-768x768.webp",768,768,true],"large":["https:\/\/rmvapebang.com\/wp-content\/uploads\/2026\/02\/HIFANCY-Luxury-Box-18K-Disposable-Vape.webp",800,800,false],"1536x1536":["https:\/\/rmvapebang.com\/wp-content\/uploads\/2026\/02\/HIFANCY-Luxury-Box-18K-Disposable-Vape.webp",800,800,false],"2048x2048":["https:\/\/rmvapebang.com\/wp-content\/uploads\/2026\/02\/HIFANCY-Luxury-Box-18K-Disposable-Vape.webp",800,800,false],"trp-custom-language-flag":["https:\/\/rmvapebang.com\/wp-content\/uploads\/2026\/02\/HIFANCY-Luxury-Box-18K-Disposable-Vape-12x12.webp",12,12,true],"woocommerce_thumbnail":["https:\/\/rmvapebang.com\/wp-content\/uploads\/2026\/02\/HIFANCY-Luxury-Box-18K-Disposable-Vape-300x300.webp",300,300,true],"woocommerce_single":["https:\/\/rmvapebang.com\/wp-content\/uploads\/2026\/02\/HIFANCY-Luxury-Box-18K-Disposable-Vape-600x600.webp",600,600,true],"woocommerce_gallery_thumbnail":["https:\/\/rmvapebang.com\/wp-content\/uploads\/2026\/02\/HIFANCY-Luxury-Box-18K-Disposable-Vape-100x100.webp",100,100,true],"wcpr-photo-reviews":["https:\/\/rmvapebang.com\/wp-content\/uploads\/2026\/02\/HIFANCY-Luxury-Box-18K-Disposable-Vape.webp",500,500,false]},"uagb_author_info":{"display_name":"Lyn","author_link":"https:\/\/rmvapebang.com\/cs\/author\/"},"uagb_comment_info":0,"uagb_excerpt":"NOTE:\u00a0Prices on the website don\u2019t include shipping fee. Please send your zip code and address that we can check shipping costs for you. HIFANCY Luxury Box 18K perfect for European adults, this high puff disposable vape features smart screen, dual mesh coil, and rechargeable Type-C battery. Ideal for premium vaping or wholesale 18K puffs supply,&hellip;","_links":{"self":[{"href":"https:\/\/rmvapebang.com\/cs\/wp-json\/wp\/v2\/product\/5712","targetHints":{"allow":["GET"]}}],"collection":[{"href":"https:\/\/rmvapebang.com\/cs\/wp-json\/wp\/v2\/product"}],"about":[{"href":"https:\/\/rmvapebang.com\/cs\/wp-json\/wp\/v2\/types\/product"}],"replies":[{"embeddable":true,"href":"https:\/\/rmvapebang.com\/cs\/wp-json\/wp\/v2\/comments?post=5712"}],"wp:featuredmedia":[{"embeddable":true,"href":"https:\/\/rmvapebang.com\/cs\/wp-json\/wp\/v2\/media\/5667"}],"wp:attachment":[{"href":"https:\/\/rmvapebang.com\/cs\/wp-json\/wp\/v2\/media?parent=5712"}],"wp:term":[{"taxonomy":"product_brand","embeddable":true,"href":"https:\/\/rmvapebang.com\/cs\/wp-json\/wp\/v2\/product_brand?post=5712"},{"taxonomy":"product_cat","embeddable":true,"href":"https:\/\/rmvapebang.com\/cs\/wp-json\/wp\/v2\/product_cat?post=5712"},{"taxonomy":"product_tag","embeddable":true,"href":"https:\/\/rmvapebang.com\/cs\/wp-json\/wp\/v2\/product_tag?post=5712"}],"curies":[{"name":"wp","href":"https:\/\/api.w.org\/{rel}","templated":true}]}}