{"id":4372,"date":"2025-06-11T16:04:50","date_gmt":"2025-06-11T08:04:50","guid":{"rendered":"https:\/\/rmvapebang.com\/?post_type=product&#038;p=4372"},"modified":"2025-09-01T16:03:10","modified_gmt":"2025-09-01T08:03:10","slug":"bang-king-50000-puffs-digital-display-vape-fast-shipping-for-bulk-orders-bulk-vape-deal","status":"publish","type":"product","link":"https:\/\/rmvapebang.com\/cs\/product\/bang-king-50000-puffs-digital-display-vape-fast-shipping-for-bulk-orders-bulk-vape-deal\/","title":{"rendered":"Bang King 50000 potah\u016f s digit\u00e1ln\u00edm displejem \u2013 rychl\u00e9 velkoobchodn\u00ed doru\u010den\u00ed, velkoobchodn\u00ed nab\u00eddka e-cigaret"},"content":{"rendered":"<h2 style=\"text-align: center\">Bang King 50000 potah\u016f s digit\u00e1ln\u00edm displejem \u2013 rychl\u00e9 velkoobchodn\u00ed doru\u010den\u00ed, velkoobchodn\u00ed nab\u00eddka e-cigaret<\/h2>\n<p><a href=\"https:\/\/rmvapebang.com\/cs\/product-category\/bang-vapes\/\">Bang King<\/a> 50000 pot\u00e1hnut\u00ed, digit\u00e1ln\u00ed displej, rychl\u00e1 p\u0159eprava pro hromadn\u00e9 objedn\u00e1vky. Hromadn\u00e1 nab\u00eddka elektronick\u00fdch cigaret nov\u011b definuje chytr\u00e9 vapov\u00e1n\u00ed pro velkoodb\u011bratele.<\/p>\n<p><a href=\"https:\/\/rmvapebang.com\/cs\/product-category\/vape-50000-puffs\/\">Jednor\u00e1zov\u00e1 e-cigareta s 50 000 pot\u00e1hnut\u00edmi<\/a> S vestav\u011bn\u00fdm digit\u00e1ln\u00edm displejem, nastaviteln\u00fdm pr\u016ftokem vzduchu a 50 ml e-liquidu nab\u00edz\u00ed za\u0159\u00edzen\u00ed Bang King 50k naprostou kontrolu a spokojenost. 850mAh dob\u00edjec\u00ed baterie pro chytr\u00e9 e-cigarety s displejem podporuje dlouhodob\u00e9 pou\u017e\u00edv\u00e1n\u00ed, zat\u00edmco 12 vybran\u00fdch p\u0159\u00edchut\u00ed oslov\u00ed \u0161irok\u00e9 publikum. Navr\u017eeno pro distributory elektronick\u00fdch cigaret v \u010cesk\u00e9 republice, dvojit\u00e9 p\u0159\u00edchut\u011b Bang King 50k pot\u00e1hnut\u00ed p\u0159edstavuj\u00ed dokonal\u00e9 spojen\u00ed funk\u010dnosti a objemu.<\/p>\n<p>E-cigareta Bang King 50000 smart puff poskytuje v\u00fdkon, chu\u0165 a bezkonkuren\u010dn\u00ed hodnotu.<\/p>\n<p><img loading=\"lazy\" decoding=\"async\" class=\"alignnone wp-image-4355 size-full\" src=\"http:\/\/rmvapebang.com\/wp-content\/uploads\/2025\/06\/Bang-King-Digital-Display-vape-50000-puffs-Box-Design.webp\" alt=\"Bang King Digital Display e-cigareta 50000 pot\u00e1hnut\u00ed s designem krabi\u010dky\" width=\"800\" height=\"665\" srcset=\"https:\/\/rmvapebang.com\/wp-content\/uploads\/2025\/06\/Bang-King-Digital-Display-vape-50000-puffs-Box-Design.webp 800w, https:\/\/rmvapebang.com\/wp-content\/uploads\/2025\/06\/Bang-King-Digital-Display-vape-50000-puffs-Box-Design-300x249.webp 300w, https:\/\/rmvapebang.com\/wp-content\/uploads\/2025\/06\/Bang-King-Digital-Display-vape-50000-puffs-Box-Design-768x638.webp 768w, https:\/\/rmvapebang.com\/wp-content\/uploads\/2025\/06\/Bang-King-Digital-Display-vape-50000-puffs-Box-Design-600x499.webp 600w\" sizes=\"auto, (max-width: 800px) 100vw, 800px\" \/><\/p>\n<h3><strong>Jak\u00e9 jsou p\u0159\u00edchut\u011b pro e-cigaretu Bangking double flavors 50k?<\/strong><\/h3>\n<p>1. ledov\u00fd meloun\/bor\u016fvkov\u00e1 m\u00e1ta<br \/>\n2. meloun\/bor\u016fvka t\u0159e\u0161e\u0148<br \/>\n3. ledov\u00e1 bor\u016fvka\/broskev mango meloun<br \/>\n4. ledov\u00e1 bor\u016fvka\/ledov\u00e1 broskev<br \/>\n5. bor\u016fvka malina\/sm\u011bs lesn\u00edch plod\u016f<br \/>\n6. bor\u016fvka malina\/ledov\u00e9 hrozny<br \/>\n7. red bull\/jahoda ban\u00e1n<br \/>\n8. red bull\/bor\u016fvka meloun<br \/>\n9. jahoda mango\/melounov\u00e1 \u017ev\u00fdka\u010dka<br \/>\n10. jahoda mango\/jahoda kiwi<br \/>\n11. jahoda meloun\/ledov\u00fd \u010dern\u00fd drak<br \/>\n12. jahoda meloun\/kiwi marakuja guava<\/p>\n<h2>Specifikace pro vape <strong>Chytr\u00e1 e-cigareta Bangking 50000 <\/strong>Pot\u00e1hnut\u00ed:<\/h2>\n<p>\u2013 <em><strong><span style=\"color: #ff0000\">50 tis\u00edc<\/span><\/strong><\/em> potah\u016f<br \/>\n\u2013<em><strong><span style=\"color: #ff0000\"> 12<\/span> <\/strong><\/em>P\u0159\u00edchut\u011b<br \/>\n\u2013 <em><strong><span style=\"color: #ff0000\">2%\/5%<\/span> <\/strong><\/em>Nikotin<br \/>\n\u2013 <em><strong><span style=\"color: #ff0000\">50ml<\/span><\/strong><\/em> objem e-liquidu<br \/>\n\u2013 Kapacita baterie <em><strong><span style=\"color: #ff0000\">850 mAh<\/span><\/strong><\/em><\/p>\n<h3>\u010casto kladen\u00e9 ot\u00e1zky:<\/h3>\n<p>Ot\u00e1zka: Jak\u00e9 je minim\u00e1ln\u00ed objednac\u00ed mno\u017estv\u00ed (MOQ) pro jednor\u00e1zov\u00fd dob\u00edjec\u00ed Vape Bangking Double 50k?<\/p>\n<p>Odpov\u011b\u010f: Minim\u00e1ln\u00ed objednac\u00ed mno\u017estv\u00ed (MOQ) pro jednor\u00e1zov\u00fd Vape BANGKING s 50 tis\u00edci potahy je 50 kus\u016f.<\/p>\n<p>Ot\u00e1zka: Jak\u00e1 je dodac\u00ed lh\u016fta pro dob\u00edjec\u00ed Vape, kter\u00fd jsem si objednal?<\/p>\n<p>Odpov\u011b\u010f: Obvykle je dodac\u00ed lh\u016fta pro dob\u00edjec\u00ed Vape 10\u201315 dn\u00ed po odesl\u00e1n\u00ed.<\/p>\n<p>Q: Kolik stoj\u00ed doprava jednor\u00e1zov\u00e9 e-cigarety Digital display 50000 Puffs?<\/p>\n<p>Odpov\u011b\u010f: N\u00e1klady na dopravu se li\u0161\u00ed v z\u00e1vislosti na hmotnosti objedn\u00e1vky. R\u016fzn\u00e1 mno\u017estv\u00ed mohou m\u00edt r\u016fzn\u00e9 n\u00e1klady na dopravu. Pros\u00edm, kontaktujte n\u00e1s, abychom potvrdili n\u00e1klady na dopravu pro va\u0161i konkr\u00e9tn\u00ed objedn\u00e1vku.<\/p>\n<p>Ot\u00e1zka: Lze jednor\u00e1zov\u00fd Vape Bangking s 50 000 potahy se dv\u011bma p\u0159\u00edchut\u011bmi zaslat do m\u00e9 zem\u011b?<\/p>\n<p>Odpov\u011b\u010f: Ano, jednor\u00e1zov\u00fd Vape Bangking s 50 000 potahy m\u016f\u017eeme zaslat do v\u011bt\u0161iny evropsk\u00fdch zem\u00ed, v\u010detn\u011b \u010cesk\u00e9 republiky, Slovenska, Ma\u010farska, Slovinska, Rumunska, Bulharska, \u0158ecka, Polska, \u0160v\u00e9dska, Irska, Portugalska, Finska, Estonska, Loty\u0161ska a Litvy. Pokud m\u00e1te konkr\u00e9tn\u00ed dotazy ohledn\u011b dopravy do va\u0161\u00ed zem\u011b, nev\u00e1hejte n\u00e1s kontaktovat pro dal\u0161\u00ed pomoc.<\/p>\n<p><strong>Kontaktujte Lyn pro v\u00edce vide\u00ed o produktech!<\/strong><\/p>\n<p><a href=\"https:\/\/wa.me\/8617840853976\"><span style=\"color: #ff6600\"><strong><em>Whatsapp:+86 17840853976<\/em><\/strong><\/span><\/a><\/p>\n<p><img loading=\"lazy\" decoding=\"async\" class=\"alignnone size-medium wp-image-1905\" src=\"http:\/\/rmvapebang.com\/wp-content\/uploads\/2024\/03\/whatsapp-vape-2-202x300.jpg\" alt=\"\" width=\"202\" height=\"300\" \/><\/p>\n<p>Najd\u011bte dal\u0161\u00ed produkty, kter\u00e9 by se v\u00e1m mohly l\u00edbit:<a href=\"https:\/\/rmvapebang.com\/cs\/shop-page\/\"><strong><em>Nakupujte nyn\u00ed<\/em><\/strong><\/a><\/p>\n<p>Dal\u0161\u00ed potahy, kter\u00e9 by se v\u00e1m mohly l\u00edbit: <a href=\"https:\/\/rmvapebang.com\/cs\/product\/vozol-star-disposable-20k-puffs-wholesale-affordable-disposable-vape\/\">VOZOL STAR 20000 \u0160LUK\u016e<\/a>\/<a href=\"https:\/\/rmvapebang.com\/cs\/product\/waspe-crystal-40000-puffs-disposabl-vape-good-price-bulk-sale\/\">waspe 40k dvojit\u00e9 p\u0159\u00edchut\u011b<\/a>\/<a href=\"https:\/\/rmvapebang.com\/cs\/product\/uwin-tornado-music-35k-bulk-price-discount-sale-rgb-lights-vape\/\">Uwin tornado 35k potah\u016f\/<\/a><a href=\"https:\/\/rmvapebang.com\/cs\/product\/zooy-shisha-25k-vape-factory-price-best-sale-now\/\">zooy shisha 25k potah\u016f<\/a>\/<a href=\"https:\/\/rmvapebang.com\/cs\/product\/stagbar-tornado-star-15k-puffs-wholesale-available-top-seller\/\">stagbar tornado 15k potah\u016f<\/a><\/p>","protected":false},"excerpt":{"rendered":"<p><span style=\"color: #ff0000\"><strong>POZN\u00c1MKA:<\/strong><em>Ceny na webov\u00fdch str\u00e1nk\u00e1ch nezahrnuj\u00ed poplatek za dopravu. Za\u0161lete pros\u00edm sv\u00e9 PS\u010c a adresu, abychom pro v\u00e1s mohli zkontrolovat n\u00e1klady na dopravu.<\/em><\/span><\/p>\n<p>Z\u00edskejte rychl\u00e9 hromadn\u00e9 nab\u00eddky na vape Bang King 50K s digit\u00e1ln\u00edm displejem je\u0161t\u011b dnes! Pokro\u010dil\u00e9 funkce, masivn\u00ed kapacita a \u0161pi\u010dkov\u00e9 p\u0159\u00edchut\u011b \u2013 absolutn\u00ed bestseller pro ka\u017ed\u00e9ho seri\u00f3zn\u00edho velkoobchodn\u00edka a prodejce vape produkt\u016f v \u010cesk\u00e9 republice.<\/p>\n<p><a href=\"https:\/\/wa.me\/8617840853976\"><strong><em>Whatsapp:+86 17840853976<\/em><\/strong><\/a><\/p>\n<p>Naskenujte QR k\u00f3d na Whatsapp pro kup\u00f3n pro nov\u00e9ho z\u00e1kazn\u00edka<\/p>\n<p><img loading=\"lazy\" decoding=\"async\" class=\"alignnone size-medium wp-image-1905\" src=\"http:\/\/rmvapebang.com\/wp-content\/uploads\/2024\/03\/whatsapp-vape-2-202x300.jpg\" alt=\"\" width=\"202\" height=\"300\" \/><\/p>","protected":false},"featured_media":4356,"comment_status":"open","ping_status":"closed","template":"","meta":{"_uag_custom_page_level_css":"","_lmt_disableupdate":"no","_lmt_disable":"","site-sidebar-layout":"no-sidebar","site-content-layout":"boxed-container","ast-site-content-layout":"normal-width-container","site-content-style":"boxed","site-sidebar-style":"boxed","ast-global-header-display":"","ast-banner-title-visibility":"","ast-main-header-display":"","ast-hfb-above-header-display":"","ast-hfb-below-header-display":"","ast-hfb-mobile-header-display":"","site-post-title":"","ast-breadcrumbs-content":"","ast-featured-img":"","footer-sml-layout":"","theme-transparent-header-meta":"default","adv-header-id-meta":"","stick-header-meta":"","header-above-stick-meta":"","header-main-stick-meta":"","header-below-stick-meta":"","astra-migrate-meta-layouts":"set","ast-page-background-enabled":"default","ast-page-background-meta":{"desktop":{"background-color":"","background-image":"","background-repeat":"repeat","background-position":"center center","background-size":"auto","background-attachment":"scroll","background-type":"","background-media":"","overlay-type":"","overlay-color":"","overlay-gradient":""},"tablet":{"background-color":"","background-image":"","background-repeat":"repeat","background-position":"center center","background-size":"auto","background-attachment":"scroll","background-type":"","background-media":"","overlay-type":"","overlay-color":"","overlay-gradient":""},"mobile":{"background-color":"","background-image":"","background-repeat":"repeat","background-position":"center center","background-size":"auto","background-attachment":"scroll","background-type":"","background-media":"","overlay-type":"","overlay-color":"","overlay-gradient":""}},"ast-content-background-meta":{"desktop":{"background-color":"var(--ast-global-color-5)","background-image":"","background-repeat":"repeat","background-position":"center center","background-size":"auto","background-attachment":"scroll","background-type":"","background-media":"","overlay-type":"","overlay-color":"","overlay-gradient":""},"tablet":{"background-color":"var(--ast-global-color-5)","background-image":"","background-repeat":"repeat","background-position":"center center","background-size":"auto","background-attachment":"scroll","background-type":"","background-media":"","overlay-type":"","overlay-color":"","overlay-gradient":""},"mobile":{"background-color":"var(--ast-global-color-5)","background-image":"","background-repeat":"repeat","background-position":"center center","background-size":"auto","background-attachment":"scroll","background-type":"","background-media":"","overlay-type":"","overlay-color":"","overlay-gradient":""}},"_joinchat":[]},"product_brand":[],"product_cat":[76,39,41,42,40,131,129,163,43],"product_tag":[165,166,50,61,98,53,52],"class_list":{"0":"post-4372","1":"product","2":"type-product","3":"status-publish","4":"has-post-thumbnail","6":"product_cat-bang-vapes","7":"product_cat-france-wholesale-vape","8":"product_cat-netherlands-wholesale-vape","9":"product_cat-spain-wholesale-vape","10":"product_cat-germany-wholesale-vape","11":"product_cat-tornado-vape-wholesale-price-hot-sale","12":"product_cat-tornado-vapes","13":"product_cat-vape-50000-puffs","14":"product_cat-vape-shop","15":"product_tag-50000-puffs","16":"product_tag-50k-puffs","17":"product_tag-bulk-price-vape-shop","18":"product_tag-good-sales-vape","19":"product_tag-moq-is-50pcs","20":"product_tag-rechargeable-vape","21":"product_tag-vape-wholesasle-price","22":"desktop-align-left","23":"tablet-align-left","24":"mobile-align-left","26":"first","27":"instock","28":"sale","29":"shipping-taxable","30":"purchasable","31":"product-type-simple"},"yoast_head":"<!-- This site is optimized with the Yoast SEO plugin v23.0 - https:\/\/yoast.com\/wordpress\/plugins\/seo\/ -->\n<title>Bang King 50000 Puffs Digital Display Vape Fast Shipping for Bulk Orders Bulk Vape Deal - rmvapebang.com<\/title>\n<meta name=\"description\" content=\"Bang King 50k puffs disposable vape with 50ml e-liquid, digital screen, airflow control. Perfect bulk deal for European vape shops and distributors.\" \/>\n<meta name=\"robots\" content=\"index, follow, max-snippet:-1, max-image-preview:large, max-video-preview:-1\" \/>\n<link rel=\"canonical\" href=\"https:\/\/rmvapebang.com\/cs\/product\/bang-king-50000-puffs-digital-display-vape-fast-shipping-for-bulk-orders-bulk-vape-deal\/\" \/>\n<meta property=\"og:locale\" content=\"cs_CZ\" \/>\n<meta property=\"og:type\" content=\"article\" \/>\n<meta property=\"og:title\" content=\"Bang King 50000 Puffs Digital Display Vape Fast Shipping for Bulk Orders Bulk Vape Deal - rmvapebang.com\" \/>\n<meta property=\"og:description\" content=\"Bang King 50k puffs disposable vape with 50ml e-liquid, digital screen, airflow control. Perfect bulk deal for European vape shops and distributors.\" \/>\n<meta property=\"og:url\" content=\"https:\/\/rmvapebang.com\/cs\/product\/bang-king-50000-puffs-digital-display-vape-fast-shipping-for-bulk-orders-bulk-vape-deal\/\" \/>\n<meta property=\"og:site_name\" content=\"rmvapebang.com\" \/>\n<meta property=\"article:modified_time\" content=\"2025-09-01T08:03:10+00:00\" \/>\n<meta property=\"og:image\" content=\"https:\/\/rmvapebang.com\/wp-content\/uploads\/2025\/06\/Bang-King-Digital-Display-vape-50000-puffs-Discount-Price.webp\" \/>\n\t<meta property=\"og:image:width\" content=\"800\" \/>\n\t<meta property=\"og:image:height\" content=\"800\" \/>\n\t<meta property=\"og:image:type\" content=\"image\/webp\" \/>\n<meta name=\"twitter:card\" content=\"summary_large_image\" \/>\n<meta name=\"twitter:label1\" content=\"Odhadovan\u00e1 doba \u010dten\u00ed\" \/>\n\t<meta name=\"twitter:data1\" content=\"3 minuty\" \/>\n<script type=\"application\/ld+json\" class=\"yoast-schema-graph\">{\"@context\":\"https:\/\/schema.org\",\"@graph\":[{\"@type\":\"WebPage\",\"@id\":\"https:\/\/rmvapebang.com\/de\/product\/bang-king-50000-puffs-digital-display-vape-fast-shipping-for-bulk-orders-bulk-vape-deal\/\",\"url\":\"https:\/\/rmvapebang.com\/de\/product\/bang-king-50000-puffs-digital-display-vape-fast-shipping-for-bulk-orders-bulk-vape-deal\/\",\"name\":\"Bang King 50000 Puffs Digital Display Vape Fast Shipping for Bulk Orders Bulk Vape Deal - rmvapebang.com\",\"isPartOf\":{\"@id\":\"https:\/\/rmvapebang.com\/#website\"},\"primaryImageOfPage\":{\"@id\":\"https:\/\/rmvapebang.com\/de\/product\/bang-king-50000-puffs-digital-display-vape-fast-shipping-for-bulk-orders-bulk-vape-deal\/#primaryimage\"},\"image\":{\"@id\":\"https:\/\/rmvapebang.com\/de\/product\/bang-king-50000-puffs-digital-display-vape-fast-shipping-for-bulk-orders-bulk-vape-deal\/#primaryimage\"},\"thumbnailUrl\":\"https:\/\/rmvapebang.com\/wp-content\/uploads\/2025\/06\/Bang-King-Digital-Display-vape-50000-puffs-Discount-Price.webp\",\"datePublished\":\"2025-06-11T08:04:50+00:00\",\"dateModified\":\"2025-09-01T08:03:10+00:00\",\"description\":\"Bang King 50k puffs disposable vape with 50ml e-liquid, digital screen, airflow control. Perfect bulk deal for European vape shops and distributors.\",\"breadcrumb\":{\"@id\":\"https:\/\/rmvapebang.com\/de\/product\/bang-king-50000-puffs-digital-display-vape-fast-shipping-for-bulk-orders-bulk-vape-deal\/#breadcrumb\"},\"inLanguage\":\"cs\",\"potentialAction\":[{\"@type\":\"ReadAction\",\"target\":[\"https:\/\/rmvapebang.com\/de\/product\/bang-king-50000-puffs-digital-display-vape-fast-shipping-for-bulk-orders-bulk-vape-deal\/\"]}]},{\"@type\":\"ImageObject\",\"inLanguage\":\"cs\",\"@id\":\"https:\/\/rmvapebang.com\/de\/product\/bang-king-50000-puffs-digital-display-vape-fast-shipping-for-bulk-orders-bulk-vape-deal\/#primaryimage\",\"url\":\"https:\/\/rmvapebang.com\/wp-content\/uploads\/2025\/06\/Bang-King-Digital-Display-vape-50000-puffs-Discount-Price.webp\",\"contentUrl\":\"https:\/\/rmvapebang.com\/wp-content\/uploads\/2025\/06\/Bang-King-Digital-Display-vape-50000-puffs-Discount-Price.webp\",\"width\":800,\"height\":800,\"caption\":\"Bang King Digital Display vape 50000 puffs Discount Price\"},{\"@type\":\"BreadcrumbList\",\"@id\":\"https:\/\/rmvapebang.com\/de\/product\/bang-king-50000-puffs-digital-display-vape-fast-shipping-for-bulk-orders-bulk-vape-deal\/#breadcrumb\",\"itemListElement\":[{\"@type\":\"ListItem\",\"position\":1,\"name\":\"Home\",\"item\":\"https:\/\/rmvapebang.com\/\"},{\"@type\":\"ListItem\",\"position\":2,\"name\":\"Hot Vape Shop\",\"item\":\"https:\/\/rmvapebang.com\/shop-page\/\"},{\"@type\":\"ListItem\",\"position\":3,\"name\":\"Bang King 50000 Puffs Digital Display Vape Fast Shipping for Bulk Orders Bulk Vape Deal\"}]},{\"@type\":\"WebSite\",\"@id\":\"https:\/\/rmvapebang.com\/#website\",\"url\":\"https:\/\/rmvapebang.com\/\",\"name\":\"rmvapebang.com\",\"description\":\"buy vape cheap\",\"publisher\":{\"@id\":\"https:\/\/rmvapebang.com\/#organization\"},\"potentialAction\":[{\"@type\":\"SearchAction\",\"target\":{\"@type\":\"EntryPoint\",\"urlTemplate\":\"https:\/\/rmvapebang.com\/?s={search_term_string}\"},\"query-input\":\"required name=search_term_string\"}],\"inLanguage\":\"cs\"},{\"@type\":\"Organization\",\"@id\":\"https:\/\/rmvapebang.com\/#organization\",\"name\":\"rmvapebang.com\",\"url\":\"https:\/\/rmvapebang.com\/\",\"logo\":{\"@type\":\"ImageObject\",\"inLanguage\":\"cs\",\"@id\":\"https:\/\/rmvapebang.com\/#\/schema\/logo\/image\/\",\"url\":\"https:\/\/rmvapebang.com\/wp-content\/uploads\/2024\/03\/cropped-RVBlogo.png\",\"contentUrl\":\"https:\/\/rmvapebang.com\/wp-content\/uploads\/2024\/03\/cropped-RVBlogo.png\",\"width\":507,\"height\":169,\"caption\":\"rmvapebang.com\"},\"image\":{\"@id\":\"https:\/\/rmvapebang.com\/#\/schema\/logo\/image\/\"}}]}<\/script>\n<!-- \/ Yoast SEO plugin. -->","yoast_head_json":{"title":"Bang King 50000 Puffs Digital Display Vape Fast Shipping for Bulk Orders Bulk Vape Deal - rmvapebang.com","description":"Bang King 50k puffs disposable vape with 50ml e-liquid, digital screen, airflow control. Perfect bulk deal for European vape shops and distributors.","robots":{"index":"index","follow":"follow","max-snippet":"max-snippet:-1","max-image-preview":"max-image-preview:large","max-video-preview":"max-video-preview:-1"},"canonical":"https:\/\/rmvapebang.com\/cs\/product\/bang-king-50000-puffs-digital-display-vape-fast-shipping-for-bulk-orders-bulk-vape-deal\/","og_locale":"cs_CZ","og_type":"article","og_title":"Bang King 50000 Puffs Digital Display Vape Fast Shipping for Bulk Orders Bulk Vape Deal - rmvapebang.com","og_description":"Bang King 50k puffs disposable vape with 50ml e-liquid, digital screen, airflow control. Perfect bulk deal for European vape shops and distributors.","og_url":"https:\/\/rmvapebang.com\/cs\/product\/bang-king-50000-puffs-digital-display-vape-fast-shipping-for-bulk-orders-bulk-vape-deal\/","og_site_name":"rmvapebang.com","article_modified_time":"2025-09-01T08:03:10+00:00","og_image":[{"width":800,"height":800,"url":"https:\/\/rmvapebang.com\/wp-content\/uploads\/2025\/06\/Bang-King-Digital-Display-vape-50000-puffs-Discount-Price.webp","type":"image\/webp"}],"twitter_card":"summary_large_image","twitter_misc":{"Odhadovan\u00e1 doba \u010dten\u00ed":"3 minuty"},"schema":{"@context":"https:\/\/schema.org","@graph":[{"@type":"WebPage","@id":"https:\/\/rmvapebang.com\/de\/product\/bang-king-50000-puffs-digital-display-vape-fast-shipping-for-bulk-orders-bulk-vape-deal\/","url":"https:\/\/rmvapebang.com\/de\/product\/bang-king-50000-puffs-digital-display-vape-fast-shipping-for-bulk-orders-bulk-vape-deal\/","name":"Bang King 50000 Puffs Digital Display Vape Fast Shipping for Bulk Orders Bulk Vape Deal - rmvapebang.com","isPartOf":{"@id":"https:\/\/rmvapebang.com\/#website"},"primaryImageOfPage":{"@id":"https:\/\/rmvapebang.com\/de\/product\/bang-king-50000-puffs-digital-display-vape-fast-shipping-for-bulk-orders-bulk-vape-deal\/#primaryimage"},"image":{"@id":"https:\/\/rmvapebang.com\/de\/product\/bang-king-50000-puffs-digital-display-vape-fast-shipping-for-bulk-orders-bulk-vape-deal\/#primaryimage"},"thumbnailUrl":"https:\/\/rmvapebang.com\/wp-content\/uploads\/2025\/06\/Bang-King-Digital-Display-vape-50000-puffs-Discount-Price.webp","datePublished":"2025-06-11T08:04:50+00:00","dateModified":"2025-09-01T08:03:10+00:00","description":"Bang King 50k puffs disposable vape with 50ml e-liquid, digital screen, airflow control. Perfect bulk deal for European vape shops and distributors.","breadcrumb":{"@id":"https:\/\/rmvapebang.com\/de\/product\/bang-king-50000-puffs-digital-display-vape-fast-shipping-for-bulk-orders-bulk-vape-deal\/#breadcrumb"},"inLanguage":"cs","potentialAction":[{"@type":"ReadAction","target":["https:\/\/rmvapebang.com\/de\/product\/bang-king-50000-puffs-digital-display-vape-fast-shipping-for-bulk-orders-bulk-vape-deal\/"]}]},{"@type":"ImageObject","inLanguage":"cs","@id":"https:\/\/rmvapebang.com\/de\/product\/bang-king-50000-puffs-digital-display-vape-fast-shipping-for-bulk-orders-bulk-vape-deal\/#primaryimage","url":"https:\/\/rmvapebang.com\/wp-content\/uploads\/2025\/06\/Bang-King-Digital-Display-vape-50000-puffs-Discount-Price.webp","contentUrl":"https:\/\/rmvapebang.com\/wp-content\/uploads\/2025\/06\/Bang-King-Digital-Display-vape-50000-puffs-Discount-Price.webp","width":800,"height":800,"caption":"Bang King Digital Display vape 50000 puffs Discount Price"},{"@type":"BreadcrumbList","@id":"https:\/\/rmvapebang.com\/de\/product\/bang-king-50000-puffs-digital-display-vape-fast-shipping-for-bulk-orders-bulk-vape-deal\/#breadcrumb","itemListElement":[{"@type":"ListItem","position":1,"name":"Home","item":"https:\/\/rmvapebang.com\/"},{"@type":"ListItem","position":2,"name":"Hot Vape Shop","item":"https:\/\/rmvapebang.com\/shop-page\/"},{"@type":"ListItem","position":3,"name":"Bang King 50000 Puffs Digital Display Vape Fast Shipping for Bulk Orders Bulk Vape Deal"}]},{"@type":"WebSite","@id":"https:\/\/rmvapebang.com\/#website","url":"https:\/\/rmvapebang.com\/","name":"rmvapebang.com","description":"buy vape cheap","publisher":{"@id":"https:\/\/rmvapebang.com\/#organization"},"potentialAction":[{"@type":"SearchAction","target":{"@type":"EntryPoint","urlTemplate":"https:\/\/rmvapebang.com\/?s={search_term_string}"},"query-input":"required name=search_term_string"}],"inLanguage":"cs"},{"@type":"Organization","@id":"https:\/\/rmvapebang.com\/#organization","name":"rmvapebang.com","url":"https:\/\/rmvapebang.com\/","logo":{"@type":"ImageObject","inLanguage":"cs","@id":"https:\/\/rmvapebang.com\/#\/schema\/logo\/image\/","url":"https:\/\/rmvapebang.com\/wp-content\/uploads\/2024\/03\/cropped-RVBlogo.png","contentUrl":"https:\/\/rmvapebang.com\/wp-content\/uploads\/2024\/03\/cropped-RVBlogo.png","width":507,"height":169,"caption":"rmvapebang.com"},"image":{"@id":"https:\/\/rmvapebang.com\/#\/schema\/logo\/image\/"}}]}},"uagb_featured_image_src":{"full":["https:\/\/rmvapebang.com\/wp-content\/uploads\/2025\/06\/Bang-King-Digital-Display-vape-50000-puffs-Discount-Price.webp",800,800,false],"thumbnail":["https:\/\/rmvapebang.com\/wp-content\/uploads\/2025\/06\/Bang-King-Digital-Display-vape-50000-puffs-Discount-Price-150x150.webp",150,150,true],"medium":["https:\/\/rmvapebang.com\/wp-content\/uploads\/2025\/06\/Bang-King-Digital-Display-vape-50000-puffs-Discount-Price-300x300.webp",300,300,true],"medium_large":["https:\/\/rmvapebang.com\/wp-content\/uploads\/2025\/06\/Bang-King-Digital-Display-vape-50000-puffs-Discount-Price-768x768.webp",768,768,true],"large":["https:\/\/rmvapebang.com\/wp-content\/uploads\/2025\/06\/Bang-King-Digital-Display-vape-50000-puffs-Discount-Price.webp",800,800,false],"1536x1536":["https:\/\/rmvapebang.com\/wp-content\/uploads\/2025\/06\/Bang-King-Digital-Display-vape-50000-puffs-Discount-Price.webp",800,800,false],"2048x2048":["https:\/\/rmvapebang.com\/wp-content\/uploads\/2025\/06\/Bang-King-Digital-Display-vape-50000-puffs-Discount-Price.webp",800,800,false],"trp-custom-language-flag":["https:\/\/rmvapebang.com\/wp-content\/uploads\/2025\/06\/Bang-King-Digital-Display-vape-50000-puffs-Discount-Price.webp",12,12,false],"woocommerce_thumbnail":["https:\/\/rmvapebang.com\/wp-content\/uploads\/2025\/06\/Bang-King-Digital-Display-vape-50000-puffs-Discount-Price-300x300.webp",300,300,true],"woocommerce_single":["https:\/\/rmvapebang.com\/wp-content\/uploads\/2025\/06\/Bang-King-Digital-Display-vape-50000-puffs-Discount-Price-600x600.webp",600,600,true],"woocommerce_gallery_thumbnail":["https:\/\/rmvapebang.com\/wp-content\/uploads\/2025\/06\/Bang-King-Digital-Display-vape-50000-puffs-Discount-Price-100x100.webp",100,100,true],"wcpr-photo-reviews":["https:\/\/rmvapebang.com\/wp-content\/uploads\/2025\/06\/Bang-King-Digital-Display-vape-50000-puffs-Discount-Price.webp",500,500,false]},"uagb_author_info":{"display_name":"Lyn","author_link":"https:\/\/rmvapebang.com\/cs\/author\/"},"uagb_comment_info":0,"uagb_excerpt":"NOTE\uff1aPrices on the website don\u2019t include shipping fee. Please send your zip code and address that we can check shipping costs for you. Get fast-shipping bulk deals on Bang King 50K Digital Display Vape today! Advanced features, massive capacity, and top flavors \u2013 a top-seller for every serious vape wholesaler and reseller in Europe. Whatsapp:+86&hellip;","_links":{"self":[{"href":"https:\/\/rmvapebang.com\/cs\/wp-json\/wp\/v2\/product\/4372","targetHints":{"allow":["GET"]}}],"collection":[{"href":"https:\/\/rmvapebang.com\/cs\/wp-json\/wp\/v2\/product"}],"about":[{"href":"https:\/\/rmvapebang.com\/cs\/wp-json\/wp\/v2\/types\/product"}],"replies":[{"embeddable":true,"href":"https:\/\/rmvapebang.com\/cs\/wp-json\/wp\/v2\/comments?post=4372"}],"wp:featuredmedia":[{"embeddable":true,"href":"https:\/\/rmvapebang.com\/cs\/wp-json\/wp\/v2\/media\/4356"}],"wp:attachment":[{"href":"https:\/\/rmvapebang.com\/cs\/wp-json\/wp\/v2\/media?parent=4372"}],"wp:term":[{"taxonomy":"product_brand","embeddable":true,"href":"https:\/\/rmvapebang.com\/cs\/wp-json\/wp\/v2\/product_brand?post=4372"},{"taxonomy":"product_cat","embeddable":true,"href":"https:\/\/rmvapebang.com\/cs\/wp-json\/wp\/v2\/product_cat?post=4372"},{"taxonomy":"product_tag","embeddable":true,"href":"https:\/\/rmvapebang.com\/cs\/wp-json\/wp\/v2\/product_tag?post=4372"}],"curies":[{"name":"wp","href":"https:\/\/api.w.org\/{rel}","templated":true}]}}