{"id":3637,"date":"2025-02-15T13:35:44","date_gmt":"2025-02-15T05:35:44","guid":{"rendered":"https:\/\/rmvapebang.com\/?post_type=product&#038;p=3637"},"modified":"2025-09-03T17:08:33","modified_gmt":"2025-09-03T09:08:33","slug":"jnr-alien-10000-puffs-low-price-hot-sale-rgb-vape","status":"publish","type":"product","link":"https:\/\/rmvapebang.com\/cs\/product\/jnr-alien-10000-puffs-low-price-hot-sale-rgb-vape\/","title":{"rendered":"JNR Alien 10000 pot\u00e1hnut\u00ed N\u00edzk\u00e1 cena \u017dhav\u00fd prodej RGB Vape"},"content":{"rendered":"<h2>JNR Alien 10000 pot\u00e1hnut\u00ed N\u00edzk\u00e1 cena \u017dhav\u00fd prodej RGB Vape<\/h2>\n<p>RGB Vape JNR Alien 10000 Puffs, hork\u00fd v\u00fdprodej za n\u00edzkou cenu, je zde, aby elektrizoval v\u00e1\u0161 z\u00e1\u017eitek z vapov\u00e1n\u00ed sv\u00fdm odv\u00e1\u017en\u00fdm designem, \u0161pi\u010dkov\u00fdmi funkcemi a bezkonkuren\u010dn\u00ed cenovou dostupnost\u00ed.<\/p>\n<p>Alien 10k Puffs od JNR RGB Vape je navr\u017een pro vapery, kte\u0159\u00ed tou\u017e\u00ed po stylu a podstat\u011b, a kombinuje masivn\u00ed 20ml kapacitu e-liquidu s 800mAh bateri\u00ed, co\u017e zaji\u0161\u0165uje dlouhotrvaj\u00edc\u00ed v\u00fdkon a\u017e pro 10 000 hladk\u00fdch, uspokojiv\u00fdch potah\u016f. Vyberte si z neuv\u011b\u0159iteln\u00fdch 44 p\u0159\u00edchut\u00ed, kter\u00e9 vyhovuj\u00ed ka\u017ed\u00e9mu vkusu.<\/p>\n<p>10000 potah\u016f z <a href=\"https:\/\/rmvapebang.com\/cs\/product-category\/bulk-sale-jnr-vapes-europe\/\"><strong>Vape JNR<\/strong><\/a> s 2% a 5% nikotinem, jednor\u00e1zov\u00e1 vape JNR 10k uspokoj\u00ed jak p\u0159\u00edle\u017eitostn\u00e9 u\u017eivatele, tak ty, kte\u0159\u00ed hledaj\u00ed siln\u011bj\u0161\u00ed potah. Ale to, co skute\u010dn\u011b odli\u0161uje JNR Alien, je \u017eiv\u00fd syst\u00e9m RGB sv\u011btla, <strong><a href=\"https:\/\/rmvapebang.com\/cs\/product-category\/vape-10000-puffs\/\">vape jednor\u00e1zov\u00e9ho JNR 10000 potah\u016f<\/a><\/strong> za\u0159\u00edzen\u00ed pulzuje s ka\u017ed\u00fdm potahem a dod\u00e1v\u00e1 va\u0161im vapovac\u00edm sezen\u00edm futuristick\u00fd n\u00e1dech.<\/p>\n<p>Jednor\u00e1zov\u00e1 vape JNR 10k potah\u016f je ide\u00e1ln\u00ed pro ve\u010d\u00edrky, pozdn\u00ed no\u010dn\u00ed sezen\u00ed nebo ka\u017edodenn\u00ed pou\u017eit\u00ed, RGB 10K od JNR vape je lehk\u00e1, p\u0159enosn\u00e1 a nabit\u00e1 pr\u00e9miov\u00fdmi funkcemi. Nenechte si uj\u00edt hork\u00fd v\u00fdprodej za n\u00edzkou cenu \u2013 po\u0159i\u010fte si ji je\u0161t\u011b dnes a p\u0159ipojte se k revoluci RGB vapov\u00e1n\u00ed!<\/p>\n<p><img loading=\"lazy\" decoding=\"async\" class=\"alignnone wp-image-3630 size-full\" src=\"http:\/\/rmvapebang.com\/wp-content\/uploads\/2025\/02\/JNR-ALIEN-VAPE-10000-PUFFS-GOOD-PRICE.webp\" alt=\"JNR ALIEN VAPE 10000 POTAHOV\u00c9 DOBR\u00c1 CENA\" width=\"800\" height=\"451\" srcset=\"https:\/\/rmvapebang.com\/wp-content\/uploads\/2025\/02\/JNR-ALIEN-VAPE-10000-PUFFS-GOOD-PRICE.webp 800w, https:\/\/rmvapebang.com\/wp-content\/uploads\/2025\/02\/JNR-ALIEN-VAPE-10000-PUFFS-GOOD-PRICE-300x169.webp 300w, https:\/\/rmvapebang.com\/wp-content\/uploads\/2025\/02\/JNR-ALIEN-VAPE-10000-PUFFS-GOOD-PRICE-768x433.webp 768w, https:\/\/rmvapebang.com\/wp-content\/uploads\/2025\/02\/JNR-ALIEN-VAPE-10000-PUFFS-GOOD-PRICE-600x338.webp 600w\" sizes=\"auto, (max-width: 800px) 100vw, 800px\" \/><\/p>\n<h3><strong>P\u0159\u00edchut\u011b pro JNR Alien 10000 vape?<\/strong><\/h3>\n<p>1.Black Dragon Ice (Ledov\u00fd \u010cern\u00fd drak)<br \/>\n2.Blue Razz Cherry (Modr\u00e1 Malina T\u0159e\u0161e\u0148)<br \/>\n3.Blue Razz Ice (Ledov\u00e1 Modr\u00e1 Malina)<br \/>\n4.Blueberry Bubble Gum (Bor\u016fvkov\u00e1 \u017dv\u00fdka\u010dka)<br \/>\n5.Blueberry Cherry Cranberry (Bor\u016fvka T\u0159e\u0161e\u0148 Brusinka)<br \/>\n6.Blueberry On Ice (Bor\u016fvka na ledu)<br \/>\n7.Blueberry Sour Raspberry (Bor\u016fvka Kysel\u00e1 Malina)<br \/>\n8.Fizzy Cherry Cola (\u0160umiv\u00e1 T\u0159e\u0161\u0148ov\u00e1 Cola)<br \/>\n9.Hroznov\u00e9 v\u00edno led<br \/>\n10.Guava Ice (Ledov\u00e1 Guava)<br \/>\n11.Kiwi Passion Fruit Guava (Kiwi Maracuja Guava)<br \/>\n12.Strawberry Kiwi (Jahoda Kiwi)<br \/>\n13.Citr\u00f3n<br \/>\n14.Sm\u011bs bobul\u00ed<br \/>\n15.Mr. Blue<br \/>\n16.Mu\u010denka<br \/>\n17.Broskev s bobulemi<br \/>\n18.Broskvov\u00e9, bor\u016fvkov\u00e9 bonb\u00f3ny<br \/>\n19.Broskvov\u00e1 ledov\u00e1<br \/>\n20.Broskev, mango, ananas<br \/>\n21.Kysel\u00e9 jablko<br \/>\n22.Jahoda s ban\u00e1nem<br \/>\n23.Jahodov\u00e1 ledov\u00e1<br \/>\n24.Jahoda, malina, t\u0159e\u0161e\u0148, ledov\u00e1<br \/>\n25.Jahoda, vodn\u00ed meloun, ledov\u00e1<br \/>\n26.Jahoda, vodn\u00ed meloun, limon\u00e1da<br \/>\n27.Vodn\u00ed meloun, \u017ev\u00fdka\u010dka<br \/>\n28.Vodn\u00ed meloun, ledov\u00e1<br \/>\n29.Ban\u00e1nov\u00e1 ledov\u00e1<br \/>\n30.Bor\u016fvka, kiwi<br \/>\n31.T\u0159e\u0161n\u011b s bobulemi<br \/>\n32.Cola ledov\u00e1<br \/>\n33.Chladiv\u00e1 M\u00e1ta<br \/>\n34.Dvojit\u00e9 Jablko<br \/>\n35.Gumov\u00fd medv\u00eddek<br \/>\n36.Sv\u011b\u017e\u00ed Led<br \/>\n37.Malinov\u00fd Meloun<br \/>\n38.Jahodov\u00fd Bonb\u00f3n s Ledem<br \/>\n39.Jahodov\u00e1 Pi\u00f1acolada<br \/>\n40.Jahodov\u00e9 Gran\u00e1tov\u00e9 Jablko<br \/>\n41.Jahoda Malina s Ledem<br \/>\n42.Tropick\u00fd Pun\u010d<br \/>\n43.Meloun Bor\u016fvka s Ledem<br \/>\n44.Vodn\u00ed meloun s li\u010di<\/p>\n<h2>Specifikace pro <strong>JNR torn\u00e1do 10000 <\/strong>Pot\u00e1hnut\u00ed:<\/h2>\n<p>\u2013 <span style=\"color: #ff0000\"><em><strong>10 tis\u00edc<\/strong><\/em><\/span> potah\u016f<br \/>\n\u2013 <span style=\"color: #ff0000\"><em><strong>44<\/strong> <\/em><\/span>P\u0159\u00edchut\u011b<br \/>\n\u2013 <span style=\"color: #ff0000\"><strong><em>2%\/5%<\/em><\/strong><\/span> S\u00edla nikotinu<br \/>\n\u2013 <span style=\"color: #ff0000\"><strong><em>20 mL<\/em><\/strong><\/span> objem e-liquidu<br \/>\n\u2013 Kapacita baterie <span style=\"color: #ff0000\"><em><strong>850 mAh<\/strong><\/em><\/span><\/p>\n<h3>\u010casto kladen\u00e9 ot\u00e1zky:<\/h3>\n<p>Ot\u00e1zka: Jak\u00e9 je minim\u00e1ln\u00ed objednac\u00ed mno\u017estv\u00ed (MOQ) pro jednor\u00e1zovou elektronickou cigaretu JNR Alien vape 10k?<\/p>\n<p>Odpov\u011b\u010f: Minim\u00e1ln\u00ed objednac\u00ed mno\u017estv\u00ed (MOQ) pro JNR vape 10k potah\u016f je 50 kus\u016f.<\/p>\n<p>Ot\u00e1zka: Jsou jednor\u00e1zov\u00e9 cigarety JNR Alien vape 10k potah\u016f bezpe\u010dn\u00e9?<\/p>\n<p>Odpov\u011b\u010f: Ano, JNR Alien 10k vape spl\u0148uje v\u0161echny bezpe\u010dnostn\u00ed normy, obsahuje mal\u00e9 mno\u017estv\u00ed nikotinu a m\u011bl by se pou\u017e\u00edvat s m\u00edrou.<\/p>\n<p>Ot\u00e1zka: Jak dlouho bych m\u011bl nechat sv\u016fj odpa\u0159ova\u010d nab\u00edjet?<\/p>\n<p>Odpov\u011b\u010f: Obecn\u011b plat\u00ed, \u017ee 1-2 hodiny sta\u010d\u00ed. Jednor\u00e1zov\u00e9 cigarety jako JNR 10000 potah\u016f obvykle pot\u0159ebuj\u00ed k nabit\u00ed asi 1-2 hodiny. Vyhn\u011bte se p\u0159eb\u00edjen\u00ed a odpojte ji, kdy\u017e se zm\u011bn\u00ed barva kontrolky.<\/p>\n<p>Ot\u00e1zka: Lze jednor\u00e1zovou cigaretu JNR 10k poslat do m\u00e9 zem\u011b?<\/p>\n<p>Odpov\u011b\u010f: Ano, JNR tornado 10000 Vape m\u016f\u017eeme zaslat do v\u011bt\u0161iny evropsk\u00fdch zem\u00ed, v\u010detn\u011b, ale bez omezen\u00ed na, Nizozemsko, N\u011bmecko, Francii, \u0160pan\u011blsko, It\u00e1lii, Belgii, Lucembursko, Rakousko, \u010ceskou republiku, Slovensko, Ma\u010farsko, Slovinsko, Rumunsko, Bulharsko, \u0158ecko, Polsko, \u0160v\u00e9dsko, Irsko, Portugalsko, Finsko, Estonsko, Loty\u0161sko a Litvu. Pokud m\u00e1te jak\u00e9koli konkr\u00e9tn\u00ed dotazy ohledn\u011b doru\u010den\u00ed do va\u0161\u00ed zem\u011b, nev\u00e1hejte se na n\u00e1s obr\u00e1tit pro dal\u0161\u00ed pomoc.<\/p>\n<p><strong>Kontaktujte Lyn pro v\u00edce vide\u00ed o produktech!<\/strong><\/p>\n<p><a href=\"https:\/\/wa.me\/8617840853976\"><span style=\"color: #ff6600\"><strong><em>Whatsapp:+86 17840853976<\/em><\/strong><\/span><\/a><\/p>\n<p><img loading=\"lazy\" decoding=\"async\" class=\"alignnone size-medium wp-image-1905\" src=\"http:\/\/rmvapebang.com\/wp-content\/uploads\/2024\/03\/whatsapp-vape-2-202x300.jpg\" alt=\"\" width=\"202\" height=\"300\" \/><\/p>\n<p>Najd\u011bte dal\u0161\u00ed produkty, kter\u00e9 by se v\u00e1m mohly l\u00edbit:<a href=\"https:\/\/rmvapebang.com\/cs\/shop-page\/\"><strong><em>Nakupujte nyn\u00ed<\/em><\/strong><\/a><\/p>\n<p>Dal\u0161\u00ed potahy, kter\u00e9 by se v\u00e1m mohly l\u00edbit:<a href=\"https:\/\/rmvapebang.com\/cs\/product\/waspe-20000-puffs-wholesale-price-20k-vape\/\">Waspe 20k potah\u016f\/<\/a><a href=\"https:\/\/rmvapebang.com\/cs\/product\/bang-vape-30000-pro-bulk-sale-dual-flavors-full-screen\/\">bang vape 30k du\u00e1ln\u00ed p\u0159\u00edchut\u011b pln\u00e1 obrazovka vape<\/a>\/<a href=\"https:\/\/rmvapebang.com\/cs\/product\/bood-twins-46000-puff-discount-price-disposable-vape-hot-sale\/\">BOOD TWINS 46K potah\u016f<\/a>\/<a href=\"https:\/\/rmvapebang.com\/cs\/product\/vopk-cool-bar-9000-puffs-wholesale-price-discount-sale\/\">vopk 9000 potah\u016f<\/a>\/<a href=\"https:\/\/rmvapebang.com\/cs\/product\/uwin-crystal-10k-wholesale-vape-good-sale\/\">Uwin crystal 10000 potah\u016f<\/a><\/p>","protected":false},"excerpt":{"rendered":"<p><span style=\"color: #ff0000\"><strong>POZN\u00c1MKA<\/strong>:\u00a0<em>Ceny na webov\u00fdch str\u00e1nk\u00e1ch nezahrnuj\u00ed poplatek za dopravu. Za\u0161lete pros\u00edm sv\u00e9 PS\u010c a adresu, abychom pro v\u00e1s mohli zkontrolovat n\u00e1klady na dopravu.<\/em><\/span><\/p>\n<p>Vape JNR Alien 10000 Puffs nab\u00edz\u00ed 20ml e-liquid, 800mAh baterii, 44 p\u0159\u00edchut\u00ed, 2% \/ 5% nikotinu a RGB sv\u011btla. U\u017eijte si \u017eiv\u00e9, dlouhotrvaj\u00edc\u00ed vapov\u00e1n\u00ed za n\u00edzkou cenu!<\/p>\n<p><a href=\"https:\/\/wa.me\/8617840853976\"><strong><em>Whatsapp:+86 17840853976<\/em><\/strong><\/a><\/p>\n<p>Naskenujte QR k\u00f3d na Whatsapp pro kup\u00f3n pro nov\u00e9ho z\u00e1kazn\u00edka<\/p>\n<p><img loading=\"lazy\" decoding=\"async\" class=\"alignnone size-medium wp-image-1905\" src=\"http:\/\/rmvapebang.com\/wp-content\/uploads\/2024\/03\/whatsapp-vape-2-202x300.jpg\" alt=\"\" width=\"202\" height=\"300\" \/><\/p>","protected":false},"featured_media":3633,"comment_status":"open","ping_status":"closed","template":"","meta":{"_uag_custom_page_level_css":"","_lmt_disableupdate":"no","_lmt_disable":"","site-sidebar-layout":"no-sidebar","site-content-layout":"boxed-container","ast-site-content-layout":"normal-width-container","site-content-style":"boxed","site-sidebar-style":"boxed","ast-global-header-display":"","ast-banner-title-visibility":"","ast-main-header-display":"","ast-hfb-above-header-display":"","ast-hfb-below-header-display":"","ast-hfb-mobile-header-display":"","site-post-title":"","ast-breadcrumbs-content":"","ast-featured-img":"","footer-sml-layout":"","theme-transparent-header-meta":"default","adv-header-id-meta":"","stick-header-meta":"","header-above-stick-meta":"","header-main-stick-meta":"","header-below-stick-meta":"","astra-migrate-meta-layouts":"set","ast-page-background-enabled":"default","ast-page-background-meta":{"desktop":{"background-color":"","background-image":"","background-repeat":"repeat","background-position":"center center","background-size":"auto","background-attachment":"scroll","background-type":"","background-media":"","overlay-type":"","overlay-color":"","overlay-gradient":""},"tablet":{"background-color":"","background-image":"","background-repeat":"repeat","background-position":"center center","background-size":"auto","background-attachment":"scroll","background-type":"","background-media":"","overlay-type":"","overlay-color":"","overlay-gradient":""},"mobile":{"background-color":"","background-image":"","background-repeat":"repeat","background-position":"center center","background-size":"auto","background-attachment":"scroll","background-type":"","background-media":"","overlay-type":"","overlay-color":"","overlay-gradient":""}},"ast-content-background-meta":{"desktop":{"background-color":"var(--ast-global-color-5)","background-image":"","background-repeat":"repeat","background-position":"center center","background-size":"auto","background-attachment":"scroll","background-type":"","background-media":"","overlay-type":"","overlay-color":"","overlay-gradient":""},"tablet":{"background-color":"var(--ast-global-color-5)","background-image":"","background-repeat":"repeat","background-position":"center center","background-size":"auto","background-attachment":"scroll","background-type":"","background-media":"","overlay-type":"","overlay-color":"","overlay-gradient":""},"mobile":{"background-color":"var(--ast-global-color-5)","background-image":"","background-repeat":"repeat","background-position":"center center","background-size":"auto","background-attachment":"scroll","background-type":"","background-media":"","overlay-type":"","overlay-color":"","overlay-gradient":""}},"_joinchat":{"telephone":"+8617840853976"}},"product_brand":[],"product_cat":[39,135,41,42,40,86,43],"product_tag":[69,68,50,61,49,53,52],"class_list":{"0":"post-3637","1":"product","2":"type-product","3":"status-publish","4":"has-post-thumbnail","6":"product_cat-france-wholesale-vape","7":"product_cat-bulk-sale-jnr-vapes-europe","8":"product_cat-netherlands-wholesale-vape","9":"product_cat-spain-wholesale-vape","10":"product_cat-germany-wholesale-vape","11":"product_cat-vape-10000-puffs","12":"product_cat-vape-shop","13":"product_tag-10000-puffs","14":"product_tag-10k-puffs","15":"product_tag-bulk-price-vape-shop","16":"product_tag-good-sales-vape","17":"product_tag-minimum-order-quantity-100pcs","18":"product_tag-rechargeable-vape","19":"product_tag-vape-wholesasle-price","20":"desktop-align-left","21":"tablet-align-left","22":"mobile-align-left","24":"first","25":"instock","26":"sale","27":"shipping-taxable","28":"purchasable","29":"product-type-simple"},"yoast_head":"<!-- This site is optimized with the Yoast SEO plugin v23.0 - https:\/\/yoast.com\/wordpress\/plugins\/seo\/ -->\n<title>JNR Alien 10000 Puffs Low Price Hot Sale RGB Vape - rmvapebang.com<\/title>\n<meta name=\"description\" content=\"JNR Alien 10000 Puffs vape offers 20ml e-liquid, 850mAh battery, 44 flavors, and RGB light. Enjoy 2%\/5% nicotine at a low price. Buy now!\" \/>\n<meta name=\"robots\" content=\"index, follow, max-snippet:-1, max-image-preview:large, max-video-preview:-1\" \/>\n<link rel=\"canonical\" href=\"https:\/\/rmvapebang.com\/cs\/product\/jnr-alien-10000-puffs-low-price-hot-sale-rgb-vape\/\" \/>\n<meta property=\"og:locale\" content=\"cs_CZ\" \/>\n<meta property=\"og:type\" content=\"article\" \/>\n<meta property=\"og:title\" content=\"JNR Alien 10000 Puffs Low Price Hot Sale RGB Vape - rmvapebang.com\" \/>\n<meta property=\"og:description\" content=\"JNR Alien 10000 Puffs vape offers 20ml e-liquid, 850mAh battery, 44 flavors, and RGB light. Enjoy 2%\/5% nicotine at a low price. Buy now!\" \/>\n<meta property=\"og:url\" content=\"https:\/\/rmvapebang.com\/cs\/product\/jnr-alien-10000-puffs-low-price-hot-sale-rgb-vape\/\" \/>\n<meta property=\"og:site_name\" content=\"rmvapebang.com\" \/>\n<meta property=\"article:modified_time\" content=\"2025-09-03T09:08:33+00:00\" \/>\n<meta property=\"og:image\" content=\"https:\/\/rmvapebang.com\/wp-content\/uploads\/2025\/02\/JNR-ALIEN-VAPE-PUFFS-10K-TOP-SALE.webp\" \/>\n\t<meta property=\"og:image:width\" content=\"800\" \/>\n\t<meta property=\"og:image:height\" content=\"800\" \/>\n\t<meta property=\"og:image:type\" content=\"image\/webp\" \/>\n<meta name=\"twitter:card\" content=\"summary_large_image\" \/>\n<meta name=\"twitter:label1\" content=\"Odhadovan\u00e1 doba \u010dten\u00ed\" \/>\n\t<meta name=\"twitter:data1\" content=\"3 minuty\" \/>\n<script type=\"application\/ld+json\" class=\"yoast-schema-graph\">{\"@context\":\"https:\/\/schema.org\",\"@graph\":[{\"@type\":\"WebPage\",\"@id\":\"https:\/\/rmvapebang.com\/hu\/product\/jnr-alien-10000-puffs-low-price-hot-sale-rgb-vape\/\",\"url\":\"https:\/\/rmvapebang.com\/hu\/product\/jnr-alien-10000-puffs-low-price-hot-sale-rgb-vape\/\",\"name\":\"JNR Alien 10000 Puffs Low Price Hot Sale RGB Vape - rmvapebang.com\",\"isPartOf\":{\"@id\":\"https:\/\/rmvapebang.com\/#website\"},\"primaryImageOfPage\":{\"@id\":\"https:\/\/rmvapebang.com\/hu\/product\/jnr-alien-10000-puffs-low-price-hot-sale-rgb-vape\/#primaryimage\"},\"image\":{\"@id\":\"https:\/\/rmvapebang.com\/hu\/product\/jnr-alien-10000-puffs-low-price-hot-sale-rgb-vape\/#primaryimage\"},\"thumbnailUrl\":\"https:\/\/rmvapebang.com\/wp-content\/uploads\/2025\/02\/JNR-ALIEN-VAPE-PUFFS-10K-TOP-SALE.webp\",\"datePublished\":\"2025-02-15T05:35:44+00:00\",\"dateModified\":\"2025-09-03T09:08:33+00:00\",\"description\":\"JNR Alien 10000 Puffs vape offers 20ml e-liquid, 850mAh battery, 44 flavors, and RGB light. Enjoy 2%\/5% nicotine at a low price. Buy now!\",\"breadcrumb\":{\"@id\":\"https:\/\/rmvapebang.com\/hu\/product\/jnr-alien-10000-puffs-low-price-hot-sale-rgb-vape\/#breadcrumb\"},\"inLanguage\":\"cs\",\"potentialAction\":[{\"@type\":\"ReadAction\",\"target\":[\"https:\/\/rmvapebang.com\/hu\/product\/jnr-alien-10000-puffs-low-price-hot-sale-rgb-vape\/\"]}]},{\"@type\":\"ImageObject\",\"inLanguage\":\"cs\",\"@id\":\"https:\/\/rmvapebang.com\/hu\/product\/jnr-alien-10000-puffs-low-price-hot-sale-rgb-vape\/#primaryimage\",\"url\":\"https:\/\/rmvapebang.com\/wp-content\/uploads\/2025\/02\/JNR-ALIEN-VAPE-PUFFS-10K-TOP-SALE.webp\",\"contentUrl\":\"https:\/\/rmvapebang.com\/wp-content\/uploads\/2025\/02\/JNR-ALIEN-VAPE-PUFFS-10K-TOP-SALE.webp\",\"width\":800,\"height\":800,\"caption\":\"JNR ALIEN VAPE PUFFS 10K TOP SALE\"},{\"@type\":\"BreadcrumbList\",\"@id\":\"https:\/\/rmvapebang.com\/hu\/product\/jnr-alien-10000-puffs-low-price-hot-sale-rgb-vape\/#breadcrumb\",\"itemListElement\":[{\"@type\":\"ListItem\",\"position\":1,\"name\":\"Home\",\"item\":\"https:\/\/rmvapebang.com\/\"},{\"@type\":\"ListItem\",\"position\":2,\"name\":\"Hot Vape Shop\",\"item\":\"https:\/\/rmvapebang.com\/shop-page\/\"},{\"@type\":\"ListItem\",\"position\":3,\"name\":\"JNR Alien 10000 Puffs Low Price Hot Sale RGB Vape\"}]},{\"@type\":\"WebSite\",\"@id\":\"https:\/\/rmvapebang.com\/#website\",\"url\":\"https:\/\/rmvapebang.com\/\",\"name\":\"rmvapebang.com\",\"description\":\"buy vape cheap\",\"publisher\":{\"@id\":\"https:\/\/rmvapebang.com\/#organization\"},\"potentialAction\":[{\"@type\":\"SearchAction\",\"target\":{\"@type\":\"EntryPoint\",\"urlTemplate\":\"https:\/\/rmvapebang.com\/?s={search_term_string}\"},\"query-input\":\"required name=search_term_string\"}],\"inLanguage\":\"cs\"},{\"@type\":\"Organization\",\"@id\":\"https:\/\/rmvapebang.com\/#organization\",\"name\":\"rmvapebang.com\",\"url\":\"https:\/\/rmvapebang.com\/\",\"logo\":{\"@type\":\"ImageObject\",\"inLanguage\":\"cs\",\"@id\":\"https:\/\/rmvapebang.com\/#\/schema\/logo\/image\/\",\"url\":\"https:\/\/rmvapebang.com\/wp-content\/uploads\/2024\/03\/cropped-RVBlogo.png\",\"contentUrl\":\"https:\/\/rmvapebang.com\/wp-content\/uploads\/2024\/03\/cropped-RVBlogo.png\",\"width\":507,\"height\":169,\"caption\":\"rmvapebang.com\"},\"image\":{\"@id\":\"https:\/\/rmvapebang.com\/#\/schema\/logo\/image\/\"}}]}<\/script>\n<!-- \/ Yoast SEO plugin. -->","yoast_head_json":{"title":"JNR Alien 10000 Puffs Low Price Hot Sale RGB Vape - rmvapebang.com","description":"JNR Alien 10000 Puffs vape offers 20ml e-liquid, 850mAh battery, 44 flavors, and RGB light. Enjoy 2%\/5% nicotine at a low price. Buy now!","robots":{"index":"index","follow":"follow","max-snippet":"max-snippet:-1","max-image-preview":"max-image-preview:large","max-video-preview":"max-video-preview:-1"},"canonical":"https:\/\/rmvapebang.com\/cs\/product\/jnr-alien-10000-puffs-low-price-hot-sale-rgb-vape\/","og_locale":"cs_CZ","og_type":"article","og_title":"JNR Alien 10000 Puffs Low Price Hot Sale RGB Vape - rmvapebang.com","og_description":"JNR Alien 10000 Puffs vape offers 20ml e-liquid, 850mAh battery, 44 flavors, and RGB light. Enjoy 2%\/5% nicotine at a low price. Buy now!","og_url":"https:\/\/rmvapebang.com\/cs\/product\/jnr-alien-10000-puffs-low-price-hot-sale-rgb-vape\/","og_site_name":"rmvapebang.com","article_modified_time":"2025-09-03T09:08:33+00:00","og_image":[{"width":800,"height":800,"url":"https:\/\/rmvapebang.com\/wp-content\/uploads\/2025\/02\/JNR-ALIEN-VAPE-PUFFS-10K-TOP-SALE.webp","type":"image\/webp"}],"twitter_card":"summary_large_image","twitter_misc":{"Odhadovan\u00e1 doba \u010dten\u00ed":"3 minuty"},"schema":{"@context":"https:\/\/schema.org","@graph":[{"@type":"WebPage","@id":"https:\/\/rmvapebang.com\/hu\/product\/jnr-alien-10000-puffs-low-price-hot-sale-rgb-vape\/","url":"https:\/\/rmvapebang.com\/hu\/product\/jnr-alien-10000-puffs-low-price-hot-sale-rgb-vape\/","name":"JNR Alien 10000 Puffs Low Price Hot Sale RGB Vape - rmvapebang.com","isPartOf":{"@id":"https:\/\/rmvapebang.com\/#website"},"primaryImageOfPage":{"@id":"https:\/\/rmvapebang.com\/hu\/product\/jnr-alien-10000-puffs-low-price-hot-sale-rgb-vape\/#primaryimage"},"image":{"@id":"https:\/\/rmvapebang.com\/hu\/product\/jnr-alien-10000-puffs-low-price-hot-sale-rgb-vape\/#primaryimage"},"thumbnailUrl":"https:\/\/rmvapebang.com\/wp-content\/uploads\/2025\/02\/JNR-ALIEN-VAPE-PUFFS-10K-TOP-SALE.webp","datePublished":"2025-02-15T05:35:44+00:00","dateModified":"2025-09-03T09:08:33+00:00","description":"JNR Alien 10000 Puffs vape offers 20ml e-liquid, 850mAh battery, 44 flavors, and RGB light. Enjoy 2%\/5% nicotine at a low price. Buy now!","breadcrumb":{"@id":"https:\/\/rmvapebang.com\/hu\/product\/jnr-alien-10000-puffs-low-price-hot-sale-rgb-vape\/#breadcrumb"},"inLanguage":"cs","potentialAction":[{"@type":"ReadAction","target":["https:\/\/rmvapebang.com\/hu\/product\/jnr-alien-10000-puffs-low-price-hot-sale-rgb-vape\/"]}]},{"@type":"ImageObject","inLanguage":"cs","@id":"https:\/\/rmvapebang.com\/hu\/product\/jnr-alien-10000-puffs-low-price-hot-sale-rgb-vape\/#primaryimage","url":"https:\/\/rmvapebang.com\/wp-content\/uploads\/2025\/02\/JNR-ALIEN-VAPE-PUFFS-10K-TOP-SALE.webp","contentUrl":"https:\/\/rmvapebang.com\/wp-content\/uploads\/2025\/02\/JNR-ALIEN-VAPE-PUFFS-10K-TOP-SALE.webp","width":800,"height":800,"caption":"JNR ALIEN VAPE PUFFS 10K TOP SALE"},{"@type":"BreadcrumbList","@id":"https:\/\/rmvapebang.com\/hu\/product\/jnr-alien-10000-puffs-low-price-hot-sale-rgb-vape\/#breadcrumb","itemListElement":[{"@type":"ListItem","position":1,"name":"Home","item":"https:\/\/rmvapebang.com\/"},{"@type":"ListItem","position":2,"name":"Hot Vape Shop","item":"https:\/\/rmvapebang.com\/shop-page\/"},{"@type":"ListItem","position":3,"name":"JNR Alien 10000 Puffs Low Price Hot Sale RGB Vape"}]},{"@type":"WebSite","@id":"https:\/\/rmvapebang.com\/#website","url":"https:\/\/rmvapebang.com\/","name":"rmvapebang.com","description":"buy vape cheap","publisher":{"@id":"https:\/\/rmvapebang.com\/#organization"},"potentialAction":[{"@type":"SearchAction","target":{"@type":"EntryPoint","urlTemplate":"https:\/\/rmvapebang.com\/?s={search_term_string}"},"query-input":"required name=search_term_string"}],"inLanguage":"cs"},{"@type":"Organization","@id":"https:\/\/rmvapebang.com\/#organization","name":"rmvapebang.com","url":"https:\/\/rmvapebang.com\/","logo":{"@type":"ImageObject","inLanguage":"cs","@id":"https:\/\/rmvapebang.com\/#\/schema\/logo\/image\/","url":"https:\/\/rmvapebang.com\/wp-content\/uploads\/2024\/03\/cropped-RVBlogo.png","contentUrl":"https:\/\/rmvapebang.com\/wp-content\/uploads\/2024\/03\/cropped-RVBlogo.png","width":507,"height":169,"caption":"rmvapebang.com"},"image":{"@id":"https:\/\/rmvapebang.com\/#\/schema\/logo\/image\/"}}]}},"uagb_featured_image_src":{"full":["https:\/\/rmvapebang.com\/wp-content\/uploads\/2025\/02\/JNR-ALIEN-VAPE-PUFFS-10K-TOP-SALE.webp",800,800,false],"thumbnail":["https:\/\/rmvapebang.com\/wp-content\/uploads\/2025\/02\/JNR-ALIEN-VAPE-PUFFS-10K-TOP-SALE-150x150.webp",150,150,true],"medium":["https:\/\/rmvapebang.com\/wp-content\/uploads\/2025\/02\/JNR-ALIEN-VAPE-PUFFS-10K-TOP-SALE-300x300.webp",300,300,true],"medium_large":["https:\/\/rmvapebang.com\/wp-content\/uploads\/2025\/02\/JNR-ALIEN-VAPE-PUFFS-10K-TOP-SALE-768x768.webp",768,768,true],"large":["https:\/\/rmvapebang.com\/wp-content\/uploads\/2025\/02\/JNR-ALIEN-VAPE-PUFFS-10K-TOP-SALE.webp",800,800,false],"1536x1536":["https:\/\/rmvapebang.com\/wp-content\/uploads\/2025\/02\/JNR-ALIEN-VAPE-PUFFS-10K-TOP-SALE.webp",800,800,false],"2048x2048":["https:\/\/rmvapebang.com\/wp-content\/uploads\/2025\/02\/JNR-ALIEN-VAPE-PUFFS-10K-TOP-SALE.webp",800,800,false],"trp-custom-language-flag":["https:\/\/rmvapebang.com\/wp-content\/uploads\/2025\/02\/JNR-ALIEN-VAPE-PUFFS-10K-TOP-SALE.webp",12,12,false],"woocommerce_thumbnail":["https:\/\/rmvapebang.com\/wp-content\/uploads\/2025\/02\/JNR-ALIEN-VAPE-PUFFS-10K-TOP-SALE-300x300.webp",300,300,true],"woocommerce_single":["https:\/\/rmvapebang.com\/wp-content\/uploads\/2025\/02\/JNR-ALIEN-VAPE-PUFFS-10K-TOP-SALE-600x600.webp",600,600,true],"woocommerce_gallery_thumbnail":["https:\/\/rmvapebang.com\/wp-content\/uploads\/2025\/02\/JNR-ALIEN-VAPE-PUFFS-10K-TOP-SALE-100x100.webp",100,100,true],"wcpr-photo-reviews":["https:\/\/rmvapebang.com\/wp-content\/uploads\/2025\/02\/JNR-ALIEN-VAPE-PUFFS-10K-TOP-SALE.webp",500,500,false]},"uagb_author_info":{"display_name":"Lyn","author_link":"https:\/\/rmvapebang.com\/cs\/author\/"},"uagb_comment_info":0,"uagb_excerpt":"NOTE:\u00a0Prices on the website don\u2019t include shipping fee. Please send your zip code and address that we can check shipping costs for you. JNR Alien 10000 Puffs vape offers 20ml e-liquid, 800mAh battery, 44 flavors, 2%\/5% nicotine, and RGB lights. Enjoy vibrant, long-lasting vaping at a low price! Whatsapp:+86 17840853976 Scan on whatsapp for New&hellip;","_links":{"self":[{"href":"https:\/\/rmvapebang.com\/cs\/wp-json\/wp\/v2\/product\/3637","targetHints":{"allow":["GET"]}}],"collection":[{"href":"https:\/\/rmvapebang.com\/cs\/wp-json\/wp\/v2\/product"}],"about":[{"href":"https:\/\/rmvapebang.com\/cs\/wp-json\/wp\/v2\/types\/product"}],"replies":[{"embeddable":true,"href":"https:\/\/rmvapebang.com\/cs\/wp-json\/wp\/v2\/comments?post=3637"}],"wp:featuredmedia":[{"embeddable":true,"href":"https:\/\/rmvapebang.com\/cs\/wp-json\/wp\/v2\/media\/3633"}],"wp:attachment":[{"href":"https:\/\/rmvapebang.com\/cs\/wp-json\/wp\/v2\/media?parent=3637"}],"wp:term":[{"taxonomy":"product_brand","embeddable":true,"href":"https:\/\/rmvapebang.com\/cs\/wp-json\/wp\/v2\/product_brand?post=3637"},{"taxonomy":"product_cat","embeddable":true,"href":"https:\/\/rmvapebang.com\/cs\/wp-json\/wp\/v2\/product_cat?post=3637"},{"taxonomy":"product_tag","embeddable":true,"href":"https:\/\/rmvapebang.com\/cs\/wp-json\/wp\/v2\/product_tag?post=3637"}],"curies":[{"name":"wp","href":"https:\/\/api.w.org\/{rel}","templated":true}]}}