{"id":2124,"date":"2024-04-17T15:41:17","date_gmt":"2024-04-17T07:41:17","guid":{"rendered":"https:\/\/rmvapebang.com\/?post_type=product&#038;p=2124"},"modified":"2024-12-14T17:15:04","modified_gmt":"2024-12-14T09:15:04","slug":"utco-e-cigarette-9000-puffs-wholesale-price-9k-vape","status":"publish","type":"product","link":"https:\/\/rmvapebang.com\/cs\/product\/utco-e-cigarette-9000-puffs-wholesale-price-9k-vape\/","title":{"rendered":"UTCO E-cigareta 9000 PUFFS velkoobchodn\u00ed cena 9k Vape"},"content":{"rendered":"<h1>UTCO E-cigareta 9000 PUFFS velkoobchodn\u00ed cena 9k Vape<\/h1>\n<div class=\"flex-1 overflow-hidden\">\n<div class=\"react-scroll-to-bottom--css-rkeqe-79elbk h-full\">\n<div class=\"react-scroll-to-bottom--css-rkeqe-1n7m0yu\">\n<div class=\"flex flex-col text-sm pb-9\">\n<div class=\"w-full text-token-text-primary\" data-testid=\"conversation-turn-7\">\n<div class=\"px-4 py-2 justify-center text-base md:gap-6 m-auto\">\n<div class=\"flex flex-1 text-base mx-auto gap-3 md:px-5 lg:px-1 xl:px-5 md:max-w-3xl lg:max-w-[40rem] xl:max-w-[48rem] group final-completion\">\n<div class=\"relative flex w-full flex-col agent-turn\">\n<div class=\"flex-col gap-1 md:gap-3\">\n<div class=\"flex flex-grow flex-col max-w-full\">\n<div class=\"min-h-[20px] text-message flex flex-col items-start gap-3 whitespace-pre-wrap break-words [.text-message+&amp;]:mt-5 overflow-x-auto\" data-message-author-role=\"assistant\" data-message-id=\"a1f3b89f-a1c9-497d-a989-579b96e752e6\">\n<div class=\"markdown prose w-full break-words dark:prose-invert light\">\n<p>UTCO E-cigareta 9000 PUFFS Hot Sales 9k Vape, kl\u00ed\u010dovou technologi\u00ed UTCO je jej\u00ed vysoce kvalitn\u00ed receptura nikotinov\u00e9 soli, kter\u00e1 je k dispozici v koncentrac\u00edch 2% a 5% jako voliteln\u00e9 mo\u017enosti, co\u017e zaru\u010duje plynul\u00fd a pohodln\u00fd z\u00e1\u017eitek. UTCO 850mAh a velk\u00e1 kapacita e-liquidu 18ml v\u00e1m umo\u017en\u00ed u\u017e\u00edvat si kou\u0159en\u00ed po dlouhou dobu, ani\u017e by se zvy\u0161ovaly pot\u00ed\u017ee s v\u00fdm\u011bnou e-liquidu a dob\u00edjen\u00edm. Nechte si u\u017e\u00edt kou\u0159en\u00ed s v\u011bt\u0161\u00edm klidem.<\/p>\n<p>Nastaviteln\u00fd syst\u00e9m proud\u011bn\u00ed vzduchu, kter\u00fd ovl\u00e1d\u00e1 UTCO, lze p\u0159esn\u011b p\u0159izp\u016fsobit va\u0161im ku\u0159\u00e1ck\u00fdm n\u00e1vyk\u016fm, co\u017e u\u017eivatel\u016fm umo\u017e\u0148uje p\u0159izp\u016fsobit si styl potahov\u00e1n\u00ed. Krom\u011b toho 6barevn\u00e9 RGB osv\u011btlen\u00ed dod\u00e1v\u00e1 va\u0161emu za\u0159\u00edzen\u00ed personalizaci a styl. Tento tak\u00e9 nab\u00edz\u00ed 50 p\u0159\u00edchut\u00ed na v\u00fdb\u011br. Jedn\u00e1 se o nejnov\u011bj\u0161\u00ed styl a je nyn\u00ed velmi popul\u00e1rn\u00ed na trhu.<\/p>\n<p><img loading=\"lazy\" decoding=\"async\" class=\"size-medium wp-image-2128\" src=\"http:\/\/rmvapebang.com\/wp-content\/uploads\/2024\/04\/UTCO-e-cigarette-PUFF-9000-good-price-300x235.jpg\" alt=\"UTCO vape POTAH 9K dobr\u00e1 cena\" width=\"300\" height=\"235\" srcset=\"https:\/\/rmvapebang.com\/wp-content\/uploads\/2024\/04\/UTCO-e-cigarette-PUFF-9000-good-price-300x235.jpg 300w, https:\/\/rmvapebang.com\/wp-content\/uploads\/2024\/04\/UTCO-e-cigarette-PUFF-9000-good-price-1024x801.jpg 1024w, https:\/\/rmvapebang.com\/wp-content\/uploads\/2024\/04\/UTCO-e-cigarette-PUFF-9000-good-price-768x601.jpg 768w, https:\/\/rmvapebang.com\/wp-content\/uploads\/2024\/04\/UTCO-e-cigarette-PUFF-9000-good-price-1536x1202.jpg 1536w, https:\/\/rmvapebang.com\/wp-content\/uploads\/2024\/04\/UTCO-e-cigarette-PUFF-9000-good-price-2048x1603.jpg 2048w, https:\/\/rmvapebang.com\/wp-content\/uploads\/2024\/04\/UTCO-e-cigarette-PUFF-9000-good-price-600x470.jpg 600w\" sizes=\"auto, (max-width: 300px) 100vw, 300px\" \/><\/p>\n<\/div>\n<\/div>\n<\/div>\n<\/div>\n<\/div>\n<\/div>\n<\/div>\n<\/div>\n<\/div>\n<\/div>\n<\/div>\n<\/div>\n<h2><strong>Jak\u00e9 jsou p\u0159\u00edchut\u011b pro 9K pot\u00e1hnut\u00ed s 2% a 5% nikotinu?<\/strong><\/h2>\n<p>1 Bor\u016fvka Malina<br \/>\nPan Modr\u00fd<br \/>\n3 Jahoda Meloun<br \/>\n4 Pomeran\u010dov\u00e1 limon\u00e1da<br \/>\n5 Melounov\u00e1 \u017ev\u00fdka\u010dka<br \/>\n6 Duhov\u00fd bonbon<br \/>\n7 R\u016f\u017eov\u00e1 limon\u00e1da<br \/>\n8 Broskev Mango Ananas<br \/>\n9 Jahoda Ban\u00e1n<br \/>\n10 Meloun s ledem<br \/>\n11 \u010cern\u00fd drak s ledem<br \/>\n12 Aloe Hrozen<br \/>\n13 Jahoda Hrozen<br \/>\n14 Citron Limetka<br \/>\n15 Ledov\u00fd Nanuk<br \/>\n16 Bor\u016fvka na ledu<br \/>\n17 Modr\u00e1 malina led<br \/>\n18 Sm\u00ed\u0161en\u00e9 bobule<br \/>\n19 T\u0159e\u0161\u0148ov\u00e1 Cola<br \/>\n20 Jahoda Mango<br \/>\n21 Kiwi Mu\u010denka Guava<br \/>\n22 \u010cern\u00fd led<\/p>\n<p><span style=\"font-size: 1.7em;font-weight: bold\">Specifikace pro UTCO E-cigaretu 9K potah\u016f:<\/span><\/p>\n<p>\u2013 9k potah\u016f<br \/>\n\u2013 50 p\u0159\u00edchut\u00ed<br \/>\n\u2013 2%\/5% s\u00edla nikotinu<br \/>\n\u2013 Kapacita e-liquidu 18 ml<br \/>\n\u2013 Kapacita baterie 850 mAh<\/p>\n<h3>\u010casto kladen\u00e9 ot\u00e1zky:<\/h3>\n<p>Ot\u00e1zka: Jak\u00e9 je minim\u00e1ln\u00ed mno\u017estv\u00ed pro objedn\u00e1n\u00ed (MOQ) vapu?<\/p>\n<p>O: Minim\u00e1ln\u00ed objedn\u00e1vkov\u00e9 mno\u017estv\u00ed (MOQ) pro UTCO E-cigaretu 9000 potah\u016f je 50 kus\u016f.<\/p>\n<p>O: Jak\u00e1 je dodac\u00ed lh\u016fta pro UTCO E-cigaretu 9K potah\u016f, kterou jsem si objednal?<\/p>\n<p>O: Obvykle je dodac\u00ed lh\u016fta pro UTCO E-cigaretu 9K potah\u016f 10-15 dn\u00ed po odesl\u00e1n\u00ed.<\/p>\n<p>O: Kolik stoj\u00ed po\u0161tovn\u00e9 za UTCO E-cigaretu 9000?<\/p>\n<p>Odpov\u011b\u010f: N\u00e1klady na dopravu se li\u0161\u00ed v z\u00e1vislosti na hmotnosti objedn\u00e1vky. R\u016fzn\u00e1 mno\u017estv\u00ed mohou m\u00edt r\u016fzn\u00e9 n\u00e1klady na dopravu. Pros\u00edm, kontaktujte n\u00e1s, abychom potvrdili n\u00e1klady na dopravu pro va\u0161i konkr\u00e9tn\u00ed objedn\u00e1vku.<\/p>\n<p>O: Lze UTCO E-cigaretu 9000 potah\u016f zaslat do m\u00e9 zem\u011b?<\/p>\n<p>O: Ano, UTCO E-cigaretu 9000 potah\u016f m\u016f\u017eeme zaslat do v\u011bt\u0161iny evropsk\u00fdch zem\u00ed, v\u010detn\u011b Nizozemska, N\u011bmecka, Francie, \u0160pan\u011blska, It\u00e1lie, Belgie, Lucemburska, Rakouska, \u010cesk\u00e9 republiky, Slovenska, Ma\u010farska, Slovinska, Rumunska, Bulharska, \u0158ecka, Polska, \u0160v\u00e9dska, Irska, Portugalska, Finska, Estonska, Loty\u0161ska a Litvy. Pokud m\u00e1te n\u011bjak\u00e9 konkr\u00e9tn\u00ed dotazy ohledn\u011b doru\u010den\u00ed do va\u0161\u00ed zem\u011b, nev\u00e1hejte n\u00e1s kontaktovat.<\/p>\n<p><strong>Kontaktujte Lyn pro v\u00edce vide\u00ed o produktech!<\/strong><\/p>\n<p><a href=\"https:\/\/wa.me\/8617840853976\"><span style=\"color: #ff6600\"><strong><em>Whatsapp:+86 17840853976<\/em><\/strong><\/span><\/a><\/p>\n<p><img loading=\"lazy\" decoding=\"async\" class=\"alignnone size-medium wp-image-1905\" src=\"http:\/\/rmvapebang.com\/wp-content\/uploads\/2024\/03\/whatsapp-vape-2-202x300.jpg\" alt=\"\" width=\"202\" height=\"300\" \/><\/p>\n<p>Najd\u011bte dal\u0161\u00ed produkty, kter\u00e9 by se v\u00e1m mohly l\u00edbit:<a href=\"https:\/\/rmvapebang.com\/cs\/shop-page\/\"><strong><em>Nakupujte nyn\u00ed<\/em><\/strong><\/a><\/p>\n<p>Dal\u0161\u00ed potahy, kter\u00e9 by se v\u00e1m mohly l\u00edbit:<\/p>\n<p><span style=\"color: #ff0000\"><strong>Pozn\u00e1mka: V\u0161echny ceny produkt\u016f nezahrnuj\u00ed n\u00e1klady na dopravu!!!<\/strong><\/span><\/p>","protected":false},"excerpt":{"rendered":"<p>UTCO E-cigareta 9000 pot\u00e1hnut\u00ed Velkoobchodn\u00ed cena Vape dob\u00edjec\u00ed<\/p>\n<p>Elektronick\u00e1 cigareta UTCO 9000 Puffs je velkokapacitn\u00ed dob\u00edjec\u00ed za\u0159\u00edzen\u00ed na e-kou\u0159en\u00ed, kter\u00e9 nab\u00edz\u00ed 9000 pot\u00e1hnut\u00ed s 50 p\u0159\u00edchut\u011bmi a \u00farovn\u011bmi nikotinu 2% \/ 5%.<\/p>\n<p><strong><em>Whatsapp:<a href=\"https:\/\/wa.me\/8617840853976\">+86 17840853976<\/a><\/em><\/strong><\/p>\n<p>Naskenujte QR k\u00f3d na Whatsapp pro kup\u00f3n pro nov\u00e9ho z\u00e1kazn\u00edka<\/p>\n<p><img loading=\"lazy\" decoding=\"async\" class=\"alignnone size-medium wp-image-1905\" src=\"http:\/\/rmvapebang.com\/wp-content\/uploads\/2024\/03\/whatsapp-vape-2-202x300.jpg\" alt=\"\" width=\"202\" height=\"300\" \/><\/p>","protected":false},"featured_media":2126,"comment_status":"open","ping_status":"closed","template":"","meta":{"_uag_custom_page_level_css":"","_lmt_disableupdate":"no","_lmt_disable":"","site-sidebar-layout":"no-sidebar","site-content-layout":"boxed-container","ast-site-content-layout":"normal-width-container","site-content-style":"boxed","site-sidebar-style":"boxed","ast-global-header-display":"","ast-banner-title-visibility":"","ast-main-header-display":"","ast-hfb-above-header-display":"","ast-hfb-below-header-display":"","ast-hfb-mobile-header-display":"","site-post-title":"","ast-breadcrumbs-content":"","ast-featured-img":"","footer-sml-layout":"","theme-transparent-header-meta":"default","adv-header-id-meta":"","stick-header-meta":"","header-above-stick-meta":"","header-main-stick-meta":"","header-below-stick-meta":"","astra-migrate-meta-layouts":"set","ast-page-background-enabled":"default","ast-page-background-meta":{"desktop":{"background-color":"","background-image":"","background-repeat":"repeat","background-position":"center center","background-size":"auto","background-attachment":"scroll","background-type":"","background-media":"","overlay-type":"","overlay-color":"","overlay-gradient":""},"tablet":{"background-color":"","background-image":"","background-repeat":"repeat","background-position":"center center","background-size":"auto","background-attachment":"scroll","background-type":"","background-media":"","overlay-type":"","overlay-color":"","overlay-gradient":""},"mobile":{"background-color":"","background-image":"","background-repeat":"repeat","background-position":"center center","background-size":"auto","background-attachment":"scroll","background-type":"","background-media":"","overlay-type":"","overlay-color":"","overlay-gradient":""}},"ast-content-background-meta":{"desktop":{"background-color":"var(--ast-global-color-5)","background-image":"","background-repeat":"repeat","background-position":"center center","background-size":"auto","background-attachment":"scroll","background-type":"","background-media":"","overlay-type":"","overlay-color":"","overlay-gradient":""},"tablet":{"background-color":"var(--ast-global-color-5)","background-image":"","background-repeat":"repeat","background-position":"center center","background-size":"auto","background-attachment":"scroll","background-type":"","background-media":"","overlay-type":"","overlay-color":"","overlay-gradient":""},"mobile":{"background-color":"var(--ast-global-color-5)","background-image":"","background-repeat":"repeat","background-position":"center center","background-size":"auto","background-attachment":"scroll","background-type":"","background-media":"","overlay-type":"","overlay-color":"","overlay-gradient":""}},"_joinchat":[]},"product_brand":[],"product_cat":[15],"product_tag":[],"class_list":{"0":"post-2124","1":"product","2":"type-product","3":"status-publish","4":"has-post-thumbnail","6":"product_cat-eu-warehouse","7":"desktop-align-left","8":"tablet-align-left","9":"mobile-align-left","11":"first","12":"outofstock","13":"sale","14":"shipping-taxable","15":"purchasable","16":"product-type-simple"},"yoast_head":"<!-- This site is optimized with the Yoast SEO plugin v23.0 - https:\/\/yoast.com\/wordpress\/plugins\/seo\/ -->\n<title>UTCO E-cigarette 9000 PUFFS Wholesale Price 9k Vape - rmvapebang.com<\/title>\n<meta name=\"description\" content=\"UTCO E-cigarette 9000 Puffs Wholesale Price 9K Puffs Vape\uff0c2% and 5% nicotine to choose. Contact now to get Wholesale Fast Price of UTCO 9000 vape!\" \/>\n<meta name=\"robots\" content=\"index, follow, max-snippet:-1, max-image-preview:large, max-video-preview:-1\" \/>\n<link rel=\"canonical\" href=\"https:\/\/rmvapebang.com\/cs\/product\/utco-e-cigarette-9000-puffs-wholesale-price-9k-vape\/\" \/>\n<meta property=\"og:locale\" content=\"cs_CZ\" \/>\n<meta property=\"og:type\" content=\"article\" \/>\n<meta property=\"og:title\" content=\"UTCO E-cigarette 9000 PUFFS Wholesale Price 9k Vape - rmvapebang.com\" \/>\n<meta property=\"og:description\" content=\"UTCO E-cigarette 9000 Puffs Wholesale Price 9K Puffs Vape\uff0c2% and 5% nicotine to choose. Contact now to get Wholesale Fast Price of UTCO 9000 vape!\" \/>\n<meta property=\"og:url\" content=\"https:\/\/rmvapebang.com\/cs\/product\/utco-e-cigarette-9000-puffs-wholesale-price-9k-vape\/\" \/>\n<meta property=\"og:site_name\" content=\"rmvapebang.com\" \/>\n<meta property=\"article:modified_time\" content=\"2024-12-14T09:15:04+00:00\" \/>\n<meta property=\"og:image\" content=\"https:\/\/rmvapebang.com\/wp-content\/uploads\/2024\/04\/UTCO-e-cigarette-9000-PUFFS-good-price.jpg\" \/>\n\t<meta property=\"og:image:width\" content=\"1600\" \/>\n\t<meta property=\"og:image:height\" content=\"1600\" \/>\n\t<meta property=\"og:image:type\" content=\"image\/jpeg\" \/>\n<meta name=\"twitter:card\" content=\"summary_large_image\" \/>\n<meta name=\"twitter:label1\" content=\"Odhadovan\u00e1 doba \u010dten\u00ed\" \/>\n\t<meta name=\"twitter:data1\" content=\"3 minuty\" \/>\n<script type=\"application\/ld+json\" class=\"yoast-schema-graph\">{\"@context\":\"https:\/\/schema.org\",\"@graph\":[{\"@type\":\"WebPage\",\"@id\":\"https:\/\/rmvapebang.com\/product\/utco-e-cigarette-9000-puffs-wholesale-price-9k-vape\/\",\"url\":\"https:\/\/rmvapebang.com\/product\/utco-e-cigarette-9000-puffs-wholesale-price-9k-vape\/\",\"name\":\"UTCO E-cigarette 9000 PUFFS Wholesale Price 9k Vape - rmvapebang.com\",\"isPartOf\":{\"@id\":\"https:\/\/rmvapebang.com\/#website\"},\"primaryImageOfPage\":{\"@id\":\"https:\/\/rmvapebang.com\/product\/utco-e-cigarette-9000-puffs-wholesale-price-9k-vape\/#primaryimage\"},\"image\":{\"@id\":\"https:\/\/rmvapebang.com\/product\/utco-e-cigarette-9000-puffs-wholesale-price-9k-vape\/#primaryimage\"},\"thumbnailUrl\":\"https:\/\/rmvapebang.com\/wp-content\/uploads\/2024\/04\/UTCO-e-cigarette-9000-PUFFS-good-price.jpg\",\"datePublished\":\"2024-04-17T07:41:17+00:00\",\"dateModified\":\"2024-12-14T09:15:04+00:00\",\"description\":\"UTCO E-cigarette 9000 Puffs Wholesale Price 9K Puffs Vape\uff0c2% and 5% nicotine to choose. Contact now to get Wholesale Fast Price of UTCO 9000 vape!\",\"breadcrumb\":{\"@id\":\"https:\/\/rmvapebang.com\/product\/utco-e-cigarette-9000-puffs-wholesale-price-9k-vape\/#breadcrumb\"},\"inLanguage\":\"cs\",\"potentialAction\":[{\"@type\":\"ReadAction\",\"target\":[\"https:\/\/rmvapebang.com\/product\/utco-e-cigarette-9000-puffs-wholesale-price-9k-vape\/\"]}]},{\"@type\":\"ImageObject\",\"inLanguage\":\"cs\",\"@id\":\"https:\/\/rmvapebang.com\/product\/utco-e-cigarette-9000-puffs-wholesale-price-9k-vape\/#primaryimage\",\"url\":\"https:\/\/rmvapebang.com\/wp-content\/uploads\/2024\/04\/UTCO-e-cigarette-9000-PUFFS-good-price.jpg\",\"contentUrl\":\"https:\/\/rmvapebang.com\/wp-content\/uploads\/2024\/04\/UTCO-e-cigarette-9000-PUFFS-good-price.jpg\",\"width\":1600,\"height\":1600,\"caption\":\"UTCO e-cigarette 9000 PUFFS good price\"},{\"@type\":\"BreadcrumbList\",\"@id\":\"https:\/\/rmvapebang.com\/product\/utco-e-cigarette-9000-puffs-wholesale-price-9k-vape\/#breadcrumb\",\"itemListElement\":[{\"@type\":\"ListItem\",\"position\":1,\"name\":\"Home\",\"item\":\"https:\/\/rmvapebang.com\/\"},{\"@type\":\"ListItem\",\"position\":2,\"name\":\"Hot Vape Shop\",\"item\":\"https:\/\/rmvapebang.com\/shop-page\/\"},{\"@type\":\"ListItem\",\"position\":3,\"name\":\"UTCO E-cigarette 9000 PUFFS Wholesale Price 9k Vape\"}]},{\"@type\":\"WebSite\",\"@id\":\"https:\/\/rmvapebang.com\/#website\",\"url\":\"https:\/\/rmvapebang.com\/\",\"name\":\"rmvapebang.com\",\"description\":\"buy vape cheap\",\"publisher\":{\"@id\":\"https:\/\/rmvapebang.com\/#organization\"},\"potentialAction\":[{\"@type\":\"SearchAction\",\"target\":{\"@type\":\"EntryPoint\",\"urlTemplate\":\"https:\/\/rmvapebang.com\/?s={search_term_string}\"},\"query-input\":\"required name=search_term_string\"}],\"inLanguage\":\"cs\"},{\"@type\":\"Organization\",\"@id\":\"https:\/\/rmvapebang.com\/#organization\",\"name\":\"rmvapebang.com\",\"url\":\"https:\/\/rmvapebang.com\/\",\"logo\":{\"@type\":\"ImageObject\",\"inLanguage\":\"cs\",\"@id\":\"https:\/\/rmvapebang.com\/#\/schema\/logo\/image\/\",\"url\":\"https:\/\/rmvapebang.com\/wp-content\/uploads\/2024\/03\/cropped-RVBlogo.png\",\"contentUrl\":\"https:\/\/rmvapebang.com\/wp-content\/uploads\/2024\/03\/cropped-RVBlogo.png\",\"width\":507,\"height\":169,\"caption\":\"rmvapebang.com\"},\"image\":{\"@id\":\"https:\/\/rmvapebang.com\/#\/schema\/logo\/image\/\"}}]}<\/script>\n<!-- \/ Yoast SEO plugin. -->","yoast_head_json":{"title":"UTCO E-cigarette 9000 PUFFS Wholesale Price 9k Vape - rmvapebang.com","description":"UTCO E-cigarette 9000 Puffs Wholesale Price 9K Puffs Vape\uff0c2% and 5% nicotine to choose. Contact now to get Wholesale Fast Price of UTCO 9000 vape!","robots":{"index":"index","follow":"follow","max-snippet":"max-snippet:-1","max-image-preview":"max-image-preview:large","max-video-preview":"max-video-preview:-1"},"canonical":"https:\/\/rmvapebang.com\/cs\/product\/utco-e-cigarette-9000-puffs-wholesale-price-9k-vape\/","og_locale":"cs_CZ","og_type":"article","og_title":"UTCO E-cigarette 9000 PUFFS Wholesale Price 9k Vape - rmvapebang.com","og_description":"UTCO E-cigarette 9000 Puffs Wholesale Price 9K Puffs Vape\uff0c2% and 5% nicotine to choose. Contact now to get Wholesale Fast Price of UTCO 9000 vape!","og_url":"https:\/\/rmvapebang.com\/cs\/product\/utco-e-cigarette-9000-puffs-wholesale-price-9k-vape\/","og_site_name":"rmvapebang.com","article_modified_time":"2024-12-14T09:15:04+00:00","og_image":[{"width":1600,"height":1600,"url":"https:\/\/rmvapebang.com\/wp-content\/uploads\/2024\/04\/UTCO-e-cigarette-9000-PUFFS-good-price.jpg","type":"image\/jpeg"}],"twitter_card":"summary_large_image","twitter_misc":{"Odhadovan\u00e1 doba \u010dten\u00ed":"3 minuty"},"schema":{"@context":"https:\/\/schema.org","@graph":[{"@type":"WebPage","@id":"https:\/\/rmvapebang.com\/product\/utco-e-cigarette-9000-puffs-wholesale-price-9k-vape\/","url":"https:\/\/rmvapebang.com\/product\/utco-e-cigarette-9000-puffs-wholesale-price-9k-vape\/","name":"UTCO E-cigarette 9000 PUFFS Wholesale Price 9k Vape - rmvapebang.com","isPartOf":{"@id":"https:\/\/rmvapebang.com\/#website"},"primaryImageOfPage":{"@id":"https:\/\/rmvapebang.com\/product\/utco-e-cigarette-9000-puffs-wholesale-price-9k-vape\/#primaryimage"},"image":{"@id":"https:\/\/rmvapebang.com\/product\/utco-e-cigarette-9000-puffs-wholesale-price-9k-vape\/#primaryimage"},"thumbnailUrl":"https:\/\/rmvapebang.com\/wp-content\/uploads\/2024\/04\/UTCO-e-cigarette-9000-PUFFS-good-price.jpg","datePublished":"2024-04-17T07:41:17+00:00","dateModified":"2024-12-14T09:15:04+00:00","description":"UTCO E-cigarette 9000 Puffs Wholesale Price 9K Puffs Vape\uff0c2% and 5% nicotine to choose. Contact now to get Wholesale Fast Price of UTCO 9000 vape!","breadcrumb":{"@id":"https:\/\/rmvapebang.com\/product\/utco-e-cigarette-9000-puffs-wholesale-price-9k-vape\/#breadcrumb"},"inLanguage":"cs","potentialAction":[{"@type":"ReadAction","target":["https:\/\/rmvapebang.com\/product\/utco-e-cigarette-9000-puffs-wholesale-price-9k-vape\/"]}]},{"@type":"ImageObject","inLanguage":"cs","@id":"https:\/\/rmvapebang.com\/product\/utco-e-cigarette-9000-puffs-wholesale-price-9k-vape\/#primaryimage","url":"https:\/\/rmvapebang.com\/wp-content\/uploads\/2024\/04\/UTCO-e-cigarette-9000-PUFFS-good-price.jpg","contentUrl":"https:\/\/rmvapebang.com\/wp-content\/uploads\/2024\/04\/UTCO-e-cigarette-9000-PUFFS-good-price.jpg","width":1600,"height":1600,"caption":"UTCO e-cigarette 9000 PUFFS good price"},{"@type":"BreadcrumbList","@id":"https:\/\/rmvapebang.com\/product\/utco-e-cigarette-9000-puffs-wholesale-price-9k-vape\/#breadcrumb","itemListElement":[{"@type":"ListItem","position":1,"name":"Home","item":"https:\/\/rmvapebang.com\/"},{"@type":"ListItem","position":2,"name":"Hot Vape Shop","item":"https:\/\/rmvapebang.com\/shop-page\/"},{"@type":"ListItem","position":3,"name":"UTCO E-cigarette 9000 PUFFS Wholesale Price 9k Vape"}]},{"@type":"WebSite","@id":"https:\/\/rmvapebang.com\/#website","url":"https:\/\/rmvapebang.com\/","name":"rmvapebang.com","description":"buy vape cheap","publisher":{"@id":"https:\/\/rmvapebang.com\/#organization"},"potentialAction":[{"@type":"SearchAction","target":{"@type":"EntryPoint","urlTemplate":"https:\/\/rmvapebang.com\/?s={search_term_string}"},"query-input":"required name=search_term_string"}],"inLanguage":"cs"},{"@type":"Organization","@id":"https:\/\/rmvapebang.com\/#organization","name":"rmvapebang.com","url":"https:\/\/rmvapebang.com\/","logo":{"@type":"ImageObject","inLanguage":"cs","@id":"https:\/\/rmvapebang.com\/#\/schema\/logo\/image\/","url":"https:\/\/rmvapebang.com\/wp-content\/uploads\/2024\/03\/cropped-RVBlogo.png","contentUrl":"https:\/\/rmvapebang.com\/wp-content\/uploads\/2024\/03\/cropped-RVBlogo.png","width":507,"height":169,"caption":"rmvapebang.com"},"image":{"@id":"https:\/\/rmvapebang.com\/#\/schema\/logo\/image\/"}}]}},"uagb_featured_image_src":{"full":["https:\/\/rmvapebang.com\/wp-content\/uploads\/2024\/04\/UTCO-e-cigarette-9000-PUFFS-good-price.jpg",1600,1600,false],"thumbnail":["https:\/\/rmvapebang.com\/wp-content\/uploads\/2024\/04\/UTCO-e-cigarette-9000-PUFFS-good-price-150x150.jpg",150,150,true],"medium":["https:\/\/rmvapebang.com\/wp-content\/uploads\/2024\/04\/UTCO-e-cigarette-9000-PUFFS-good-price-300x300.jpg",300,300,true],"medium_large":["https:\/\/rmvapebang.com\/wp-content\/uploads\/2024\/04\/UTCO-e-cigarette-9000-PUFFS-good-price-768x768.jpg",768,768,true],"large":["https:\/\/rmvapebang.com\/wp-content\/uploads\/2024\/04\/UTCO-e-cigarette-9000-PUFFS-good-price-1024x1024.jpg",1024,1024,true],"1536x1536":["https:\/\/rmvapebang.com\/wp-content\/uploads\/2024\/04\/UTCO-e-cigarette-9000-PUFFS-good-price-1536x1536.jpg",1536,1536,true],"2048x2048":["https:\/\/rmvapebang.com\/wp-content\/uploads\/2024\/04\/UTCO-e-cigarette-9000-PUFFS-good-price.jpg",1600,1600,false],"trp-custom-language-flag":["https:\/\/rmvapebang.com\/wp-content\/uploads\/2024\/04\/UTCO-e-cigarette-9000-PUFFS-good-price.jpg",12,12,false],"woocommerce_thumbnail":["https:\/\/rmvapebang.com\/wp-content\/uploads\/2024\/04\/UTCO-e-cigarette-9000-PUFFS-good-price-300x300.jpg",300,300,true],"woocommerce_single":["https:\/\/rmvapebang.com\/wp-content\/uploads\/2024\/04\/UTCO-e-cigarette-9000-PUFFS-good-price-600x600.jpg",600,600,true],"woocommerce_gallery_thumbnail":["https:\/\/rmvapebang.com\/wp-content\/uploads\/2024\/04\/UTCO-e-cigarette-9000-PUFFS-good-price-100x100.jpg",100,100,true],"wcpr-photo-reviews":["https:\/\/rmvapebang.com\/wp-content\/uploads\/2024\/04\/UTCO-e-cigarette-9000-PUFFS-good-price.jpg",500,500,false]},"uagb_author_info":{"display_name":"Lyn","author_link":"https:\/\/rmvapebang.com\/cs\/author\/"},"uagb_comment_info":0,"uagb_excerpt":"UTCO E-cigarette 9000 Puffs Wholesale Price Vape Rechargeable UTCO E-cigarette 9000 Puff is a high-capacity rechargeable vape device offering 9000 puffs with 50 flavors and 2%\/5% nicotine levels. Whatsapp:+86 17840853976 Scan on whatsapp for New Client coupon","_links":{"self":[{"href":"https:\/\/rmvapebang.com\/cs\/wp-json\/wp\/v2\/product\/2124","targetHints":{"allow":["GET"]}}],"collection":[{"href":"https:\/\/rmvapebang.com\/cs\/wp-json\/wp\/v2\/product"}],"about":[{"href":"https:\/\/rmvapebang.com\/cs\/wp-json\/wp\/v2\/types\/product"}],"replies":[{"embeddable":true,"href":"https:\/\/rmvapebang.com\/cs\/wp-json\/wp\/v2\/comments?post=2124"}],"wp:featuredmedia":[{"embeddable":true,"href":"https:\/\/rmvapebang.com\/cs\/wp-json\/wp\/v2\/media\/2126"}],"wp:attachment":[{"href":"https:\/\/rmvapebang.com\/cs\/wp-json\/wp\/v2\/media?parent=2124"}],"wp:term":[{"taxonomy":"product_brand","embeddable":true,"href":"https:\/\/rmvapebang.com\/cs\/wp-json\/wp\/v2\/product_brand?post=2124"},{"taxonomy":"product_cat","embeddable":true,"href":"https:\/\/rmvapebang.com\/cs\/wp-json\/wp\/v2\/product_cat?post=2124"},{"taxonomy":"product_tag","embeddable":true,"href":"https:\/\/rmvapebang.com\/cs\/wp-json\/wp\/v2\/product_tag?post=2124"}],"curies":[{"name":"wp","href":"https:\/\/api.w.org\/{rel}","templated":true}]}}